{"id":875,"date":"2017-10-31T16:02:16","date_gmt":"2017-10-31T15:02:16","guid":{"rendered":"http:\/\/jemnezrozeni.cz\/?post_type=product&#038;p=875"},"modified":"2023-01-22T09:50:44","modified_gmt":"2023-01-22T08:50:44","slug":"vbac","status":"publish","type":"product","link":"https:\/\/jemnezrozeni.cz\/en\/produkt\/vbac\/","title":{"rendered":"VBAC &#8211; vagin\u00e1ln\u00ed porod po c\u00edsa\u0159sk\u00e9m \u0159ezu"},"content":{"rendered":"<p>Jedn\u00e1 se o soubor dvou nahr\u00e1vek, kter\u00e9 v\u00e1m pomohou s p\u0159\u00edpravou na vagin\u00e1ln\u00ed porod po c\u00edsa\u0159sk\u00e9m \u0159ezu.<\/p>\n<p>Prvn\u00ed nahr\u00e1vka (VBAC I) je uvol\u0148uj\u00edc\u00ed, relaxa\u010dn\u00ed a tak\u00e9 o\u010di\u0161\u0165uj\u00edc\u00ed. Pracujte s touto nahr\u00e1vkou po 20 t\u00fddnu d\u00e1le. Tato nahr\u00e1vka v\u00e1m pom\u016f\u017ee p\u0159ekonat negativn\u00ed emoce a probl\u00e9my t\u00fdkaj\u00edc\u00ed se va\u0161eho p\u0159ede\u0161l\u00e9ho c\u00edsa\u0159sk\u00e9ho \u0159ezu. Pom\u016f\u017ee v\u00e1m tak\u00e9 rozpoznat obavy a strachy, kter\u00e9 jsou p\u0159\u00edmo spojeny s minulou zku\u0161enost\u00ed a krok po kroku v\u00e1s provede a\u017e do oprost\u011bn\u00ed se od t\u011bchto strach\u016f a obav. Vy\u010dist\u00ed v\u00e1m tak cestu a t\u00edm v\u00e1m pom\u016f\u017ee zv\u00fd\u0161it d\u016fv\u011bru a v\u00edru ve sv\u00e9 t\u011blo a jeho schopnost vagin\u00e1ln\u00edho porodu.\u00a0(d\u00e9lka nahr\u00e1vky 32:14 minut)<\/p>\n<p>Druh\u00e1 \u010d\u00e1st (VBAC II) v\u00e1s provede vizualizac\u00ed vagin\u00e1ln\u00edho porodu a pom\u016f\u017ee v\u00e1m z\u00edskat vnit\u0159n\u00ed klid, pocit kontroly nad cel\u00fdm procesem a schopnost efektivn\u011b komunikovat a rozhodovat se klidn\u011b a jasn\u011b. S touto nahr\u00e1vkou pracujte od t\u00fddne 32 a\u017e do porodu.\u00a0(d\u00e9lka nahr\u00e1vky 11:47 minut)<\/p>\n<p>VBAC Pros\u00edm neposlouchejte tuto relaxaci p\u0159i \u0159\u00edzen\u00ed auta nebo stroje, proto\u017ee se p\u0159i t\u00e9to relaxaci dostanete do hypnotick\u00e9ho uvoln\u011bn\u00ed. Jedn\u00e1 se o mluven\u00e9 slovo ve form\u00e1tu MP3.<\/p>\n","protected":false},"excerpt":{"rendered":"<p>Jedn\u00e1 se o soubor dvou nahr\u00e1vek, kter\u00e9 v\u00e1m pomohou s p\u0159\u00edpravou na vagin\u00e1ln\u00ed porod po c\u00edsa\u0159sk\u00e9m \u0159ezu. Prvn\u00ed nahr\u00e1vka (VBAC I) je uvol\u0148uj\u00edc\u00ed, relaxa\u010dn\u00ed a tak\u00e9 o\u010di\u0161\u0165uj\u00edc\u00ed. Pracujte s touto nahr\u00e1vkou po 20 t\u00fddnu d\u00e1le. Tato nahr\u00e1vka v\u00e1m pom\u016f\u017ee p\u0159ekonat negativn\u00ed emoce a probl\u00e9my t\u00fdkaj\u00edc\u00ed se va\u0161eho p\u0159ede\u0161l\u00e9ho c\u00edsa\u0159sk\u00e9ho \u0159ezu. Pom\u016f\u017ee v\u00e1m tak\u00e9 rozpoznat obavy [&hellip;]<\/p>\n","protected":false},"featured_media":5860,"comment_status":"open","ping_status":"closed","template":"","meta":{"_acf_changed":false},"product_brand":[],"product_cat":[40],"product_tag":[],"class_list":{"0":"post-875","1":"product","2":"type-product","3":"status-publish","4":"has-post-thumbnail","6":"product_cat-mp3-nahravky","8":"first","9":"instock","10":"downloadable","11":"virtual","12":"taxable","13":"purchasable","14":"product-type-simple"},"acf":[],"yoast_head":"<!-- This site is optimized with the Yoast SEO plugin v27.3 - https:\/\/yoast.com\/product\/yoast-seo-wordpress\/ -->\n<title>VBAC - vagin\u00e1ln\u00ed porod po c\u00edsa\u0159sk\u00e9m \u0159ezu - Jemn\u00e9 Zrozen\u00ed<\/title>\n<meta name=\"robots\" content=\"index, follow, max-snippet:-1, max-image-preview:large, max-video-preview:-1\" \/>\n<link rel=\"canonical\" href=\"https:\/\/jemnezrozeni.cz\/produkt\/vbac\/\" \/>\n<meta property=\"og:locale\" content=\"en_US\" \/>\n<meta property=\"og:type\" content=\"article\" \/>\n<meta property=\"og:title\" content=\"VBAC - vagin\u00e1ln\u00ed porod po c\u00edsa\u0159sk\u00e9m \u0159ezu - Jemn\u00e9 Zrozen\u00ed\" \/>\n<meta property=\"og:description\" content=\"Jedn\u00e1 se o soubor dvou nahr\u00e1vek, kter\u00e9 v\u00e1m pomohou s p\u0159\u00edpravou na vagin\u00e1ln\u00ed porod po c\u00edsa\u0159sk\u00e9m \u0159ezu. Prvn\u00ed nahr\u00e1vka (VBAC I) je uvol\u0148uj\u00edc\u00ed, relaxa\u010dn\u00ed a tak\u00e9 o\u010di\u0161\u0165uj\u00edc\u00ed. Pracujte s touto nahr\u00e1vkou po 20 t\u00fddnu d\u00e1le. Tato nahr\u00e1vka v\u00e1m pom\u016f\u017ee p\u0159ekonat negativn\u00ed emoce a probl\u00e9my t\u00fdkaj\u00edc\u00ed se va\u0161eho p\u0159ede\u0161l\u00e9ho c\u00edsa\u0159sk\u00e9ho \u0159ezu. Pom\u016f\u017ee v\u00e1m tak\u00e9 rozpoznat obavy [&hellip;]\" \/>\n<meta property=\"og:url\" content=\"https:\/\/jemnezrozeni.cz\/produkt\/vbac\/\" \/>\n<meta property=\"og:site_name\" content=\"Jemn\u00e9 Zrozen\u00ed\" \/>\n<meta property=\"article:modified_time\" content=\"2023-01-22T08:50:44+00:00\" \/>\n<meta property=\"og:image\" content=\"https:\/\/jemnezrozeni.cz\/wp-content\/uploads\/2017\/10\/istock_66931205_small.jpg\" \/>\n\t<meta property=\"og:image:width\" content=\"714\" \/>\n\t<meta property=\"og:image:height\" content=\"430\" \/>\n\t<meta property=\"og:image:type\" content=\"image\/jpeg\" \/>\n<meta name=\"twitter:card\" content=\"summary_large_image\" \/>\n<meta name=\"twitter:label1\" content=\"Est. reading time\" \/>\n\t<meta name=\"twitter:data1\" content=\"1 minute\" \/>\n<script type=\"application\/ld+json\" class=\"yoast-schema-graph\">{\"@context\":\"https:\\\/\\\/schema.org\",\"@graph\":[{\"@type\":\"WebPage\",\"@id\":\"https:\\\/\\\/jemnezrozeni.cz\\\/produkt\\\/vbac\\\/\",\"url\":\"https:\\\/\\\/jemnezrozeni.cz\\\/produkt\\\/vbac\\\/\",\"name\":\"VBAC - vagin\u00e1ln\u00ed porod po c\u00edsa\u0159sk\u00e9m \u0159ezu - Jemn\u00e9 Zrozen\u00ed\",\"isPartOf\":{\"@id\":\"https:\\\/\\\/jemnezrozeni.cz\\\/#website\"},\"primaryImageOfPage\":{\"@id\":\"https:\\\/\\\/jemnezrozeni.cz\\\/produkt\\\/vbac\\\/#primaryimage\"},\"image\":{\"@id\":\"https:\\\/\\\/jemnezrozeni.cz\\\/produkt\\\/vbac\\\/#primaryimage\"},\"thumbnailUrl\":\"https:\\\/\\\/jemnezrozeni.cz\\\/wp-content\\\/uploads\\\/2017\\\/10\\\/istock_66931205_small.jpg\",\"datePublished\":\"2017-10-31T15:02:16+00:00\",\"dateModified\":\"2023-01-22T08:50:44+00:00\",\"breadcrumb\":{\"@id\":\"https:\\\/\\\/jemnezrozeni.cz\\\/produkt\\\/vbac\\\/#breadcrumb\"},\"inLanguage\":\"en-US\",\"potentialAction\":[{\"@type\":\"ReadAction\",\"target\":[\"https:\\\/\\\/jemnezrozeni.cz\\\/produkt\\\/vbac\\\/\"]}]},{\"@type\":\"ImageObject\",\"inLanguage\":\"en-US\",\"@id\":\"https:\\\/\\\/jemnezrozeni.cz\\\/produkt\\\/vbac\\\/#primaryimage\",\"url\":\"https:\\\/\\\/jemnezrozeni.cz\\\/wp-content\\\/uploads\\\/2017\\\/10\\\/istock_66931205_small.jpg\",\"contentUrl\":\"https:\\\/\\\/jemnezrozeni.cz\\\/wp-content\\\/uploads\\\/2017\\\/10\\\/istock_66931205_small.jpg\",\"width\":714,\"height\":430,\"caption\":\"Pregnant woman relaxing in nature on a beautiful sunny day.A crop of a pregnant woman's stomach with field in the background.\"},{\"@type\":\"BreadcrumbList\",\"@id\":\"https:\\\/\\\/jemnezrozeni.cz\\\/produkt\\\/vbac\\\/#breadcrumb\",\"itemListElement\":[{\"@type\":\"ListItem\",\"position\":1,\"name\":\"Dom\u016f\",\"item\":\"https:\\\/\\\/jemnezrozeni.cz\\\/en\\\/\"},{\"@type\":\"ListItem\",\"position\":2,\"name\":\"Obchod\",\"item\":\"https:\\\/\\\/jemnezrozeni.cz\\\/obchod\\\/\"},{\"@type\":\"ListItem\",\"position\":3,\"name\":\"VBAC &#8211; vagin\u00e1ln\u00ed porod po c\u00edsa\u0159sk\u00e9m \u0159ezu\"}]},{\"@type\":\"WebSite\",\"@id\":\"https:\\\/\\\/jemnezrozeni.cz\\\/#website\",\"url\":\"https:\\\/\\\/jemnezrozeni.cz\\\/\",\"name\":\"Jemn\u00e9 Zrozen\u00ed\",\"description\":\"Kompletn\u00ed p\u0159edporodn\u00ed p\u0159\u00edprava s Hypnoporodem\",\"publisher\":{\"@id\":\"https:\\\/\\\/jemnezrozeni.cz\\\/#organization\"},\"potentialAction\":[{\"@type\":\"SearchAction\",\"target\":{\"@type\":\"EntryPoint\",\"urlTemplate\":\"https:\\\/\\\/jemnezrozeni.cz\\\/?s={search_term_string}\"},\"query-input\":{\"@type\":\"PropertyValueSpecification\",\"valueRequired\":true,\"valueName\":\"search_term_string\"}}],\"inLanguage\":\"en-US\"},{\"@type\":\"Organization\",\"@id\":\"https:\\\/\\\/jemnezrozeni.cz\\\/#organization\",\"name\":\"Jemn\u00e9 Zrozen\u00ed\",\"url\":\"https:\\\/\\\/jemnezrozeni.cz\\\/\",\"logo\":{\"@type\":\"ImageObject\",\"inLanguage\":\"en-US\",\"@id\":\"https:\\\/\\\/jemnezrozeni.cz\\\/#\\\/schema\\\/logo\\\/image\\\/\",\"url\":\"https:\\\/\\\/jemnezrozeni.cz\\\/wp-content\\\/uploads\\\/2017\\\/07\\\/5105fe_e925fe50f82f46d4993b5ed5c97281a9-mv2.jpg\",\"contentUrl\":\"https:\\\/\\\/jemnezrozeni.cz\\\/wp-content\\\/uploads\\\/2017\\\/07\\\/5105fe_e925fe50f82f46d4993b5ed5c97281a9-mv2.jpg\",\"width\":350,\"height\":250,\"caption\":\"Jemn\u00e9 Zrozen\u00ed\"},\"image\":{\"@id\":\"https:\\\/\\\/jemnezrozeni.cz\\\/#\\\/schema\\\/logo\\\/image\\\/\"}}]}<\/script>\n<!-- \/ Yoast SEO plugin. -->","yoast_head_json":{"title":"VBAC - vagin\u00e1ln\u00ed porod po c\u00edsa\u0159sk\u00e9m \u0159ezu - Jemn\u00e9 Zrozen\u00ed","robots":{"index":"index","follow":"follow","max-snippet":"max-snippet:-1","max-image-preview":"max-image-preview:large","max-video-preview":"max-video-preview:-1"},"canonical":"https:\/\/jemnezrozeni.cz\/produkt\/vbac\/","og_locale":"en_US","og_type":"article","og_title":"VBAC - vagin\u00e1ln\u00ed porod po c\u00edsa\u0159sk\u00e9m \u0159ezu - Jemn\u00e9 Zrozen\u00ed","og_description":"Jedn\u00e1 se o soubor dvou nahr\u00e1vek, kter\u00e9 v\u00e1m pomohou s p\u0159\u00edpravou na vagin\u00e1ln\u00ed porod po c\u00edsa\u0159sk\u00e9m \u0159ezu. Prvn\u00ed nahr\u00e1vka (VBAC I) je uvol\u0148uj\u00edc\u00ed, relaxa\u010dn\u00ed a tak\u00e9 o\u010di\u0161\u0165uj\u00edc\u00ed. Pracujte s touto nahr\u00e1vkou po 20 t\u00fddnu d\u00e1le. Tato nahr\u00e1vka v\u00e1m pom\u016f\u017ee p\u0159ekonat negativn\u00ed emoce a probl\u00e9my t\u00fdkaj\u00edc\u00ed se va\u0161eho p\u0159ede\u0161l\u00e9ho c\u00edsa\u0159sk\u00e9ho \u0159ezu. Pom\u016f\u017ee v\u00e1m tak\u00e9 rozpoznat obavy [&hellip;]","og_url":"https:\/\/jemnezrozeni.cz\/produkt\/vbac\/","og_site_name":"Jemn\u00e9 Zrozen\u00ed","article_modified_time":"2023-01-22T08:50:44+00:00","og_image":[{"width":714,"height":430,"url":"https:\/\/jemnezrozeni.cz\/wp-content\/uploads\/2017\/10\/istock_66931205_small.jpg","type":"image\/jpeg"}],"twitter_card":"summary_large_image","twitter_misc":{"Est. reading time":"1 minute"},"schema":{"@context":"https:\/\/schema.org","@graph":[{"@type":"WebPage","@id":"https:\/\/jemnezrozeni.cz\/produkt\/vbac\/","url":"https:\/\/jemnezrozeni.cz\/produkt\/vbac\/","name":"VBAC - vagin\u00e1ln\u00ed porod po c\u00edsa\u0159sk\u00e9m \u0159ezu - Jemn\u00e9 Zrozen\u00ed","isPartOf":{"@id":"https:\/\/jemnezrozeni.cz\/#website"},"primaryImageOfPage":{"@id":"https:\/\/jemnezrozeni.cz\/produkt\/vbac\/#primaryimage"},"image":{"@id":"https:\/\/jemnezrozeni.cz\/produkt\/vbac\/#primaryimage"},"thumbnailUrl":"https:\/\/jemnezrozeni.cz\/wp-content\/uploads\/2017\/10\/istock_66931205_small.jpg","datePublished":"2017-10-31T15:02:16+00:00","dateModified":"2023-01-22T08:50:44+00:00","breadcrumb":{"@id":"https:\/\/jemnezrozeni.cz\/produkt\/vbac\/#breadcrumb"},"inLanguage":"en-US","potentialAction":[{"@type":"ReadAction","target":["https:\/\/jemnezrozeni.cz\/produkt\/vbac\/"]}]},{"@type":"ImageObject","inLanguage":"en-US","@id":"https:\/\/jemnezrozeni.cz\/produkt\/vbac\/#primaryimage","url":"https:\/\/jemnezrozeni.cz\/wp-content\/uploads\/2017\/10\/istock_66931205_small.jpg","contentUrl":"https:\/\/jemnezrozeni.cz\/wp-content\/uploads\/2017\/10\/istock_66931205_small.jpg","width":714,"height":430,"caption":"Pregnant woman relaxing in nature on a beautiful sunny day.A crop of a pregnant woman's stomach with field in the background."},{"@type":"BreadcrumbList","@id":"https:\/\/jemnezrozeni.cz\/produkt\/vbac\/#breadcrumb","itemListElement":[{"@type":"ListItem","position":1,"name":"Dom\u016f","item":"https:\/\/jemnezrozeni.cz\/en\/"},{"@type":"ListItem","position":2,"name":"Obchod","item":"https:\/\/jemnezrozeni.cz\/obchod\/"},{"@type":"ListItem","position":3,"name":"VBAC &#8211; vagin\u00e1ln\u00ed porod po c\u00edsa\u0159sk\u00e9m \u0159ezu"}]},{"@type":"WebSite","@id":"https:\/\/jemnezrozeni.cz\/#website","url":"https:\/\/jemnezrozeni.cz\/","name":"Jemn\u00e9 Zrozen\u00ed","description":"Kompletn\u00ed p\u0159edporodn\u00ed p\u0159\u00edprava s Hypnoporodem","publisher":{"@id":"https:\/\/jemnezrozeni.cz\/#organization"},"potentialAction":[{"@type":"SearchAction","target":{"@type":"EntryPoint","urlTemplate":"https:\/\/jemnezrozeni.cz\/?s={search_term_string}"},"query-input":{"@type":"PropertyValueSpecification","valueRequired":true,"valueName":"search_term_string"}}],"inLanguage":"en-US"},{"@type":"Organization","@id":"https:\/\/jemnezrozeni.cz\/#organization","name":"Jemn\u00e9 Zrozen\u00ed","url":"https:\/\/jemnezrozeni.cz\/","logo":{"@type":"ImageObject","inLanguage":"en-US","@id":"https:\/\/jemnezrozeni.cz\/#\/schema\/logo\/image\/","url":"https:\/\/jemnezrozeni.cz\/wp-content\/uploads\/2017\/07\/5105fe_e925fe50f82f46d4993b5ed5c97281a9-mv2.jpg","contentUrl":"https:\/\/jemnezrozeni.cz\/wp-content\/uploads\/2017\/07\/5105fe_e925fe50f82f46d4993b5ed5c97281a9-mv2.jpg","width":350,"height":250,"caption":"Jemn\u00e9 Zrozen\u00ed"},"image":{"@id":"https:\/\/jemnezrozeni.cz\/#\/schema\/logo\/image\/"}}]}},"_links":{"self":[{"href":"https:\/\/jemnezrozeni.cz\/en\/wp-json\/wp\/v2\/product\/875","targetHints":{"allow":["GET"]}}],"collection":[{"href":"https:\/\/jemnezrozeni.cz\/en\/wp-json\/wp\/v2\/product"}],"about":[{"href":"https:\/\/jemnezrozeni.cz\/en\/wp-json\/wp\/v2\/types\/product"}],"replies":[{"embeddable":true,"href":"https:\/\/jemnezrozeni.cz\/en\/wp-json\/wp\/v2\/comments?post=875"}],"wp:featuredmedia":[{"embeddable":true,"href":"https:\/\/jemnezrozeni.cz\/en\/wp-json\/wp\/v2\/media\/5860"}],"wp:attachment":[{"href":"https:\/\/jemnezrozeni.cz\/en\/wp-json\/wp\/v2\/media?parent=875"}],"wp:term":[{"taxonomy":"product_brand","embeddable":true,"href":"https:\/\/jemnezrozeni.cz\/en\/wp-json\/wp\/v2\/product_brand?post=875"},{"taxonomy":"product_cat","embeddable":true,"href":"https:\/\/jemnezrozeni.cz\/en\/wp-json\/wp\/v2\/product_cat?post=875"},{"taxonomy":"product_tag","embeddable":true,"href":"https:\/\/jemnezrozeni.cz\/en\/wp-json\/wp\/v2\/product_tag?post=875"}],"curies":[{"name":"wp","href":"https:\/\/api.w.org\/{rel}","templated":true}]}}