{"id":874,"date":"2017-10-31T14:40:56","date_gmt":"2017-10-31T13:40:56","guid":{"rendered":"http:\/\/jemnezrozeni.cz\/?post_type=product&#038;p=874"},"modified":"2023-01-22T09:51:13","modified_gmt":"2023-01-22T08:51:13","slug":"zahrada-snu","status":"publish","type":"product","link":"https:\/\/jemnezrozeni.cz\/en\/produkt\/zahrada-snu\/","title":{"rendered":"Zahrada sn\u016f"},"content":{"rendered":"<p>Z\u00e1kladn\u00ed relaxace Jemn\u00e9ho Zrozen\u00ed, kter\u00e1 se poslouch\u00e1 ka\u017ed\u00fd ve\u010der. Ulehn\u011bte do postele, uvelebte se a pus\u0165te si tuto relaxaci. Klidn\u011b spokojen\u011b usn\u011bte. Tato relaxace se pou\u017e\u00edv\u00e1 p\u0159i p\u0159\u00edprav\u011b na porod. Doporu\u010duji tuto relaxaci kombinovat s nahr\u00e1vkou Afirmace pro \u0161\u0165astn\u00e9 a zdrav\u00e9 t\u011bhotenstv\u00ed. Jedn\u00e1 se o mluven\u00e9 slovo. Pros\u00edm neposlouchejte tuto nahr\u00e1vku p\u0159i \u0159\u00edzen\u00ed auta nebo p\u0159i obsluze stroje. Tato relaxace je ve form\u00e1tu MP3 (d\u00e9lka nahr\u00e1vky 29:27 minut).<\/p>\n","protected":false},"excerpt":{"rendered":"<p>Z\u00e1kladn\u00ed relaxace Jemn\u00e9ho Zrozen\u00ed, kter\u00e1 se poslouch\u00e1 ka\u017ed\u00fd ve\u010der. Ulehn\u011bte do postele, uvelebte se a pus\u0165te si tuto relaxaci. Klidn\u011b spokojen\u011b usn\u011bte. Tato relaxace se pou\u017e\u00edv\u00e1 p\u0159i p\u0159\u00edprav\u011b na porod. Doporu\u010duji tuto relaxaci kombinovat s nahr\u00e1vkou Afirmace pro \u0161\u0165astn\u00e9 a zdrav\u00e9 t\u011bhotenstv\u00ed. Jedn\u00e1 se o mluven\u00e9 slovo. Pros\u00edm neposlouchejte tuto nahr\u00e1vku p\u0159i \u0159\u00edzen\u00ed auta nebo [&hellip;]<\/p>\n","protected":false},"featured_media":965,"comment_status":"open","ping_status":"closed","template":"","meta":{"_acf_changed":false},"product_brand":[],"product_cat":[40],"product_tag":[],"class_list":{"0":"post-874","1":"product","2":"type-product","3":"status-publish","4":"has-post-thumbnail","6":"product_cat-mp3-nahravky","8":"first","9":"instock","10":"featured","11":"downloadable","12":"virtual","13":"taxable","14":"purchasable","15":"product-type-simple"},"acf":[],"yoast_head":"<!-- This site is optimized with the Yoast SEO plugin v27.3 - https:\/\/yoast.com\/product\/yoast-seo-wordpress\/ -->\n<title>Zahrada sn\u016f - Jemn\u00e9 Zrozen\u00ed<\/title>\n<meta name=\"robots\" content=\"index, follow, max-snippet:-1, max-image-preview:large, max-video-preview:-1\" \/>\n<link rel=\"canonical\" href=\"https:\/\/jemnezrozeni.cz\/produkt\/zahrada-snu\/\" \/>\n<meta property=\"og:locale\" content=\"en_US\" \/>\n<meta property=\"og:type\" content=\"article\" \/>\n<meta property=\"og:title\" content=\"Zahrada sn\u016f - Jemn\u00e9 Zrozen\u00ed\" \/>\n<meta property=\"og:description\" content=\"Z\u00e1kladn\u00ed relaxace Jemn\u00e9ho Zrozen\u00ed, kter\u00e1 se poslouch\u00e1 ka\u017ed\u00fd ve\u010der. Ulehn\u011bte do postele, uvelebte se a pus\u0165te si tuto relaxaci. Klidn\u011b spokojen\u011b usn\u011bte. Tato relaxace se pou\u017e\u00edv\u00e1 p\u0159i p\u0159\u00edprav\u011b na porod. Doporu\u010duji tuto relaxaci kombinovat s nahr\u00e1vkou Afirmace pro \u0161\u0165astn\u00e9 a zdrav\u00e9 t\u011bhotenstv\u00ed. Jedn\u00e1 se o mluven\u00e9 slovo. Pros\u00edm neposlouchejte tuto nahr\u00e1vku p\u0159i \u0159\u00edzen\u00ed auta nebo [&hellip;]\" \/>\n<meta property=\"og:url\" content=\"https:\/\/jemnezrozeni.cz\/produkt\/zahrada-snu\/\" \/>\n<meta property=\"og:site_name\" content=\"Jemn\u00e9 Zrozen\u00ed\" \/>\n<meta property=\"article:modified_time\" content=\"2023-01-22T08:51:13+00:00\" \/>\n<meta property=\"og:image\" content=\"https:\/\/jemnezrozeni.cz\/wp-content\/uploads\/2017\/10\/anemone-1533515_1920.jpg\" \/>\n\t<meta property=\"og:image:width\" content=\"1920\" \/>\n\t<meta property=\"og:image:height\" content=\"1279\" \/>\n\t<meta property=\"og:image:type\" content=\"image\/jpeg\" \/>\n<meta name=\"twitter:card\" content=\"summary_large_image\" \/>\n<script type=\"application\/ld+json\" class=\"yoast-schema-graph\">{\"@context\":\"https:\\\/\\\/schema.org\",\"@graph\":[{\"@type\":\"WebPage\",\"@id\":\"https:\\\/\\\/jemnezrozeni.cz\\\/produkt\\\/zahrada-snu\\\/\",\"url\":\"https:\\\/\\\/jemnezrozeni.cz\\\/produkt\\\/zahrada-snu\\\/\",\"name\":\"Zahrada sn\u016f - Jemn\u00e9 Zrozen\u00ed\",\"isPartOf\":{\"@id\":\"https:\\\/\\\/jemnezrozeni.cz\\\/#website\"},\"primaryImageOfPage\":{\"@id\":\"https:\\\/\\\/jemnezrozeni.cz\\\/produkt\\\/zahrada-snu\\\/#primaryimage\"},\"image\":{\"@id\":\"https:\\\/\\\/jemnezrozeni.cz\\\/produkt\\\/zahrada-snu\\\/#primaryimage\"},\"thumbnailUrl\":\"https:\\\/\\\/jemnezrozeni.cz\\\/wp-content\\\/uploads\\\/2017\\\/10\\\/anemone-1533515_1920.jpg\",\"datePublished\":\"2017-10-31T13:40:56+00:00\",\"dateModified\":\"2023-01-22T08:51:13+00:00\",\"breadcrumb\":{\"@id\":\"https:\\\/\\\/jemnezrozeni.cz\\\/produkt\\\/zahrada-snu\\\/#breadcrumb\"},\"inLanguage\":\"en-US\",\"potentialAction\":[{\"@type\":\"ReadAction\",\"target\":[\"https:\\\/\\\/jemnezrozeni.cz\\\/produkt\\\/zahrada-snu\\\/\"]}]},{\"@type\":\"ImageObject\",\"inLanguage\":\"en-US\",\"@id\":\"https:\\\/\\\/jemnezrozeni.cz\\\/produkt\\\/zahrada-snu\\\/#primaryimage\",\"url\":\"https:\\\/\\\/jemnezrozeni.cz\\\/wp-content\\\/uploads\\\/2017\\\/10\\\/anemone-1533515_1920.jpg\",\"contentUrl\":\"https:\\\/\\\/jemnezrozeni.cz\\\/wp-content\\\/uploads\\\/2017\\\/10\\\/anemone-1533515_1920.jpg\",\"width\":1920,\"height\":1279},{\"@type\":\"BreadcrumbList\",\"@id\":\"https:\\\/\\\/jemnezrozeni.cz\\\/produkt\\\/zahrada-snu\\\/#breadcrumb\",\"itemListElement\":[{\"@type\":\"ListItem\",\"position\":1,\"name\":\"Dom\u016f\",\"item\":\"https:\\\/\\\/jemnezrozeni.cz\\\/en\\\/\"},{\"@type\":\"ListItem\",\"position\":2,\"name\":\"Obchod\",\"item\":\"https:\\\/\\\/jemnezrozeni.cz\\\/obchod\\\/\"},{\"@type\":\"ListItem\",\"position\":3,\"name\":\"Zahrada sn\u016f\"}]},{\"@type\":\"WebSite\",\"@id\":\"https:\\\/\\\/jemnezrozeni.cz\\\/#website\",\"url\":\"https:\\\/\\\/jemnezrozeni.cz\\\/\",\"name\":\"Jemn\u00e9 Zrozen\u00ed\",\"description\":\"Kompletn\u00ed p\u0159edporodn\u00ed p\u0159\u00edprava s Hypnoporodem\",\"publisher\":{\"@id\":\"https:\\\/\\\/jemnezrozeni.cz\\\/#organization\"},\"potentialAction\":[{\"@type\":\"SearchAction\",\"target\":{\"@type\":\"EntryPoint\",\"urlTemplate\":\"https:\\\/\\\/jemnezrozeni.cz\\\/?s={search_term_string}\"},\"query-input\":{\"@type\":\"PropertyValueSpecification\",\"valueRequired\":true,\"valueName\":\"search_term_string\"}}],\"inLanguage\":\"en-US\"},{\"@type\":\"Organization\",\"@id\":\"https:\\\/\\\/jemnezrozeni.cz\\\/#organization\",\"name\":\"Jemn\u00e9 Zrozen\u00ed\",\"url\":\"https:\\\/\\\/jemnezrozeni.cz\\\/\",\"logo\":{\"@type\":\"ImageObject\",\"inLanguage\":\"en-US\",\"@id\":\"https:\\\/\\\/jemnezrozeni.cz\\\/#\\\/schema\\\/logo\\\/image\\\/\",\"url\":\"https:\\\/\\\/jemnezrozeni.cz\\\/wp-content\\\/uploads\\\/2017\\\/07\\\/5105fe_e925fe50f82f46d4993b5ed5c97281a9-mv2.jpg\",\"contentUrl\":\"https:\\\/\\\/jemnezrozeni.cz\\\/wp-content\\\/uploads\\\/2017\\\/07\\\/5105fe_e925fe50f82f46d4993b5ed5c97281a9-mv2.jpg\",\"width\":350,\"height\":250,\"caption\":\"Jemn\u00e9 Zrozen\u00ed\"},\"image\":{\"@id\":\"https:\\\/\\\/jemnezrozeni.cz\\\/#\\\/schema\\\/logo\\\/image\\\/\"}}]}<\/script>\n<!-- \/ Yoast SEO plugin. -->","yoast_head_json":{"title":"Zahrada sn\u016f - Jemn\u00e9 Zrozen\u00ed","robots":{"index":"index","follow":"follow","max-snippet":"max-snippet:-1","max-image-preview":"max-image-preview:large","max-video-preview":"max-video-preview:-1"},"canonical":"https:\/\/jemnezrozeni.cz\/produkt\/zahrada-snu\/","og_locale":"en_US","og_type":"article","og_title":"Zahrada sn\u016f - Jemn\u00e9 Zrozen\u00ed","og_description":"Z\u00e1kladn\u00ed relaxace Jemn\u00e9ho Zrozen\u00ed, kter\u00e1 se poslouch\u00e1 ka\u017ed\u00fd ve\u010der. Ulehn\u011bte do postele, uvelebte se a pus\u0165te si tuto relaxaci. Klidn\u011b spokojen\u011b usn\u011bte. Tato relaxace se pou\u017e\u00edv\u00e1 p\u0159i p\u0159\u00edprav\u011b na porod. Doporu\u010duji tuto relaxaci kombinovat s nahr\u00e1vkou Afirmace pro \u0161\u0165astn\u00e9 a zdrav\u00e9 t\u011bhotenstv\u00ed. Jedn\u00e1 se o mluven\u00e9 slovo. Pros\u00edm neposlouchejte tuto nahr\u00e1vku p\u0159i \u0159\u00edzen\u00ed auta nebo [&hellip;]","og_url":"https:\/\/jemnezrozeni.cz\/produkt\/zahrada-snu\/","og_site_name":"Jemn\u00e9 Zrozen\u00ed","article_modified_time":"2023-01-22T08:51:13+00:00","og_image":[{"width":1920,"height":1279,"url":"https:\/\/jemnezrozeni.cz\/wp-content\/uploads\/2017\/10\/anemone-1533515_1920.jpg","type":"image\/jpeg"}],"twitter_card":"summary_large_image","schema":{"@context":"https:\/\/schema.org","@graph":[{"@type":"WebPage","@id":"https:\/\/jemnezrozeni.cz\/produkt\/zahrada-snu\/","url":"https:\/\/jemnezrozeni.cz\/produkt\/zahrada-snu\/","name":"Zahrada sn\u016f - Jemn\u00e9 Zrozen\u00ed","isPartOf":{"@id":"https:\/\/jemnezrozeni.cz\/#website"},"primaryImageOfPage":{"@id":"https:\/\/jemnezrozeni.cz\/produkt\/zahrada-snu\/#primaryimage"},"image":{"@id":"https:\/\/jemnezrozeni.cz\/produkt\/zahrada-snu\/#primaryimage"},"thumbnailUrl":"https:\/\/jemnezrozeni.cz\/wp-content\/uploads\/2017\/10\/anemone-1533515_1920.jpg","datePublished":"2017-10-31T13:40:56+00:00","dateModified":"2023-01-22T08:51:13+00:00","breadcrumb":{"@id":"https:\/\/jemnezrozeni.cz\/produkt\/zahrada-snu\/#breadcrumb"},"inLanguage":"en-US","potentialAction":[{"@type":"ReadAction","target":["https:\/\/jemnezrozeni.cz\/produkt\/zahrada-snu\/"]}]},{"@type":"ImageObject","inLanguage":"en-US","@id":"https:\/\/jemnezrozeni.cz\/produkt\/zahrada-snu\/#primaryimage","url":"https:\/\/jemnezrozeni.cz\/wp-content\/uploads\/2017\/10\/anemone-1533515_1920.jpg","contentUrl":"https:\/\/jemnezrozeni.cz\/wp-content\/uploads\/2017\/10\/anemone-1533515_1920.jpg","width":1920,"height":1279},{"@type":"BreadcrumbList","@id":"https:\/\/jemnezrozeni.cz\/produkt\/zahrada-snu\/#breadcrumb","itemListElement":[{"@type":"ListItem","position":1,"name":"Dom\u016f","item":"https:\/\/jemnezrozeni.cz\/en\/"},{"@type":"ListItem","position":2,"name":"Obchod","item":"https:\/\/jemnezrozeni.cz\/obchod\/"},{"@type":"ListItem","position":3,"name":"Zahrada sn\u016f"}]},{"@type":"WebSite","@id":"https:\/\/jemnezrozeni.cz\/#website","url":"https:\/\/jemnezrozeni.cz\/","name":"Jemn\u00e9 Zrozen\u00ed","description":"Kompletn\u00ed p\u0159edporodn\u00ed p\u0159\u00edprava s Hypnoporodem","publisher":{"@id":"https:\/\/jemnezrozeni.cz\/#organization"},"potentialAction":[{"@type":"SearchAction","target":{"@type":"EntryPoint","urlTemplate":"https:\/\/jemnezrozeni.cz\/?s={search_term_string}"},"query-input":{"@type":"PropertyValueSpecification","valueRequired":true,"valueName":"search_term_string"}}],"inLanguage":"en-US"},{"@type":"Organization","@id":"https:\/\/jemnezrozeni.cz\/#organization","name":"Jemn\u00e9 Zrozen\u00ed","url":"https:\/\/jemnezrozeni.cz\/","logo":{"@type":"ImageObject","inLanguage":"en-US","@id":"https:\/\/jemnezrozeni.cz\/#\/schema\/logo\/image\/","url":"https:\/\/jemnezrozeni.cz\/wp-content\/uploads\/2017\/07\/5105fe_e925fe50f82f46d4993b5ed5c97281a9-mv2.jpg","contentUrl":"https:\/\/jemnezrozeni.cz\/wp-content\/uploads\/2017\/07\/5105fe_e925fe50f82f46d4993b5ed5c97281a9-mv2.jpg","width":350,"height":250,"caption":"Jemn\u00e9 Zrozen\u00ed"},"image":{"@id":"https:\/\/jemnezrozeni.cz\/#\/schema\/logo\/image\/"}}]}},"_links":{"self":[{"href":"https:\/\/jemnezrozeni.cz\/en\/wp-json\/wp\/v2\/product\/874","targetHints":{"allow":["GET"]}}],"collection":[{"href":"https:\/\/jemnezrozeni.cz\/en\/wp-json\/wp\/v2\/product"}],"about":[{"href":"https:\/\/jemnezrozeni.cz\/en\/wp-json\/wp\/v2\/types\/product"}],"replies":[{"embeddable":true,"href":"https:\/\/jemnezrozeni.cz\/en\/wp-json\/wp\/v2\/comments?post=874"}],"wp:featuredmedia":[{"embeddable":true,"href":"https:\/\/jemnezrozeni.cz\/en\/wp-json\/wp\/v2\/media\/965"}],"wp:attachment":[{"href":"https:\/\/jemnezrozeni.cz\/en\/wp-json\/wp\/v2\/media?parent=874"}],"wp:term":[{"taxonomy":"product_brand","embeddable":true,"href":"https:\/\/jemnezrozeni.cz\/en\/wp-json\/wp\/v2\/product_brand?post=874"},{"taxonomy":"product_cat","embeddable":true,"href":"https:\/\/jemnezrozeni.cz\/en\/wp-json\/wp\/v2\/product_cat?post=874"},{"taxonomy":"product_tag","embeddable":true,"href":"https:\/\/jemnezrozeni.cz\/en\/wp-json\/wp\/v2\/product_tag?post=874"}],"curies":[{"name":"wp","href":"https:\/\/api.w.org\/{rel}","templated":true}]}}