{"id":872,"date":"2017-10-31T14:36:40","date_gmt":"2017-10-31T13:36:40","guid":{"rendered":"http:\/\/jemnezrozeni.cz\/?post_type=product&#038;p=872"},"modified":"2021-04-16T15:24:25","modified_gmt":"2021-04-16T13:24:25","slug":"zazracne-pohlazeni","status":"publish","type":"product","link":"https:\/\/jemnezrozeni.cz\/en\/produkt\/zazracne-pohlazeni\/","title":{"rendered":"Z\u00e1zra\u010dn\u00e9 pohlazen\u00ed"},"content":{"rendered":"<p>U t\u00e9to relaxace se nau\u010d\u00edte p\u0159en\u00e1\u0161et pocit znecitliv\u011bn\u00ed do kter\u00e9koli \u010d\u00e1sti Va\u0161eho t\u011bla. Doporu\u010dujeme ji prov\u00e1d\u011bt v pravideln\u00fdch intervalech, aby si na to Va\u0161e mysl zvykla. M\u016f\u017eete tuto relaxaci obm\u011b\u0148ovat i s n\u011bjakou jinou (nap\u0159. Zahradou sn\u016f) t\u0159eba obden. Tato relaxace se d\u011bl\u00e1 v p\u00e1rech, kdy \u010dlov\u011bk, kter\u00fd s V\u00e1mi tuto relaxaci prov\u00e1d\u00ed, V\u00e1m bude hladit va\u0161i dominantn\u00ed ruku. Tedy tu, kterou p\u00ed\u0161ete. Doporu\u010dujeme tuto relaxaci prov\u00e1d\u011bt i u porodu pokud na to m\u00e1te chu\u0165. Pros\u00edm neposlouchejte tuto nahr\u00e1vku p\u0159i \u0159\u00edzen\u00ed auta nebo p\u0159i obsluze stroje. Jedn\u00e1 se o mluven\u00e9 slovo ve form\u00e1tu MP3 (d\u00e9lka nahr\u00e1vky 14:22 minut).<\/p>\n","protected":false},"excerpt":{"rendered":"<p>U t\u00e9to relaxace se nau\u010d\u00edte p\u0159en\u00e1\u0161et pocit znecitliv\u011bn\u00ed do kter\u00e9koli \u010d\u00e1sti Va\u0161eho t\u011bla. Doporu\u010dujeme ji prov\u00e1d\u011bt v pravideln\u00fdch intervalech, aby si na to Va\u0161e mysl zvykla. M\u016f\u017eete tuto relaxaci obm\u011b\u0148ovat i s n\u011bjakou jinou (nap\u0159. Zahradou sn\u016f) t\u0159eba obden. Tato relaxace se d\u011bl\u00e1 v p\u00e1rech, kdy \u010dlov\u011bk, kter\u00fd s V\u00e1mi tuto relaxaci prov\u00e1d\u00ed, V\u00e1m bude [&hellip;]<\/p>\n","protected":false},"featured_media":881,"comment_status":"open","ping_status":"closed","template":"","meta":{"_acf_changed":false},"product_brand":[],"product_cat":[40],"product_tag":[],"class_list":{"0":"post-872","1":"product","2":"type-product","3":"status-publish","4":"has-post-thumbnail","6":"product_cat-mp3-nahravky","8":"first","9":"instock","10":"downloadable","11":"virtual","12":"taxable","13":"purchasable","14":"product-type-simple"},"acf":[],"yoast_head":"<!-- This site is optimized with the Yoast SEO plugin v27.2 - https:\/\/yoast.com\/product\/yoast-seo-wordpress\/ -->\n<title>Z\u00e1zra\u010dn\u00e9 pohlazen\u00ed - Jemn\u00e9 Zrozen\u00ed<\/title>\n<meta name=\"robots\" content=\"index, follow, max-snippet:-1, max-image-preview:large, max-video-preview:-1\" \/>\n<link rel=\"canonical\" href=\"https:\/\/jemnezrozeni.cz\/produkt\/zazracne-pohlazeni\/\" \/>\n<meta property=\"og:locale\" content=\"en_US\" \/>\n<meta property=\"og:type\" content=\"article\" \/>\n<meta property=\"og:title\" content=\"Z\u00e1zra\u010dn\u00e9 pohlazen\u00ed - Jemn\u00e9 Zrozen\u00ed\" \/>\n<meta property=\"og:description\" content=\"U t\u00e9to relaxace se nau\u010d\u00edte p\u0159en\u00e1\u0161et pocit znecitliv\u011bn\u00ed do kter\u00e9koli \u010d\u00e1sti Va\u0161eho t\u011bla. Doporu\u010dujeme ji prov\u00e1d\u011bt v pravideln\u00fdch intervalech, aby si na to Va\u0161e mysl zvykla. M\u016f\u017eete tuto relaxaci obm\u011b\u0148ovat i s n\u011bjakou jinou (nap\u0159. Zahradou sn\u016f) t\u0159eba obden. Tato relaxace se d\u011bl\u00e1 v p\u00e1rech, kdy \u010dlov\u011bk, kter\u00fd s V\u00e1mi tuto relaxaci prov\u00e1d\u00ed, V\u00e1m bude [&hellip;]\" \/>\n<meta property=\"og:url\" content=\"https:\/\/jemnezrozeni.cz\/produkt\/zazracne-pohlazeni\/\" \/>\n<meta property=\"og:site_name\" content=\"Jemn\u00e9 Zrozen\u00ed\" \/>\n<meta property=\"article:modified_time\" content=\"2021-04-16T13:24:25+00:00\" \/>\n<meta property=\"og:image\" content=\"https:\/\/jemnezrozeni.cz\/wp-content\/uploads\/2017\/10\/istock_42517902_large.jpg\" \/>\n\t<meta property=\"og:image:width\" content=\"2048\" \/>\n\t<meta property=\"og:image:height\" content=\"1367\" \/>\n\t<meta property=\"og:image:type\" content=\"image\/jpeg\" \/>\n<meta name=\"twitter:card\" content=\"summary_large_image\" \/>\n<meta name=\"twitter:label1\" content=\"Est. reading time\" \/>\n\t<meta name=\"twitter:data1\" content=\"1 minute\" \/>\n<script type=\"application\/ld+json\" class=\"yoast-schema-graph\">{\"@context\":\"https:\/\/schema.org\",\"@graph\":[{\"@type\":\"WebPage\",\"@id\":\"https:\/\/jemnezrozeni.cz\/produkt\/zazracne-pohlazeni\/\",\"url\":\"https:\/\/jemnezrozeni.cz\/produkt\/zazracne-pohlazeni\/\",\"name\":\"Z\u00e1zra\u010dn\u00e9 pohlazen\u00ed - Jemn\u00e9 Zrozen\u00ed\",\"isPartOf\":{\"@id\":\"https:\/\/jemnezrozeni.cz\/#website\"},\"primaryImageOfPage\":{\"@id\":\"https:\/\/jemnezrozeni.cz\/produkt\/zazracne-pohlazeni\/#primaryimage\"},\"image\":{\"@id\":\"https:\/\/jemnezrozeni.cz\/produkt\/zazracne-pohlazeni\/#primaryimage\"},\"thumbnailUrl\":\"https:\/\/jemnezrozeni.cz\/wp-content\/uploads\/2017\/10\/istock_42517902_large.jpg\",\"datePublished\":\"2017-10-31T13:36:40+00:00\",\"dateModified\":\"2021-04-16T13:24:25+00:00\",\"breadcrumb\":{\"@id\":\"https:\/\/jemnezrozeni.cz\/produkt\/zazracne-pohlazeni\/#breadcrumb\"},\"inLanguage\":\"en-US\",\"potentialAction\":[{\"@type\":\"ReadAction\",\"target\":[\"https:\/\/jemnezrozeni.cz\/produkt\/zazracne-pohlazeni\/\"]}]},{\"@type\":\"ImageObject\",\"inLanguage\":\"en-US\",\"@id\":\"https:\/\/jemnezrozeni.cz\/produkt\/zazracne-pohlazeni\/#primaryimage\",\"url\":\"https:\/\/jemnezrozeni.cz\/wp-content\/uploads\/2017\/10\/istock_42517902_large.jpg\",\"contentUrl\":\"https:\/\/jemnezrozeni.cz\/wp-content\/uploads\/2017\/10\/istock_42517902_large.jpg\",\"width\":2048,\"height\":1367,\"caption\":\"p\u0159\u00edprava na porod\"},{\"@type\":\"BreadcrumbList\",\"@id\":\"https:\/\/jemnezrozeni.cz\/produkt\/zazracne-pohlazeni\/#breadcrumb\",\"itemListElement\":[{\"@type\":\"ListItem\",\"position\":1,\"name\":\"Dom\u016f\",\"item\":\"https:\/\/jemnezrozeni.cz\/en\/\"},{\"@type\":\"ListItem\",\"position\":2,\"name\":\"Obchod\",\"item\":\"https:\/\/jemnezrozeni.cz\/obchod\/\"},{\"@type\":\"ListItem\",\"position\":3,\"name\":\"Z\u00e1zra\u010dn\u00e9 pohlazen\u00ed\"}]},{\"@type\":\"WebSite\",\"@id\":\"https:\/\/jemnezrozeni.cz\/#website\",\"url\":\"https:\/\/jemnezrozeni.cz\/\",\"name\":\"Jemn\u00e9 Zrozen\u00ed\",\"description\":\"Kompletn\u00ed p\u0159edporodn\u00ed p\u0159\u00edprava s Hypnoporodem\",\"publisher\":{\"@id\":\"https:\/\/jemnezrozeni.cz\/#organization\"},\"potentialAction\":[{\"@type\":\"SearchAction\",\"target\":{\"@type\":\"EntryPoint\",\"urlTemplate\":\"https:\/\/jemnezrozeni.cz\/?s={search_term_string}\"},\"query-input\":{\"@type\":\"PropertyValueSpecification\",\"valueRequired\":true,\"valueName\":\"search_term_string\"}}],\"inLanguage\":\"en-US\"},{\"@type\":\"Organization\",\"@id\":\"https:\/\/jemnezrozeni.cz\/#organization\",\"name\":\"Jemn\u00e9 Zrozen\u00ed\",\"url\":\"https:\/\/jemnezrozeni.cz\/\",\"logo\":{\"@type\":\"ImageObject\",\"inLanguage\":\"en-US\",\"@id\":\"https:\/\/jemnezrozeni.cz\/#\/schema\/logo\/image\/\",\"url\":\"https:\/\/jemnezrozeni.cz\/wp-content\/uploads\/2017\/07\/5105fe_e925fe50f82f46d4993b5ed5c97281a9-mv2.jpg\",\"contentUrl\":\"https:\/\/jemnezrozeni.cz\/wp-content\/uploads\/2017\/07\/5105fe_e925fe50f82f46d4993b5ed5c97281a9-mv2.jpg\",\"width\":350,\"height\":250,\"caption\":\"Jemn\u00e9 Zrozen\u00ed\"},\"image\":{\"@id\":\"https:\/\/jemnezrozeni.cz\/#\/schema\/logo\/image\/\"}}]}<\/script>\n<!-- \/ Yoast SEO plugin. -->","yoast_head_json":{"title":"Z\u00e1zra\u010dn\u00e9 pohlazen\u00ed - Jemn\u00e9 Zrozen\u00ed","robots":{"index":"index","follow":"follow","max-snippet":"max-snippet:-1","max-image-preview":"max-image-preview:large","max-video-preview":"max-video-preview:-1"},"canonical":"https:\/\/jemnezrozeni.cz\/produkt\/zazracne-pohlazeni\/","og_locale":"en_US","og_type":"article","og_title":"Z\u00e1zra\u010dn\u00e9 pohlazen\u00ed - Jemn\u00e9 Zrozen\u00ed","og_description":"U t\u00e9to relaxace se nau\u010d\u00edte p\u0159en\u00e1\u0161et pocit znecitliv\u011bn\u00ed do kter\u00e9koli \u010d\u00e1sti Va\u0161eho t\u011bla. Doporu\u010dujeme ji prov\u00e1d\u011bt v pravideln\u00fdch intervalech, aby si na to Va\u0161e mysl zvykla. M\u016f\u017eete tuto relaxaci obm\u011b\u0148ovat i s n\u011bjakou jinou (nap\u0159. Zahradou sn\u016f) t\u0159eba obden. Tato relaxace se d\u011bl\u00e1 v p\u00e1rech, kdy \u010dlov\u011bk, kter\u00fd s V\u00e1mi tuto relaxaci prov\u00e1d\u00ed, V\u00e1m bude [&hellip;]","og_url":"https:\/\/jemnezrozeni.cz\/produkt\/zazracne-pohlazeni\/","og_site_name":"Jemn\u00e9 Zrozen\u00ed","article_modified_time":"2021-04-16T13:24:25+00:00","og_image":[{"width":2048,"height":1367,"url":"https:\/\/jemnezrozeni.cz\/wp-content\/uploads\/2017\/10\/istock_42517902_large.jpg","type":"image\/jpeg"}],"twitter_card":"summary_large_image","twitter_misc":{"Est. reading time":"1 minute"},"schema":{"@context":"https:\/\/schema.org","@graph":[{"@type":"WebPage","@id":"https:\/\/jemnezrozeni.cz\/produkt\/zazracne-pohlazeni\/","url":"https:\/\/jemnezrozeni.cz\/produkt\/zazracne-pohlazeni\/","name":"Z\u00e1zra\u010dn\u00e9 pohlazen\u00ed - Jemn\u00e9 Zrozen\u00ed","isPartOf":{"@id":"https:\/\/jemnezrozeni.cz\/#website"},"primaryImageOfPage":{"@id":"https:\/\/jemnezrozeni.cz\/produkt\/zazracne-pohlazeni\/#primaryimage"},"image":{"@id":"https:\/\/jemnezrozeni.cz\/produkt\/zazracne-pohlazeni\/#primaryimage"},"thumbnailUrl":"https:\/\/jemnezrozeni.cz\/wp-content\/uploads\/2017\/10\/istock_42517902_large.jpg","datePublished":"2017-10-31T13:36:40+00:00","dateModified":"2021-04-16T13:24:25+00:00","breadcrumb":{"@id":"https:\/\/jemnezrozeni.cz\/produkt\/zazracne-pohlazeni\/#breadcrumb"},"inLanguage":"en-US","potentialAction":[{"@type":"ReadAction","target":["https:\/\/jemnezrozeni.cz\/produkt\/zazracne-pohlazeni\/"]}]},{"@type":"ImageObject","inLanguage":"en-US","@id":"https:\/\/jemnezrozeni.cz\/produkt\/zazracne-pohlazeni\/#primaryimage","url":"https:\/\/jemnezrozeni.cz\/wp-content\/uploads\/2017\/10\/istock_42517902_large.jpg","contentUrl":"https:\/\/jemnezrozeni.cz\/wp-content\/uploads\/2017\/10\/istock_42517902_large.jpg","width":2048,"height":1367,"caption":"p\u0159\u00edprava na porod"},{"@type":"BreadcrumbList","@id":"https:\/\/jemnezrozeni.cz\/produkt\/zazracne-pohlazeni\/#breadcrumb","itemListElement":[{"@type":"ListItem","position":1,"name":"Dom\u016f","item":"https:\/\/jemnezrozeni.cz\/en\/"},{"@type":"ListItem","position":2,"name":"Obchod","item":"https:\/\/jemnezrozeni.cz\/obchod\/"},{"@type":"ListItem","position":3,"name":"Z\u00e1zra\u010dn\u00e9 pohlazen\u00ed"}]},{"@type":"WebSite","@id":"https:\/\/jemnezrozeni.cz\/#website","url":"https:\/\/jemnezrozeni.cz\/","name":"Jemn\u00e9 Zrozen\u00ed","description":"Kompletn\u00ed p\u0159edporodn\u00ed p\u0159\u00edprava s Hypnoporodem","publisher":{"@id":"https:\/\/jemnezrozeni.cz\/#organization"},"potentialAction":[{"@type":"SearchAction","target":{"@type":"EntryPoint","urlTemplate":"https:\/\/jemnezrozeni.cz\/?s={search_term_string}"},"query-input":{"@type":"PropertyValueSpecification","valueRequired":true,"valueName":"search_term_string"}}],"inLanguage":"en-US"},{"@type":"Organization","@id":"https:\/\/jemnezrozeni.cz\/#organization","name":"Jemn\u00e9 Zrozen\u00ed","url":"https:\/\/jemnezrozeni.cz\/","logo":{"@type":"ImageObject","inLanguage":"en-US","@id":"https:\/\/jemnezrozeni.cz\/#\/schema\/logo\/image\/","url":"https:\/\/jemnezrozeni.cz\/wp-content\/uploads\/2017\/07\/5105fe_e925fe50f82f46d4993b5ed5c97281a9-mv2.jpg","contentUrl":"https:\/\/jemnezrozeni.cz\/wp-content\/uploads\/2017\/07\/5105fe_e925fe50f82f46d4993b5ed5c97281a9-mv2.jpg","width":350,"height":250,"caption":"Jemn\u00e9 Zrozen\u00ed"},"image":{"@id":"https:\/\/jemnezrozeni.cz\/#\/schema\/logo\/image\/"}}]}},"_links":{"self":[{"href":"https:\/\/jemnezrozeni.cz\/en\/wp-json\/wp\/v2\/product\/872","targetHints":{"allow":["GET"]}}],"collection":[{"href":"https:\/\/jemnezrozeni.cz\/en\/wp-json\/wp\/v2\/product"}],"about":[{"href":"https:\/\/jemnezrozeni.cz\/en\/wp-json\/wp\/v2\/types\/product"}],"replies":[{"embeddable":true,"href":"https:\/\/jemnezrozeni.cz\/en\/wp-json\/wp\/v2\/comments?post=872"}],"wp:featuredmedia":[{"embeddable":true,"href":"https:\/\/jemnezrozeni.cz\/en\/wp-json\/wp\/v2\/media\/881"}],"wp:attachment":[{"href":"https:\/\/jemnezrozeni.cz\/en\/wp-json\/wp\/v2\/media?parent=872"}],"wp:term":[{"taxonomy":"product_brand","embeddable":true,"href":"https:\/\/jemnezrozeni.cz\/en\/wp-json\/wp\/v2\/product_brand?post=872"},{"taxonomy":"product_cat","embeddable":true,"href":"https:\/\/jemnezrozeni.cz\/en\/wp-json\/wp\/v2\/product_cat?post=872"},{"taxonomy":"product_tag","embeddable":true,"href":"https:\/\/jemnezrozeni.cz\/en\/wp-json\/wp\/v2\/product_tag?post=872"}],"curies":[{"name":"wp","href":"https:\/\/api.w.org\/{rel}","templated":true}]}}