{"id":61,"date":"2017-08-28T11:06:33","date_gmt":"2017-08-28T09:06:33","guid":{"rendered":"http:\/\/jemnezrozeni.cz\/?post_type=product&#038;p=61"},"modified":"2021-09-10T20:53:18","modified_gmt":"2021-09-10T18:53:18","slug":"vybarvovaci-kniha","status":"publish","type":"product","link":"https:\/\/jemnezrozeni.cz\/en\/produkt\/vybarvovaci-kniha\/","title":{"rendered":"Vybarvovac\u00ed kniha"},"content":{"rendered":"<p>Jedine\u010dn\u00e1 vybarvovac\u00ed afirma\u010dn\u00ed kniha pro obdob\u00ed t\u011bhotenstv\u00ed a p\u0159i p\u0159\u00edprav\u011b na porod. V knize najdete kr\u00e1sn\u00e9 vizualiza\u010dn\u00ed ilustrace, afirmace a tipy pro klidn\u00e9 t\u011bhotenstv\u00ed a porod. Vybarvovac\u00ed kniha V\u00e1m nab\u00edz\u00ed mo\u017enost vytvo\u0159it kr\u00e1snou vzpom\u00ednku na Va\u0161e t\u011bhotenstv\u00ed a porod. Cel\u00e1 rodina se m\u016f\u017ee do tohoto tvo\u0159en\u00ed zapojit. Douf\u00e1me, \u017ee ilustrace pro V\u00e1s budou inspirac\u00ed a jejich vybarvov\u00e1n\u00ed odpo\u010dinkovou \u010dinnost\u00ed.<\/p>\n<p>32 stran informac\u00ed a kreseb s afirmacemi<\/p>\n<p><a href=\"https:\/\/drive.google.com\/file\/d\/1-GcxHolXmRloQXFW4wioO2AOIqDSbSda\/view?usp=sharing\">Video &#8211; Vybarovac\u00ed a afirma\u010dn\u00ed kniha<\/a><\/p>\n<p><img loading=\"lazy\" decoding=\"async\" class=\"alignnone size-large wp-image-5841\" src=\"https:\/\/jemnezrozeni.cz\/wp-content\/uploads\/2017\/08\/20181201_134331-1024x498.jpg\" alt=\"\" width=\"1024\" height=\"498\" srcset=\"https:\/\/jemnezrozeni.cz\/wp-content\/uploads\/2017\/08\/20181201_134331-1024x498.jpg 1024w, https:\/\/jemnezrozeni.cz\/wp-content\/uploads\/2017\/08\/20181201_134331-600x292.jpg 600w, https:\/\/jemnezrozeni.cz\/wp-content\/uploads\/2017\/08\/20181201_134331-300x146.jpg 300w, https:\/\/jemnezrozeni.cz\/wp-content\/uploads\/2017\/08\/20181201_134331-768x374.jpg 768w, https:\/\/jemnezrozeni.cz\/wp-content\/uploads\/2017\/08\/20181201_134331.jpg 2048w\" sizes=\"auto, (max-width: 1024px) 100vw, 1024px\" \/><\/p>\n","protected":false},"excerpt":{"rendered":"<p>Jedine\u010dn\u00e1 vybarvovac\u00ed afirma\u010dn\u00ed kniha pro obdob\u00ed t\u011bhotenstv\u00ed a p\u0159i p\u0159\u00edprav\u011b na porod. V knize najdete kr\u00e1sn\u00e9 vizualiza\u010dn\u00ed ilustrace, afirmace a tipy pro klidn\u00e9 t\u011bhotenstv\u00ed a porod. Vybarvovac\u00ed kniha V\u00e1m nab\u00edz\u00ed mo\u017enost vytvo\u0159it kr\u00e1snou vzpom\u00ednku na Va\u0161e t\u011bhotenstv\u00ed a porod. Cel\u00e1 rodina se m\u016f\u017ee do tohoto tvo\u0159en\u00ed zapojit. Douf\u00e1me, \u017ee ilustrace pro V\u00e1s budou inspirac\u00ed a [&hellip;]<\/p>\n","protected":false},"featured_media":5842,"comment_status":"open","ping_status":"closed","template":"","meta":{"_acf_changed":false},"product_brand":[],"product_cat":[53],"product_tag":[],"class_list":{"0":"post-61","1":"product","2":"type-product","3":"status-publish","4":"has-post-thumbnail","6":"product_cat-knihy","8":"first","9":"instock","10":"featured","11":"taxable","12":"shipping-taxable","13":"purchasable","14":"product-type-simple"},"acf":[],"yoast_head":"<!-- This site is optimized with the Yoast SEO plugin v27.3 - https:\/\/yoast.com\/product\/yoast-seo-wordpress\/ -->\n<title>Vybarvovac\u00ed kniha - Jemn\u00e9 Zrozen\u00ed<\/title>\n<meta name=\"robots\" content=\"index, follow, max-snippet:-1, max-image-preview:large, max-video-preview:-1\" \/>\n<link rel=\"canonical\" href=\"https:\/\/jemnezrozeni.cz\/produkt\/vybarvovaci-kniha\/\" \/>\n<meta property=\"og:locale\" content=\"en_US\" \/>\n<meta property=\"og:type\" content=\"article\" \/>\n<meta property=\"og:title\" content=\"Vybarvovac\u00ed kniha - Jemn\u00e9 Zrozen\u00ed\" \/>\n<meta property=\"og:description\" content=\"Jedine\u010dn\u00e1 vybarvovac\u00ed afirma\u010dn\u00ed kniha pro obdob\u00ed t\u011bhotenstv\u00ed a p\u0159i p\u0159\u00edprav\u011b na porod. V knize najdete kr\u00e1sn\u00e9 vizualiza\u010dn\u00ed ilustrace, afirmace a tipy pro klidn\u00e9 t\u011bhotenstv\u00ed a porod. Vybarvovac\u00ed kniha V\u00e1m nab\u00edz\u00ed mo\u017enost vytvo\u0159it kr\u00e1snou vzpom\u00ednku na Va\u0161e t\u011bhotenstv\u00ed a porod. Cel\u00e1 rodina se m\u016f\u017ee do tohoto tvo\u0159en\u00ed zapojit. Douf\u00e1me, \u017ee ilustrace pro V\u00e1s budou inspirac\u00ed a [&hellip;]\" \/>\n<meta property=\"og:url\" content=\"https:\/\/jemnezrozeni.cz\/produkt\/vybarvovaci-kniha\/\" \/>\n<meta property=\"og:site_name\" content=\"Jemn\u00e9 Zrozen\u00ed\" \/>\n<meta property=\"article:modified_time\" content=\"2021-09-10T18:53:18+00:00\" \/>\n<meta property=\"og:image\" content=\"https:\/\/jemnezrozeni.cz\/wp-content\/uploads\/2017\/08\/20181201_135605.jpg\" \/>\n\t<meta property=\"og:image:width\" content=\"2048\" \/>\n\t<meta property=\"og:image:height\" content=\"996\" \/>\n\t<meta property=\"og:image:type\" content=\"image\/jpeg\" \/>\n<meta name=\"twitter:card\" content=\"summary_large_image\" \/>\n<script type=\"application\/ld+json\" class=\"yoast-schema-graph\">{\"@context\":\"https:\\\/\\\/schema.org\",\"@graph\":[{\"@type\":\"WebPage\",\"@id\":\"https:\\\/\\\/jemnezrozeni.cz\\\/produkt\\\/vybarvovaci-kniha\\\/\",\"url\":\"https:\\\/\\\/jemnezrozeni.cz\\\/produkt\\\/vybarvovaci-kniha\\\/\",\"name\":\"Vybarvovac\u00ed kniha - Jemn\u00e9 Zrozen\u00ed\",\"isPartOf\":{\"@id\":\"https:\\\/\\\/jemnezrozeni.cz\\\/#website\"},\"primaryImageOfPage\":{\"@id\":\"https:\\\/\\\/jemnezrozeni.cz\\\/produkt\\\/vybarvovaci-kniha\\\/#primaryimage\"},\"image\":{\"@id\":\"https:\\\/\\\/jemnezrozeni.cz\\\/produkt\\\/vybarvovaci-kniha\\\/#primaryimage\"},\"thumbnailUrl\":\"https:\\\/\\\/jemnezrozeni.cz\\\/wp-content\\\/uploads\\\/2017\\\/08\\\/20181201_135605.jpg\",\"datePublished\":\"2017-08-28T09:06:33+00:00\",\"dateModified\":\"2021-09-10T18:53:18+00:00\",\"breadcrumb\":{\"@id\":\"https:\\\/\\\/jemnezrozeni.cz\\\/produkt\\\/vybarvovaci-kniha\\\/#breadcrumb\"},\"inLanguage\":\"en-US\",\"potentialAction\":[{\"@type\":\"ReadAction\",\"target\":[\"https:\\\/\\\/jemnezrozeni.cz\\\/produkt\\\/vybarvovaci-kniha\\\/\"]}]},{\"@type\":\"ImageObject\",\"inLanguage\":\"en-US\",\"@id\":\"https:\\\/\\\/jemnezrozeni.cz\\\/produkt\\\/vybarvovaci-kniha\\\/#primaryimage\",\"url\":\"https:\\\/\\\/jemnezrozeni.cz\\\/wp-content\\\/uploads\\\/2017\\\/08\\\/20181201_135605.jpg\",\"contentUrl\":\"https:\\\/\\\/jemnezrozeni.cz\\\/wp-content\\\/uploads\\\/2017\\\/08\\\/20181201_135605.jpg\",\"width\":2048,\"height\":996},{\"@type\":\"BreadcrumbList\",\"@id\":\"https:\\\/\\\/jemnezrozeni.cz\\\/produkt\\\/vybarvovaci-kniha\\\/#breadcrumb\",\"itemListElement\":[{\"@type\":\"ListItem\",\"position\":1,\"name\":\"Dom\u016f\",\"item\":\"https:\\\/\\\/jemnezrozeni.cz\\\/en\\\/\"},{\"@type\":\"ListItem\",\"position\":2,\"name\":\"Obchod\",\"item\":\"https:\\\/\\\/jemnezrozeni.cz\\\/obchod\\\/\"},{\"@type\":\"ListItem\",\"position\":3,\"name\":\"Vybarvovac\u00ed kniha\"}]},{\"@type\":\"WebSite\",\"@id\":\"https:\\\/\\\/jemnezrozeni.cz\\\/#website\",\"url\":\"https:\\\/\\\/jemnezrozeni.cz\\\/\",\"name\":\"Jemn\u00e9 Zrozen\u00ed\",\"description\":\"Kompletn\u00ed p\u0159edporodn\u00ed p\u0159\u00edprava s Hypnoporodem\",\"publisher\":{\"@id\":\"https:\\\/\\\/jemnezrozeni.cz\\\/#organization\"},\"potentialAction\":[{\"@type\":\"SearchAction\",\"target\":{\"@type\":\"EntryPoint\",\"urlTemplate\":\"https:\\\/\\\/jemnezrozeni.cz\\\/?s={search_term_string}\"},\"query-input\":{\"@type\":\"PropertyValueSpecification\",\"valueRequired\":true,\"valueName\":\"search_term_string\"}}],\"inLanguage\":\"en-US\"},{\"@type\":\"Organization\",\"@id\":\"https:\\\/\\\/jemnezrozeni.cz\\\/#organization\",\"name\":\"Jemn\u00e9 Zrozen\u00ed\",\"url\":\"https:\\\/\\\/jemnezrozeni.cz\\\/\",\"logo\":{\"@type\":\"ImageObject\",\"inLanguage\":\"en-US\",\"@id\":\"https:\\\/\\\/jemnezrozeni.cz\\\/#\\\/schema\\\/logo\\\/image\\\/\",\"url\":\"https:\\\/\\\/jemnezrozeni.cz\\\/wp-content\\\/uploads\\\/2017\\\/07\\\/5105fe_e925fe50f82f46d4993b5ed5c97281a9-mv2.jpg\",\"contentUrl\":\"https:\\\/\\\/jemnezrozeni.cz\\\/wp-content\\\/uploads\\\/2017\\\/07\\\/5105fe_e925fe50f82f46d4993b5ed5c97281a9-mv2.jpg\",\"width\":350,\"height\":250,\"caption\":\"Jemn\u00e9 Zrozen\u00ed\"},\"image\":{\"@id\":\"https:\\\/\\\/jemnezrozeni.cz\\\/#\\\/schema\\\/logo\\\/image\\\/\"}}]}<\/script>\n<!-- \/ Yoast SEO plugin. -->","yoast_head_json":{"title":"Vybarvovac\u00ed kniha - Jemn\u00e9 Zrozen\u00ed","robots":{"index":"index","follow":"follow","max-snippet":"max-snippet:-1","max-image-preview":"max-image-preview:large","max-video-preview":"max-video-preview:-1"},"canonical":"https:\/\/jemnezrozeni.cz\/produkt\/vybarvovaci-kniha\/","og_locale":"en_US","og_type":"article","og_title":"Vybarvovac\u00ed kniha - Jemn\u00e9 Zrozen\u00ed","og_description":"Jedine\u010dn\u00e1 vybarvovac\u00ed afirma\u010dn\u00ed kniha pro obdob\u00ed t\u011bhotenstv\u00ed a p\u0159i p\u0159\u00edprav\u011b na porod. V knize najdete kr\u00e1sn\u00e9 vizualiza\u010dn\u00ed ilustrace, afirmace a tipy pro klidn\u00e9 t\u011bhotenstv\u00ed a porod. Vybarvovac\u00ed kniha V\u00e1m nab\u00edz\u00ed mo\u017enost vytvo\u0159it kr\u00e1snou vzpom\u00ednku na Va\u0161e t\u011bhotenstv\u00ed a porod. Cel\u00e1 rodina se m\u016f\u017ee do tohoto tvo\u0159en\u00ed zapojit. Douf\u00e1me, \u017ee ilustrace pro V\u00e1s budou inspirac\u00ed a [&hellip;]","og_url":"https:\/\/jemnezrozeni.cz\/produkt\/vybarvovaci-kniha\/","og_site_name":"Jemn\u00e9 Zrozen\u00ed","article_modified_time":"2021-09-10T18:53:18+00:00","og_image":[{"width":2048,"height":996,"url":"https:\/\/jemnezrozeni.cz\/wp-content\/uploads\/2017\/08\/20181201_135605.jpg","type":"image\/jpeg"}],"twitter_card":"summary_large_image","schema":{"@context":"https:\/\/schema.org","@graph":[{"@type":"WebPage","@id":"https:\/\/jemnezrozeni.cz\/produkt\/vybarvovaci-kniha\/","url":"https:\/\/jemnezrozeni.cz\/produkt\/vybarvovaci-kniha\/","name":"Vybarvovac\u00ed kniha - Jemn\u00e9 Zrozen\u00ed","isPartOf":{"@id":"https:\/\/jemnezrozeni.cz\/#website"},"primaryImageOfPage":{"@id":"https:\/\/jemnezrozeni.cz\/produkt\/vybarvovaci-kniha\/#primaryimage"},"image":{"@id":"https:\/\/jemnezrozeni.cz\/produkt\/vybarvovaci-kniha\/#primaryimage"},"thumbnailUrl":"https:\/\/jemnezrozeni.cz\/wp-content\/uploads\/2017\/08\/20181201_135605.jpg","datePublished":"2017-08-28T09:06:33+00:00","dateModified":"2021-09-10T18:53:18+00:00","breadcrumb":{"@id":"https:\/\/jemnezrozeni.cz\/produkt\/vybarvovaci-kniha\/#breadcrumb"},"inLanguage":"en-US","potentialAction":[{"@type":"ReadAction","target":["https:\/\/jemnezrozeni.cz\/produkt\/vybarvovaci-kniha\/"]}]},{"@type":"ImageObject","inLanguage":"en-US","@id":"https:\/\/jemnezrozeni.cz\/produkt\/vybarvovaci-kniha\/#primaryimage","url":"https:\/\/jemnezrozeni.cz\/wp-content\/uploads\/2017\/08\/20181201_135605.jpg","contentUrl":"https:\/\/jemnezrozeni.cz\/wp-content\/uploads\/2017\/08\/20181201_135605.jpg","width":2048,"height":996},{"@type":"BreadcrumbList","@id":"https:\/\/jemnezrozeni.cz\/produkt\/vybarvovaci-kniha\/#breadcrumb","itemListElement":[{"@type":"ListItem","position":1,"name":"Dom\u016f","item":"https:\/\/jemnezrozeni.cz\/en\/"},{"@type":"ListItem","position":2,"name":"Obchod","item":"https:\/\/jemnezrozeni.cz\/obchod\/"},{"@type":"ListItem","position":3,"name":"Vybarvovac\u00ed kniha"}]},{"@type":"WebSite","@id":"https:\/\/jemnezrozeni.cz\/#website","url":"https:\/\/jemnezrozeni.cz\/","name":"Jemn\u00e9 Zrozen\u00ed","description":"Kompletn\u00ed p\u0159edporodn\u00ed p\u0159\u00edprava s Hypnoporodem","publisher":{"@id":"https:\/\/jemnezrozeni.cz\/#organization"},"potentialAction":[{"@type":"SearchAction","target":{"@type":"EntryPoint","urlTemplate":"https:\/\/jemnezrozeni.cz\/?s={search_term_string}"},"query-input":{"@type":"PropertyValueSpecification","valueRequired":true,"valueName":"search_term_string"}}],"inLanguage":"en-US"},{"@type":"Organization","@id":"https:\/\/jemnezrozeni.cz\/#organization","name":"Jemn\u00e9 Zrozen\u00ed","url":"https:\/\/jemnezrozeni.cz\/","logo":{"@type":"ImageObject","inLanguage":"en-US","@id":"https:\/\/jemnezrozeni.cz\/#\/schema\/logo\/image\/","url":"https:\/\/jemnezrozeni.cz\/wp-content\/uploads\/2017\/07\/5105fe_e925fe50f82f46d4993b5ed5c97281a9-mv2.jpg","contentUrl":"https:\/\/jemnezrozeni.cz\/wp-content\/uploads\/2017\/07\/5105fe_e925fe50f82f46d4993b5ed5c97281a9-mv2.jpg","width":350,"height":250,"caption":"Jemn\u00e9 Zrozen\u00ed"},"image":{"@id":"https:\/\/jemnezrozeni.cz\/#\/schema\/logo\/image\/"}}]}},"_links":{"self":[{"href":"https:\/\/jemnezrozeni.cz\/en\/wp-json\/wp\/v2\/product\/61","targetHints":{"allow":["GET"]}}],"collection":[{"href":"https:\/\/jemnezrozeni.cz\/en\/wp-json\/wp\/v2\/product"}],"about":[{"href":"https:\/\/jemnezrozeni.cz\/en\/wp-json\/wp\/v2\/types\/product"}],"replies":[{"embeddable":true,"href":"https:\/\/jemnezrozeni.cz\/en\/wp-json\/wp\/v2\/comments?post=61"}],"wp:featuredmedia":[{"embeddable":true,"href":"https:\/\/jemnezrozeni.cz\/en\/wp-json\/wp\/v2\/media\/5842"}],"wp:attachment":[{"href":"https:\/\/jemnezrozeni.cz\/en\/wp-json\/wp\/v2\/media?parent=61"}],"wp:term":[{"taxonomy":"product_brand","embeddable":true,"href":"https:\/\/jemnezrozeni.cz\/en\/wp-json\/wp\/v2\/product_brand?post=61"},{"taxonomy":"product_cat","embeddable":true,"href":"https:\/\/jemnezrozeni.cz\/en\/wp-json\/wp\/v2\/product_cat?post=61"},{"taxonomy":"product_tag","embeddable":true,"href":"https:\/\/jemnezrozeni.cz\/en\/wp-json\/wp\/v2\/product_tag?post=61"}],"curies":[{"name":"wp","href":"https:\/\/api.w.org\/{rel}","templated":true}]}}