{"id":5857,"date":"2019-02-21T11:39:53","date_gmt":"2019-02-21T10:39:53","guid":{"rendered":"https:\/\/jemnezrozeni.cz\/?post_type=product&#038;p=5857"},"modified":"2023-01-22T09:50:59","modified_gmt":"2023-01-22T08:50:59","slug":"vybarvovaci-afirmacni-mandaly-sada-1","status":"publish","type":"product","link":"https:\/\/jemnezrozeni.cz\/en\/produkt\/vybarvovaci-afirmacni-mandaly-sada-1\/","title":{"rendered":"Vybarvovac\u00ed afirma\u010dn\u00ed mandaly \u2013 sada 1"},"content":{"rendered":"<p>N\u00e1dhern\u00e9 vybarvovac\u00ed afirma\u010dn\u00ed mandaly pro relaxaci a p\u0159\u00edpravu na porod. Afirmace maj\u00ed pozitivn\u00ed vliv na na\u0161\u00ed mysl a jsou skv\u011bl\u00fdm pomocn\u00edkem pro harmonick\u00e9 t\u011bhotenstv\u00ed a porod. Je dok\u00e1z\u00e1no, \u017ee vybarvov\u00e1n\u00ed zklid\u0148uje mysl a pom\u00e1h\u00e1 p\u0159i relaxaci. P\u016fsob\u00ed pozitivn\u011b na n\u00e1\u0161 nervov\u00fd syst\u00e9m a pom\u00e1h\u00e1 vyplavov\u00e1n\u00ed l\u00edbiv\u00fdch hormon\u016f.<\/p>\n<p>Karti\u010dky jsou kr\u00e1sn\u00e9 a budou tvo\u0159it kr\u00e1snou dekoraci va\u0161emu domovu. M\u016f\u017eete si je vz\u00edt sebou i do porodnice a z\u016fstat ve sv\u00e9 z\u00f3n\u011b pohody a klidu.<\/p>\n<p>Po\u010det mandal v sad\u011b &#8211; 9ks<\/p>\n<p>Velikost mandaly: 15x15cm<\/p>\n<p>Sada obsahuje 9 mandal, kol\u00ed\u010dky a prov\u00e1zek (2m).<\/p>\n<p><img loading=\"lazy\" decoding=\"async\" class=\"alignnone size-large wp-image-5856\" src=\"https:\/\/jemnezrozeni.cz\/wp-content\/uploads\/2019\/02\/img_20190217_100128-1024x768.jpg\" alt=\"\" width=\"1024\" height=\"768\" srcset=\"https:\/\/jemnezrozeni.cz\/wp-content\/uploads\/2019\/02\/img_20190217_100128-1024x768.jpg 1024w, https:\/\/jemnezrozeni.cz\/wp-content\/uploads\/2019\/02\/img_20190217_100128-600x450.jpg 600w, https:\/\/jemnezrozeni.cz\/wp-content\/uploads\/2019\/02\/img_20190217_100128-300x225.jpg 300w, https:\/\/jemnezrozeni.cz\/wp-content\/uploads\/2019\/02\/img_20190217_100128-768x576.jpg 768w, https:\/\/jemnezrozeni.cz\/wp-content\/uploads\/2019\/02\/img_20190217_100128.jpg 2048w\" sizes=\"auto, (max-width: 1024px) 100vw, 1024px\" \/><\/p>\n","protected":false},"excerpt":{"rendered":"<p>N\u00e1dhern\u00e9 vybarvovac\u00ed afirma\u010dn\u00ed mandaly pro relaxaci a p\u0159\u00edpravu na porod. Afirmace maj\u00ed pozitivn\u00ed vliv na na\u0161\u00ed mysl a jsou skv\u011bl\u00fdm pomocn\u00edkem pro harmonick\u00e9 t\u011bhotenstv\u00ed a porod. Je dok\u00e1z\u00e1no, \u017ee vybarvov\u00e1n\u00ed zklid\u0148uje mysl a pom\u00e1h\u00e1 p\u0159i relaxaci. P\u016fsob\u00ed pozitivn\u011b na n\u00e1\u0161 nervov\u00fd syst\u00e9m a pom\u00e1h\u00e1 vyplavov\u00e1n\u00ed l\u00edbiv\u00fdch hormon\u016f. Karti\u010dky jsou kr\u00e1sn\u00e9 a budou tvo\u0159it kr\u00e1snou dekoraci [&hellip;]<\/p>\n","protected":false},"featured_media":5855,"comment_status":"open","ping_status":"closed","template":"","meta":{"_acf_changed":false},"product_brand":[],"product_cat":[51],"product_tag":[],"class_list":{"0":"post-5857","1":"product","2":"type-product","3":"status-publish","4":"has-post-thumbnail","6":"product_cat-afirmacnikarty","8":"first","9":"instock","10":"taxable","11":"shipping-taxable","12":"purchasable","13":"product-type-simple"},"acf":[],"yoast_head":"<!-- This site is optimized with the Yoast SEO plugin v27.3 - https:\/\/yoast.com\/product\/yoast-seo-wordpress\/ -->\n<title>Vybarvovac\u00ed afirma\u010dn\u00ed mandaly \u2013 sada 1 - Jemn\u00e9 Zrozen\u00ed<\/title>\n<meta name=\"robots\" content=\"index, follow, max-snippet:-1, max-image-preview:large, max-video-preview:-1\" \/>\n<link rel=\"canonical\" href=\"https:\/\/jemnezrozeni.cz\/produkt\/vybarvovaci-afirmacni-mandaly-sada-1\/\" \/>\n<meta property=\"og:locale\" content=\"en_US\" \/>\n<meta property=\"og:type\" content=\"article\" \/>\n<meta property=\"og:title\" content=\"Vybarvovac\u00ed afirma\u010dn\u00ed mandaly \u2013 sada 1 - Jemn\u00e9 Zrozen\u00ed\" \/>\n<meta property=\"og:description\" content=\"N\u00e1dhern\u00e9 vybarvovac\u00ed afirma\u010dn\u00ed mandaly pro relaxaci a p\u0159\u00edpravu na porod. Afirmace maj\u00ed pozitivn\u00ed vliv na na\u0161\u00ed mysl a jsou skv\u011bl\u00fdm pomocn\u00edkem pro harmonick\u00e9 t\u011bhotenstv\u00ed a porod. Je dok\u00e1z\u00e1no, \u017ee vybarvov\u00e1n\u00ed zklid\u0148uje mysl a pom\u00e1h\u00e1 p\u0159i relaxaci. P\u016fsob\u00ed pozitivn\u011b na n\u00e1\u0161 nervov\u00fd syst\u00e9m a pom\u00e1h\u00e1 vyplavov\u00e1n\u00ed l\u00edbiv\u00fdch hormon\u016f. Karti\u010dky jsou kr\u00e1sn\u00e9 a budou tvo\u0159it kr\u00e1snou dekoraci [&hellip;]\" \/>\n<meta property=\"og:url\" content=\"https:\/\/jemnezrozeni.cz\/produkt\/vybarvovaci-afirmacni-mandaly-sada-1\/\" \/>\n<meta property=\"og:site_name\" content=\"Jemn\u00e9 Zrozen\u00ed\" \/>\n<meta property=\"article:modified_time\" content=\"2023-01-22T08:50:59+00:00\" \/>\n<meta property=\"og:image\" content=\"https:\/\/jemnezrozeni.cz\/wp-content\/uploads\/2019\/02\/img_20190217_100420.jpg\" \/>\n\t<meta property=\"og:image:width\" content=\"2048\" \/>\n\t<meta property=\"og:image:height\" content=\"1536\" \/>\n\t<meta property=\"og:image:type\" content=\"image\/jpeg\" \/>\n<meta name=\"twitter:card\" content=\"summary_large_image\" \/>\n<meta name=\"twitter:label1\" content=\"Est. reading time\" \/>\n\t<meta name=\"twitter:data1\" content=\"1 minute\" \/>\n<script type=\"application\/ld+json\" class=\"yoast-schema-graph\">{\"@context\":\"https:\\\/\\\/schema.org\",\"@graph\":[{\"@type\":\"WebPage\",\"@id\":\"https:\\\/\\\/jemnezrozeni.cz\\\/produkt\\\/vybarvovaci-afirmacni-mandaly-sada-1\\\/\",\"url\":\"https:\\\/\\\/jemnezrozeni.cz\\\/produkt\\\/vybarvovaci-afirmacni-mandaly-sada-1\\\/\",\"name\":\"Vybarvovac\u00ed afirma\u010dn\u00ed mandaly \u2013 sada 1 - Jemn\u00e9 Zrozen\u00ed\",\"isPartOf\":{\"@id\":\"https:\\\/\\\/jemnezrozeni.cz\\\/#website\"},\"primaryImageOfPage\":{\"@id\":\"https:\\\/\\\/jemnezrozeni.cz\\\/produkt\\\/vybarvovaci-afirmacni-mandaly-sada-1\\\/#primaryimage\"},\"image\":{\"@id\":\"https:\\\/\\\/jemnezrozeni.cz\\\/produkt\\\/vybarvovaci-afirmacni-mandaly-sada-1\\\/#primaryimage\"},\"thumbnailUrl\":\"https:\\\/\\\/jemnezrozeni.cz\\\/wp-content\\\/uploads\\\/2019\\\/02\\\/img_20190217_100420.jpg\",\"datePublished\":\"2019-02-21T10:39:53+00:00\",\"dateModified\":\"2023-01-22T08:50:59+00:00\",\"breadcrumb\":{\"@id\":\"https:\\\/\\\/jemnezrozeni.cz\\\/produkt\\\/vybarvovaci-afirmacni-mandaly-sada-1\\\/#breadcrumb\"},\"inLanguage\":\"en-US\",\"potentialAction\":[{\"@type\":\"ReadAction\",\"target\":[\"https:\\\/\\\/jemnezrozeni.cz\\\/produkt\\\/vybarvovaci-afirmacni-mandaly-sada-1\\\/\"]}]},{\"@type\":\"ImageObject\",\"inLanguage\":\"en-US\",\"@id\":\"https:\\\/\\\/jemnezrozeni.cz\\\/produkt\\\/vybarvovaci-afirmacni-mandaly-sada-1\\\/#primaryimage\",\"url\":\"https:\\\/\\\/jemnezrozeni.cz\\\/wp-content\\\/uploads\\\/2019\\\/02\\\/img_20190217_100420.jpg\",\"contentUrl\":\"https:\\\/\\\/jemnezrozeni.cz\\\/wp-content\\\/uploads\\\/2019\\\/02\\\/img_20190217_100420.jpg\",\"width\":2048,\"height\":1536},{\"@type\":\"BreadcrumbList\",\"@id\":\"https:\\\/\\\/jemnezrozeni.cz\\\/produkt\\\/vybarvovaci-afirmacni-mandaly-sada-1\\\/#breadcrumb\",\"itemListElement\":[{\"@type\":\"ListItem\",\"position\":1,\"name\":\"Dom\u016f\",\"item\":\"https:\\\/\\\/jemnezrozeni.cz\\\/en\\\/\"},{\"@type\":\"ListItem\",\"position\":2,\"name\":\"Obchod\",\"item\":\"https:\\\/\\\/jemnezrozeni.cz\\\/obchod\\\/\"},{\"@type\":\"ListItem\",\"position\":3,\"name\":\"Vybarvovac\u00ed afirma\u010dn\u00ed mandaly \u2013 sada 1\"}]},{\"@type\":\"WebSite\",\"@id\":\"https:\\\/\\\/jemnezrozeni.cz\\\/#website\",\"url\":\"https:\\\/\\\/jemnezrozeni.cz\\\/\",\"name\":\"Jemn\u00e9 Zrozen\u00ed\",\"description\":\"Kompletn\u00ed p\u0159edporodn\u00ed p\u0159\u00edprava s Hypnoporodem\",\"publisher\":{\"@id\":\"https:\\\/\\\/jemnezrozeni.cz\\\/#organization\"},\"potentialAction\":[{\"@type\":\"SearchAction\",\"target\":{\"@type\":\"EntryPoint\",\"urlTemplate\":\"https:\\\/\\\/jemnezrozeni.cz\\\/?s={search_term_string}\"},\"query-input\":{\"@type\":\"PropertyValueSpecification\",\"valueRequired\":true,\"valueName\":\"search_term_string\"}}],\"inLanguage\":\"en-US\"},{\"@type\":\"Organization\",\"@id\":\"https:\\\/\\\/jemnezrozeni.cz\\\/#organization\",\"name\":\"Jemn\u00e9 Zrozen\u00ed\",\"url\":\"https:\\\/\\\/jemnezrozeni.cz\\\/\",\"logo\":{\"@type\":\"ImageObject\",\"inLanguage\":\"en-US\",\"@id\":\"https:\\\/\\\/jemnezrozeni.cz\\\/#\\\/schema\\\/logo\\\/image\\\/\",\"url\":\"https:\\\/\\\/jemnezrozeni.cz\\\/wp-content\\\/uploads\\\/2017\\\/07\\\/5105fe_e925fe50f82f46d4993b5ed5c97281a9-mv2.jpg\",\"contentUrl\":\"https:\\\/\\\/jemnezrozeni.cz\\\/wp-content\\\/uploads\\\/2017\\\/07\\\/5105fe_e925fe50f82f46d4993b5ed5c97281a9-mv2.jpg\",\"width\":350,\"height\":250,\"caption\":\"Jemn\u00e9 Zrozen\u00ed\"},\"image\":{\"@id\":\"https:\\\/\\\/jemnezrozeni.cz\\\/#\\\/schema\\\/logo\\\/image\\\/\"}}]}<\/script>\n<!-- \/ Yoast SEO plugin. -->","yoast_head_json":{"title":"Vybarvovac\u00ed afirma\u010dn\u00ed mandaly \u2013 sada 1 - Jemn\u00e9 Zrozen\u00ed","robots":{"index":"index","follow":"follow","max-snippet":"max-snippet:-1","max-image-preview":"max-image-preview:large","max-video-preview":"max-video-preview:-1"},"canonical":"https:\/\/jemnezrozeni.cz\/produkt\/vybarvovaci-afirmacni-mandaly-sada-1\/","og_locale":"en_US","og_type":"article","og_title":"Vybarvovac\u00ed afirma\u010dn\u00ed mandaly \u2013 sada 1 - Jemn\u00e9 Zrozen\u00ed","og_description":"N\u00e1dhern\u00e9 vybarvovac\u00ed afirma\u010dn\u00ed mandaly pro relaxaci a p\u0159\u00edpravu na porod. Afirmace maj\u00ed pozitivn\u00ed vliv na na\u0161\u00ed mysl a jsou skv\u011bl\u00fdm pomocn\u00edkem pro harmonick\u00e9 t\u011bhotenstv\u00ed a porod. Je dok\u00e1z\u00e1no, \u017ee vybarvov\u00e1n\u00ed zklid\u0148uje mysl a pom\u00e1h\u00e1 p\u0159i relaxaci. P\u016fsob\u00ed pozitivn\u011b na n\u00e1\u0161 nervov\u00fd syst\u00e9m a pom\u00e1h\u00e1 vyplavov\u00e1n\u00ed l\u00edbiv\u00fdch hormon\u016f. Karti\u010dky jsou kr\u00e1sn\u00e9 a budou tvo\u0159it kr\u00e1snou dekoraci [&hellip;]","og_url":"https:\/\/jemnezrozeni.cz\/produkt\/vybarvovaci-afirmacni-mandaly-sada-1\/","og_site_name":"Jemn\u00e9 Zrozen\u00ed","article_modified_time":"2023-01-22T08:50:59+00:00","og_image":[{"width":2048,"height":1536,"url":"https:\/\/jemnezrozeni.cz\/wp-content\/uploads\/2019\/02\/img_20190217_100420.jpg","type":"image\/jpeg"}],"twitter_card":"summary_large_image","twitter_misc":{"Est. reading time":"1 minute"},"schema":{"@context":"https:\/\/schema.org","@graph":[{"@type":"WebPage","@id":"https:\/\/jemnezrozeni.cz\/produkt\/vybarvovaci-afirmacni-mandaly-sada-1\/","url":"https:\/\/jemnezrozeni.cz\/produkt\/vybarvovaci-afirmacni-mandaly-sada-1\/","name":"Vybarvovac\u00ed afirma\u010dn\u00ed mandaly \u2013 sada 1 - Jemn\u00e9 Zrozen\u00ed","isPartOf":{"@id":"https:\/\/jemnezrozeni.cz\/#website"},"primaryImageOfPage":{"@id":"https:\/\/jemnezrozeni.cz\/produkt\/vybarvovaci-afirmacni-mandaly-sada-1\/#primaryimage"},"image":{"@id":"https:\/\/jemnezrozeni.cz\/produkt\/vybarvovaci-afirmacni-mandaly-sada-1\/#primaryimage"},"thumbnailUrl":"https:\/\/jemnezrozeni.cz\/wp-content\/uploads\/2019\/02\/img_20190217_100420.jpg","datePublished":"2019-02-21T10:39:53+00:00","dateModified":"2023-01-22T08:50:59+00:00","breadcrumb":{"@id":"https:\/\/jemnezrozeni.cz\/produkt\/vybarvovaci-afirmacni-mandaly-sada-1\/#breadcrumb"},"inLanguage":"en-US","potentialAction":[{"@type":"ReadAction","target":["https:\/\/jemnezrozeni.cz\/produkt\/vybarvovaci-afirmacni-mandaly-sada-1\/"]}]},{"@type":"ImageObject","inLanguage":"en-US","@id":"https:\/\/jemnezrozeni.cz\/produkt\/vybarvovaci-afirmacni-mandaly-sada-1\/#primaryimage","url":"https:\/\/jemnezrozeni.cz\/wp-content\/uploads\/2019\/02\/img_20190217_100420.jpg","contentUrl":"https:\/\/jemnezrozeni.cz\/wp-content\/uploads\/2019\/02\/img_20190217_100420.jpg","width":2048,"height":1536},{"@type":"BreadcrumbList","@id":"https:\/\/jemnezrozeni.cz\/produkt\/vybarvovaci-afirmacni-mandaly-sada-1\/#breadcrumb","itemListElement":[{"@type":"ListItem","position":1,"name":"Dom\u016f","item":"https:\/\/jemnezrozeni.cz\/en\/"},{"@type":"ListItem","position":2,"name":"Obchod","item":"https:\/\/jemnezrozeni.cz\/obchod\/"},{"@type":"ListItem","position":3,"name":"Vybarvovac\u00ed afirma\u010dn\u00ed mandaly \u2013 sada 1"}]},{"@type":"WebSite","@id":"https:\/\/jemnezrozeni.cz\/#website","url":"https:\/\/jemnezrozeni.cz\/","name":"Jemn\u00e9 Zrozen\u00ed","description":"Kompletn\u00ed p\u0159edporodn\u00ed p\u0159\u00edprava s Hypnoporodem","publisher":{"@id":"https:\/\/jemnezrozeni.cz\/#organization"},"potentialAction":[{"@type":"SearchAction","target":{"@type":"EntryPoint","urlTemplate":"https:\/\/jemnezrozeni.cz\/?s={search_term_string}"},"query-input":{"@type":"PropertyValueSpecification","valueRequired":true,"valueName":"search_term_string"}}],"inLanguage":"en-US"},{"@type":"Organization","@id":"https:\/\/jemnezrozeni.cz\/#organization","name":"Jemn\u00e9 Zrozen\u00ed","url":"https:\/\/jemnezrozeni.cz\/","logo":{"@type":"ImageObject","inLanguage":"en-US","@id":"https:\/\/jemnezrozeni.cz\/#\/schema\/logo\/image\/","url":"https:\/\/jemnezrozeni.cz\/wp-content\/uploads\/2017\/07\/5105fe_e925fe50f82f46d4993b5ed5c97281a9-mv2.jpg","contentUrl":"https:\/\/jemnezrozeni.cz\/wp-content\/uploads\/2017\/07\/5105fe_e925fe50f82f46d4993b5ed5c97281a9-mv2.jpg","width":350,"height":250,"caption":"Jemn\u00e9 Zrozen\u00ed"},"image":{"@id":"https:\/\/jemnezrozeni.cz\/#\/schema\/logo\/image\/"}}]}},"_links":{"self":[{"href":"https:\/\/jemnezrozeni.cz\/en\/wp-json\/wp\/v2\/product\/5857","targetHints":{"allow":["GET"]}}],"collection":[{"href":"https:\/\/jemnezrozeni.cz\/en\/wp-json\/wp\/v2\/product"}],"about":[{"href":"https:\/\/jemnezrozeni.cz\/en\/wp-json\/wp\/v2\/types\/product"}],"replies":[{"embeddable":true,"href":"https:\/\/jemnezrozeni.cz\/en\/wp-json\/wp\/v2\/comments?post=5857"}],"wp:featuredmedia":[{"embeddable":true,"href":"https:\/\/jemnezrozeni.cz\/en\/wp-json\/wp\/v2\/media\/5855"}],"wp:attachment":[{"href":"https:\/\/jemnezrozeni.cz\/en\/wp-json\/wp\/v2\/media?parent=5857"}],"wp:term":[{"taxonomy":"product_brand","embeddable":true,"href":"https:\/\/jemnezrozeni.cz\/en\/wp-json\/wp\/v2\/product_brand?post=5857"},{"taxonomy":"product_cat","embeddable":true,"href":"https:\/\/jemnezrozeni.cz\/en\/wp-json\/wp\/v2\/product_cat?post=5857"},{"taxonomy":"product_tag","embeddable":true,"href":"https:\/\/jemnezrozeni.cz\/en\/wp-json\/wp\/v2\/product_tag?post=5857"}],"curies":[{"name":"wp","href":"https:\/\/api.w.org\/{rel}","templated":true}]}}