{"id":565,"date":"2017-10-13T18:07:54","date_gmt":"2017-10-13T16:07:54","guid":{"rendered":"http:\/\/jemnezrozeni.cz\/?post_type=product&#038;p=565"},"modified":"2021-04-16T15:45:57","modified_gmt":"2021-04-16T13:45:57","slug":"afirmacni-karta-12","status":"publish","type":"product","link":"https:\/\/jemnezrozeni.cz\/en\/produkt\/afirmacni-karta-12\/","title":{"rendered":"Afirma\u010dn\u00ed karta 12"},"content":{"rendered":"<p>Pracovn\u00ed afirma\u010dn\u00ed karty pro klidn\u00e9 t\u011bhotenstv\u00ed a p\u0159\u00edpravu na porod. Vyberte si kartu, kter\u00e1 se V\u00e1m l\u00edb\u00ed\u00a0a p\u0159ipravte se na porod t\u00edm nejlep\u0161\u00edm mo\u017en\u00fdm zp\u016fsobem. Karty si um\u00edst\u011bte na lednici nebo si vytvo\u0159te vlastn\u00ed porodn\u00ed n\u00e1st\u011bnku.<\/p>\n","protected":false},"excerpt":{"rendered":"<p>Pracovn\u00ed afirma\u010dn\u00ed karty pro klidn\u00e9 t\u011bhotenstv\u00ed a p\u0159\u00edpravu na porod. Vyberte si kartu, kter\u00e1 se V\u00e1m l\u00edb\u00ed\u00a0a p\u0159ipravte se na porod t\u00edm nejlep\u0161\u00edm mo\u017en\u00fdm zp\u016fsobem. Karty si um\u00edst\u011bte na lednici nebo si vytvo\u0159te vlastn\u00ed porodn\u00ed n\u00e1st\u011bnku.<\/p>\n","protected":false},"featured_media":1463,"comment_status":"open","ping_status":"closed","template":"","meta":{"_acf_changed":false},"product_brand":[],"product_cat":[51],"product_tag":[],"class_list":{"0":"post-565","1":"product","2":"type-product","3":"status-publish","4":"has-post-thumbnail","6":"product_cat-afirmacnikarty","8":"first","9":"instock","10":"taxable","11":"shipping-taxable","12":"purchasable","13":"product-type-simple"},"acf":[],"yoast_head":"<!-- This site is optimized with the Yoast SEO plugin v27.3 - https:\/\/yoast.com\/product\/yoast-seo-wordpress\/ -->\n<title>Afirma\u010dn\u00ed karta 12 - Jemn\u00e9 Zrozen\u00ed<\/title>\n<meta name=\"robots\" content=\"index, follow, max-snippet:-1, max-image-preview:large, max-video-preview:-1\" \/>\n<link rel=\"canonical\" href=\"https:\/\/jemnezrozeni.cz\/en\/produkt\/afirmacni-karta-12\/\" \/>\n<meta property=\"og:locale\" content=\"en_US\" \/>\n<meta property=\"og:type\" content=\"article\" \/>\n<meta property=\"og:title\" content=\"Afirma\u010dn\u00ed karta 12 - Jemn\u00e9 Zrozen\u00ed\" \/>\n<meta property=\"og:description\" content=\"Pracovn\u00ed afirma\u010dn\u00ed karty pro klidn\u00e9 t\u011bhotenstv\u00ed a p\u0159\u00edpravu na porod. Vyberte si kartu, kter\u00e1 se V\u00e1m l\u00edb\u00ed\u00a0a p\u0159ipravte se na porod t\u00edm nejlep\u0161\u00edm mo\u017en\u00fdm zp\u016fsobem. Karty si um\u00edst\u011bte na lednici nebo si vytvo\u0159te vlastn\u00ed porodn\u00ed n\u00e1st\u011bnku.\" \/>\n<meta property=\"og:url\" content=\"https:\/\/jemnezrozeni.cz\/en\/produkt\/afirmacni-karta-12\/\" \/>\n<meta property=\"og:site_name\" content=\"Jemn\u00e9 Zrozen\u00ed\" \/>\n<meta property=\"article:modified_time\" content=\"2021-04-16T13:45:57+00:00\" \/>\n<meta property=\"og:image\" content=\"https:\/\/jemnezrozeni.cz\/wp-content\/uploads\/2018\/01\/karta-12.jpg\" \/>\n\t<meta property=\"og:image:width\" content=\"1517\" \/>\n\t<meta property=\"og:image:height\" content=\"1517\" \/>\n\t<meta property=\"og:image:type\" content=\"image\/jpeg\" \/>\n<meta name=\"twitter:card\" content=\"summary_large_image\" \/>\n<script type=\"application\/ld+json\" class=\"yoast-schema-graph\">{\"@context\":\"https:\\\/\\\/schema.org\",\"@graph\":[{\"@type\":\"WebPage\",\"@id\":\"https:\\\/\\\/jemnezrozeni.cz\\\/en\\\/produkt\\\/afirmacni-karta-12\\\/\",\"url\":\"https:\\\/\\\/jemnezrozeni.cz\\\/en\\\/produkt\\\/afirmacni-karta-12\\\/\",\"name\":\"Afirma\u010dn\u00ed karta 12 - Jemn\u00e9 Zrozen\u00ed\",\"isPartOf\":{\"@id\":\"https:\\\/\\\/jemnezrozeni.cz\\\/#website\"},\"primaryImageOfPage\":{\"@id\":\"https:\\\/\\\/jemnezrozeni.cz\\\/en\\\/produkt\\\/afirmacni-karta-12\\\/#primaryimage\"},\"image\":{\"@id\":\"https:\\\/\\\/jemnezrozeni.cz\\\/en\\\/produkt\\\/afirmacni-karta-12\\\/#primaryimage\"},\"thumbnailUrl\":\"https:\\\/\\\/jemnezrozeni.cz\\\/wp-content\\\/uploads\\\/2018\\\/01\\\/karta-12.jpg\",\"datePublished\":\"2017-10-13T16:07:54+00:00\",\"dateModified\":\"2021-04-16T13:45:57+00:00\",\"breadcrumb\":{\"@id\":\"https:\\\/\\\/jemnezrozeni.cz\\\/en\\\/produkt\\\/afirmacni-karta-12\\\/#breadcrumb\"},\"inLanguage\":\"en-US\",\"potentialAction\":[{\"@type\":\"ReadAction\",\"target\":[\"https:\\\/\\\/jemnezrozeni.cz\\\/en\\\/produkt\\\/afirmacni-karta-12\\\/\"]}]},{\"@type\":\"ImageObject\",\"inLanguage\":\"en-US\",\"@id\":\"https:\\\/\\\/jemnezrozeni.cz\\\/en\\\/produkt\\\/afirmacni-karta-12\\\/#primaryimage\",\"url\":\"https:\\\/\\\/jemnezrozeni.cz\\\/wp-content\\\/uploads\\\/2018\\\/01\\\/karta-12.jpg\",\"contentUrl\":\"https:\\\/\\\/jemnezrozeni.cz\\\/wp-content\\\/uploads\\\/2018\\\/01\\\/karta-12.jpg\",\"width\":1517,\"height\":1517},{\"@type\":\"BreadcrumbList\",\"@id\":\"https:\\\/\\\/jemnezrozeni.cz\\\/en\\\/produkt\\\/afirmacni-karta-12\\\/#breadcrumb\",\"itemListElement\":[{\"@type\":\"ListItem\",\"position\":1,\"name\":\"Dom\u016f\",\"item\":\"https:\\\/\\\/jemnezrozeni.cz\\\/en\\\/\"},{\"@type\":\"ListItem\",\"position\":2,\"name\":\"Obchod\",\"item\":\"https:\\\/\\\/jemnezrozeni.cz\\\/obchod\\\/\"},{\"@type\":\"ListItem\",\"position\":3,\"name\":\"Afirma\u010dn\u00ed karta 12\"}]},{\"@type\":\"WebSite\",\"@id\":\"https:\\\/\\\/jemnezrozeni.cz\\\/#website\",\"url\":\"https:\\\/\\\/jemnezrozeni.cz\\\/\",\"name\":\"Jemn\u00e9 Zrozen\u00ed\",\"description\":\"Kompletn\u00ed p\u0159edporodn\u00ed p\u0159\u00edprava s Hypnoporodem\",\"publisher\":{\"@id\":\"https:\\\/\\\/jemnezrozeni.cz\\\/#organization\"},\"potentialAction\":[{\"@type\":\"SearchAction\",\"target\":{\"@type\":\"EntryPoint\",\"urlTemplate\":\"https:\\\/\\\/jemnezrozeni.cz\\\/?s={search_term_string}\"},\"query-input\":{\"@type\":\"PropertyValueSpecification\",\"valueRequired\":true,\"valueName\":\"search_term_string\"}}],\"inLanguage\":\"en-US\"},{\"@type\":\"Organization\",\"@id\":\"https:\\\/\\\/jemnezrozeni.cz\\\/#organization\",\"name\":\"Jemn\u00e9 Zrozen\u00ed\",\"url\":\"https:\\\/\\\/jemnezrozeni.cz\\\/\",\"logo\":{\"@type\":\"ImageObject\",\"inLanguage\":\"en-US\",\"@id\":\"https:\\\/\\\/jemnezrozeni.cz\\\/#\\\/schema\\\/logo\\\/image\\\/\",\"url\":\"https:\\\/\\\/jemnezrozeni.cz\\\/wp-content\\\/uploads\\\/2017\\\/07\\\/5105fe_e925fe50f82f46d4993b5ed5c97281a9-mv2.jpg\",\"contentUrl\":\"https:\\\/\\\/jemnezrozeni.cz\\\/wp-content\\\/uploads\\\/2017\\\/07\\\/5105fe_e925fe50f82f46d4993b5ed5c97281a9-mv2.jpg\",\"width\":350,\"height\":250,\"caption\":\"Jemn\u00e9 Zrozen\u00ed\"},\"image\":{\"@id\":\"https:\\\/\\\/jemnezrozeni.cz\\\/#\\\/schema\\\/logo\\\/image\\\/\"}}]}<\/script>\n<!-- \/ Yoast SEO plugin. -->","yoast_head_json":{"title":"Afirma\u010dn\u00ed karta 12 - Jemn\u00e9 Zrozen\u00ed","robots":{"index":"index","follow":"follow","max-snippet":"max-snippet:-1","max-image-preview":"max-image-preview:large","max-video-preview":"max-video-preview:-1"},"canonical":"https:\/\/jemnezrozeni.cz\/en\/produkt\/afirmacni-karta-12\/","og_locale":"en_US","og_type":"article","og_title":"Afirma\u010dn\u00ed karta 12 - Jemn\u00e9 Zrozen\u00ed","og_description":"Pracovn\u00ed afirma\u010dn\u00ed karty pro klidn\u00e9 t\u011bhotenstv\u00ed a p\u0159\u00edpravu na porod. Vyberte si kartu, kter\u00e1 se V\u00e1m l\u00edb\u00ed\u00a0a p\u0159ipravte se na porod t\u00edm nejlep\u0161\u00edm mo\u017en\u00fdm zp\u016fsobem. Karty si um\u00edst\u011bte na lednici nebo si vytvo\u0159te vlastn\u00ed porodn\u00ed n\u00e1st\u011bnku.","og_url":"https:\/\/jemnezrozeni.cz\/en\/produkt\/afirmacni-karta-12\/","og_site_name":"Jemn\u00e9 Zrozen\u00ed","article_modified_time":"2021-04-16T13:45:57+00:00","og_image":[{"width":1517,"height":1517,"url":"https:\/\/jemnezrozeni.cz\/wp-content\/uploads\/2018\/01\/karta-12.jpg","type":"image\/jpeg"}],"twitter_card":"summary_large_image","schema":{"@context":"https:\/\/schema.org","@graph":[{"@type":"WebPage","@id":"https:\/\/jemnezrozeni.cz\/en\/produkt\/afirmacni-karta-12\/","url":"https:\/\/jemnezrozeni.cz\/en\/produkt\/afirmacni-karta-12\/","name":"Afirma\u010dn\u00ed karta 12 - Jemn\u00e9 Zrozen\u00ed","isPartOf":{"@id":"https:\/\/jemnezrozeni.cz\/#website"},"primaryImageOfPage":{"@id":"https:\/\/jemnezrozeni.cz\/en\/produkt\/afirmacni-karta-12\/#primaryimage"},"image":{"@id":"https:\/\/jemnezrozeni.cz\/en\/produkt\/afirmacni-karta-12\/#primaryimage"},"thumbnailUrl":"https:\/\/jemnezrozeni.cz\/wp-content\/uploads\/2018\/01\/karta-12.jpg","datePublished":"2017-10-13T16:07:54+00:00","dateModified":"2021-04-16T13:45:57+00:00","breadcrumb":{"@id":"https:\/\/jemnezrozeni.cz\/en\/produkt\/afirmacni-karta-12\/#breadcrumb"},"inLanguage":"en-US","potentialAction":[{"@type":"ReadAction","target":["https:\/\/jemnezrozeni.cz\/en\/produkt\/afirmacni-karta-12\/"]}]},{"@type":"ImageObject","inLanguage":"en-US","@id":"https:\/\/jemnezrozeni.cz\/en\/produkt\/afirmacni-karta-12\/#primaryimage","url":"https:\/\/jemnezrozeni.cz\/wp-content\/uploads\/2018\/01\/karta-12.jpg","contentUrl":"https:\/\/jemnezrozeni.cz\/wp-content\/uploads\/2018\/01\/karta-12.jpg","width":1517,"height":1517},{"@type":"BreadcrumbList","@id":"https:\/\/jemnezrozeni.cz\/en\/produkt\/afirmacni-karta-12\/#breadcrumb","itemListElement":[{"@type":"ListItem","position":1,"name":"Dom\u016f","item":"https:\/\/jemnezrozeni.cz\/en\/"},{"@type":"ListItem","position":2,"name":"Obchod","item":"https:\/\/jemnezrozeni.cz\/obchod\/"},{"@type":"ListItem","position":3,"name":"Afirma\u010dn\u00ed karta 12"}]},{"@type":"WebSite","@id":"https:\/\/jemnezrozeni.cz\/#website","url":"https:\/\/jemnezrozeni.cz\/","name":"Jemn\u00e9 Zrozen\u00ed","description":"Kompletn\u00ed p\u0159edporodn\u00ed p\u0159\u00edprava s Hypnoporodem","publisher":{"@id":"https:\/\/jemnezrozeni.cz\/#organization"},"potentialAction":[{"@type":"SearchAction","target":{"@type":"EntryPoint","urlTemplate":"https:\/\/jemnezrozeni.cz\/?s={search_term_string}"},"query-input":{"@type":"PropertyValueSpecification","valueRequired":true,"valueName":"search_term_string"}}],"inLanguage":"en-US"},{"@type":"Organization","@id":"https:\/\/jemnezrozeni.cz\/#organization","name":"Jemn\u00e9 Zrozen\u00ed","url":"https:\/\/jemnezrozeni.cz\/","logo":{"@type":"ImageObject","inLanguage":"en-US","@id":"https:\/\/jemnezrozeni.cz\/#\/schema\/logo\/image\/","url":"https:\/\/jemnezrozeni.cz\/wp-content\/uploads\/2017\/07\/5105fe_e925fe50f82f46d4993b5ed5c97281a9-mv2.jpg","contentUrl":"https:\/\/jemnezrozeni.cz\/wp-content\/uploads\/2017\/07\/5105fe_e925fe50f82f46d4993b5ed5c97281a9-mv2.jpg","width":350,"height":250,"caption":"Jemn\u00e9 Zrozen\u00ed"},"image":{"@id":"https:\/\/jemnezrozeni.cz\/#\/schema\/logo\/image\/"}}]}},"_links":{"self":[{"href":"https:\/\/jemnezrozeni.cz\/en\/wp-json\/wp\/v2\/product\/565","targetHints":{"allow":["GET"]}}],"collection":[{"href":"https:\/\/jemnezrozeni.cz\/en\/wp-json\/wp\/v2\/product"}],"about":[{"href":"https:\/\/jemnezrozeni.cz\/en\/wp-json\/wp\/v2\/types\/product"}],"replies":[{"embeddable":true,"href":"https:\/\/jemnezrozeni.cz\/en\/wp-json\/wp\/v2\/comments?post=565"}],"wp:featuredmedia":[{"embeddable":true,"href":"https:\/\/jemnezrozeni.cz\/en\/wp-json\/wp\/v2\/media\/1463"}],"wp:attachment":[{"href":"https:\/\/jemnezrozeni.cz\/en\/wp-json\/wp\/v2\/media?parent=565"}],"wp:term":[{"taxonomy":"product_brand","embeddable":true,"href":"https:\/\/jemnezrozeni.cz\/en\/wp-json\/wp\/v2\/product_brand?post=565"},{"taxonomy":"product_cat","embeddable":true,"href":"https:\/\/jemnezrozeni.cz\/en\/wp-json\/wp\/v2\/product_cat?post=565"},{"taxonomy":"product_tag","embeddable":true,"href":"https:\/\/jemnezrozeni.cz\/en\/wp-json\/wp\/v2\/product_tag?post=565"}],"curies":[{"name":"wp","href":"https:\/\/api.w.org\/{rel}","templated":true}]}}