{"id":335,"date":"2017-09-27T23:16:16","date_gmt":"2017-09-27T21:16:16","guid":{"rendered":"http:\/\/jemnezrozeni.cz\/?post_type=product&#038;p=335"},"modified":"2021-04-03T09:57:38","modified_gmt":"2021-04-03T07:57:38","slug":"pupecnikova-snurka-7","status":"publish","type":"product","link":"https:\/\/jemnezrozeni.cz\/en\/produkt\/pupecnikova-snurka-7\/","title":{"rendered":"Pupe\u010dn\u00edkov\u00e1 \u0161\u0148\u016frka &#8211; aut\u00ed\u010dko"},"content":{"rendered":"<p>Jedine\u010dn\u00e9 ru\u010dn\u011b d\u011blan\u00e9 pupe\u010dn\u00edkov\u00e9 \u0161\u0148\u016frky. Zapome\u0148te na velk\u00e9 nemocni\u010dn\u00ed svorky na pupe\u010dn\u00edk a dop\u0159ejte sv\u00e9mu miminku kr\u00e1snou, jemnou a hlavn\u011b m\u011bkkou \u0161\u0148\u016frku, kter\u00e1 nikde netla\u010d\u00ed a nep\u0159ek\u00e1\u017e\u00ed.<\/p>\n<ul>\n<li>pou\u017eit\u00ed je bezpe\u010dn\u00e9<\/li>\n<li>100% bavlna<\/li>\n<li>instrukce p\u0159ilo\u017eeny<\/li>\n<\/ul>\n<p>Vyberte si svou vlastn\u00ed jedine\u010dnou pupe\u010dn\u00ed \u0161\u0148\u016frku.<\/p>\n","protected":false},"excerpt":{"rendered":"<p>Jedine\u010dn\u00e9 ru\u010dn\u011b d\u011blan\u00e9 pupe\u010dn\u00edkov\u00e9 \u0161\u0148\u016frky. Zapome\u0148te na velk\u00e9 nemocni\u010dn\u00ed svorky na pupe\u010dn\u00edk a dop\u0159ejte sv\u00e9mu miminku kr\u00e1snou, jemnou a hlavn\u011b m\u011bkkou \u0161\u0148\u016frku, kter\u00e1 nikde netla\u010d\u00ed a nep\u0159ek\u00e1\u017e\u00ed. pou\u017eit\u00ed je bezpe\u010dn\u00e9 100% bavlna instrukce p\u0159ilo\u017eeny Vyberte si svou vlastn\u00ed jedine\u010dnou pupe\u010dn\u00ed \u0161\u0148\u016frku.<\/p>\n","protected":false},"featured_media":336,"comment_status":"open","ping_status":"closed","template":"","meta":{"_acf_changed":false},"product_brand":[],"product_cat":[52],"product_tag":[],"class_list":{"0":"post-335","1":"product","2":"type-product","3":"status-publish","4":"has-post-thumbnail","6":"product_cat-pupecnikovesnurky","8":"first","9":"instock","10":"taxable","11":"shipping-taxable","12":"purchasable","13":"product-type-variable"},"acf":[],"yoast_head":"<!-- This site is optimized with the Yoast SEO plugin v27.3 - https:\/\/yoast.com\/product\/yoast-seo-wordpress\/ -->\n<title>Pupe\u010dn\u00edkov\u00e1 \u0161\u0148\u016frka - aut\u00ed\u010dko - Jemn\u00e9 Zrozen\u00ed<\/title>\n<meta name=\"robots\" content=\"index, follow, max-snippet:-1, max-image-preview:large, max-video-preview:-1\" \/>\n<link rel=\"canonical\" href=\"https:\/\/jemnezrozeni.cz\/en\/produkt\/pupecnikova-snurka-7\/\" \/>\n<meta property=\"og:locale\" content=\"en_US\" \/>\n<meta property=\"og:type\" content=\"article\" \/>\n<meta property=\"og:title\" content=\"Pupe\u010dn\u00edkov\u00e1 \u0161\u0148\u016frka - aut\u00ed\u010dko - Jemn\u00e9 Zrozen\u00ed\" \/>\n<meta property=\"og:description\" content=\"Jedine\u010dn\u00e9 ru\u010dn\u011b d\u011blan\u00e9 pupe\u010dn\u00edkov\u00e9 \u0161\u0148\u016frky. Zapome\u0148te na velk\u00e9 nemocni\u010dn\u00ed svorky na pupe\u010dn\u00edk a dop\u0159ejte sv\u00e9mu miminku kr\u00e1snou, jemnou a hlavn\u011b m\u011bkkou \u0161\u0148\u016frku, kter\u00e1 nikde netla\u010d\u00ed a nep\u0159ek\u00e1\u017e\u00ed. pou\u017eit\u00ed je bezpe\u010dn\u00e9 100% bavlna instrukce p\u0159ilo\u017eeny Vyberte si svou vlastn\u00ed jedine\u010dnou pupe\u010dn\u00ed \u0161\u0148\u016frku.\" \/>\n<meta property=\"og:url\" content=\"https:\/\/jemnezrozeni.cz\/en\/produkt\/pupecnikova-snurka-7\/\" \/>\n<meta property=\"og:site_name\" content=\"Jemn\u00e9 Zrozen\u00ed\" \/>\n<meta property=\"article:modified_time\" content=\"2021-04-03T07:57:38+00:00\" \/>\n<meta property=\"og:image\" content=\"https:\/\/jemnezrozeni.cz\/wp-content\/uploads\/2017\/09\/snurka_auto.jpg\" \/>\n\t<meta property=\"og:image:width\" content=\"900\" \/>\n\t<meta property=\"og:image:height\" content=\"900\" \/>\n\t<meta property=\"og:image:type\" content=\"image\/jpeg\" \/>\n<meta name=\"twitter:card\" content=\"summary_large_image\" \/>\n<script type=\"application\/ld+json\" class=\"yoast-schema-graph\">{\"@context\":\"https:\\\/\\\/schema.org\",\"@graph\":[{\"@type\":\"WebPage\",\"@id\":\"https:\\\/\\\/jemnezrozeni.cz\\\/en\\\/produkt\\\/pupecnikova-snurka-7\\\/\",\"url\":\"https:\\\/\\\/jemnezrozeni.cz\\\/en\\\/produkt\\\/pupecnikova-snurka-7\\\/\",\"name\":\"Pupe\u010dn\u00edkov\u00e1 \u0161\u0148\u016frka - aut\u00ed\u010dko - Jemn\u00e9 Zrozen\u00ed\",\"isPartOf\":{\"@id\":\"https:\\\/\\\/jemnezrozeni.cz\\\/#website\"},\"primaryImageOfPage\":{\"@id\":\"https:\\\/\\\/jemnezrozeni.cz\\\/en\\\/produkt\\\/pupecnikova-snurka-7\\\/#primaryimage\"},\"image\":{\"@id\":\"https:\\\/\\\/jemnezrozeni.cz\\\/en\\\/produkt\\\/pupecnikova-snurka-7\\\/#primaryimage\"},\"thumbnailUrl\":\"https:\\\/\\\/jemnezrozeni.cz\\\/wp-content\\\/uploads\\\/2017\\\/09\\\/snurka_auto.jpg\",\"datePublished\":\"2017-09-27T21:16:16+00:00\",\"dateModified\":\"2021-04-03T07:57:38+00:00\",\"breadcrumb\":{\"@id\":\"https:\\\/\\\/jemnezrozeni.cz\\\/en\\\/produkt\\\/pupecnikova-snurka-7\\\/#breadcrumb\"},\"inLanguage\":\"en-US\",\"potentialAction\":[{\"@type\":\"ReadAction\",\"target\":[\"https:\\\/\\\/jemnezrozeni.cz\\\/en\\\/produkt\\\/pupecnikova-snurka-7\\\/\"]}]},{\"@type\":\"ImageObject\",\"inLanguage\":\"en-US\",\"@id\":\"https:\\\/\\\/jemnezrozeni.cz\\\/en\\\/produkt\\\/pupecnikova-snurka-7\\\/#primaryimage\",\"url\":\"https:\\\/\\\/jemnezrozeni.cz\\\/wp-content\\\/uploads\\\/2017\\\/09\\\/snurka_auto.jpg\",\"contentUrl\":\"https:\\\/\\\/jemnezrozeni.cz\\\/wp-content\\\/uploads\\\/2017\\\/09\\\/snurka_auto.jpg\",\"width\":900,\"height\":900},{\"@type\":\"BreadcrumbList\",\"@id\":\"https:\\\/\\\/jemnezrozeni.cz\\\/en\\\/produkt\\\/pupecnikova-snurka-7\\\/#breadcrumb\",\"itemListElement\":[{\"@type\":\"ListItem\",\"position\":1,\"name\":\"Dom\u016f\",\"item\":\"https:\\\/\\\/jemnezrozeni.cz\\\/en\\\/\"},{\"@type\":\"ListItem\",\"position\":2,\"name\":\"Obchod\",\"item\":\"https:\\\/\\\/jemnezrozeni.cz\\\/obchod\\\/\"},{\"@type\":\"ListItem\",\"position\":3,\"name\":\"Pupe\u010dn\u00edkov\u00e1 \u0161\u0148\u016frka &#8211; aut\u00ed\u010dko\"}]},{\"@type\":\"WebSite\",\"@id\":\"https:\\\/\\\/jemnezrozeni.cz\\\/#website\",\"url\":\"https:\\\/\\\/jemnezrozeni.cz\\\/\",\"name\":\"Jemn\u00e9 Zrozen\u00ed\",\"description\":\"Kompletn\u00ed p\u0159edporodn\u00ed p\u0159\u00edprava s Hypnoporodem\",\"publisher\":{\"@id\":\"https:\\\/\\\/jemnezrozeni.cz\\\/#organization\"},\"potentialAction\":[{\"@type\":\"SearchAction\",\"target\":{\"@type\":\"EntryPoint\",\"urlTemplate\":\"https:\\\/\\\/jemnezrozeni.cz\\\/?s={search_term_string}\"},\"query-input\":{\"@type\":\"PropertyValueSpecification\",\"valueRequired\":true,\"valueName\":\"search_term_string\"}}],\"inLanguage\":\"en-US\"},{\"@type\":\"Organization\",\"@id\":\"https:\\\/\\\/jemnezrozeni.cz\\\/#organization\",\"name\":\"Jemn\u00e9 Zrozen\u00ed\",\"url\":\"https:\\\/\\\/jemnezrozeni.cz\\\/\",\"logo\":{\"@type\":\"ImageObject\",\"inLanguage\":\"en-US\",\"@id\":\"https:\\\/\\\/jemnezrozeni.cz\\\/#\\\/schema\\\/logo\\\/image\\\/\",\"url\":\"https:\\\/\\\/jemnezrozeni.cz\\\/wp-content\\\/uploads\\\/2017\\\/07\\\/5105fe_e925fe50f82f46d4993b5ed5c97281a9-mv2.jpg\",\"contentUrl\":\"https:\\\/\\\/jemnezrozeni.cz\\\/wp-content\\\/uploads\\\/2017\\\/07\\\/5105fe_e925fe50f82f46d4993b5ed5c97281a9-mv2.jpg\",\"width\":350,\"height\":250,\"caption\":\"Jemn\u00e9 Zrozen\u00ed\"},\"image\":{\"@id\":\"https:\\\/\\\/jemnezrozeni.cz\\\/#\\\/schema\\\/logo\\\/image\\\/\"}}]}<\/script>\n<!-- \/ Yoast SEO plugin. -->","yoast_head_json":{"title":"Pupe\u010dn\u00edkov\u00e1 \u0161\u0148\u016frka - aut\u00ed\u010dko - Jemn\u00e9 Zrozen\u00ed","robots":{"index":"index","follow":"follow","max-snippet":"max-snippet:-1","max-image-preview":"max-image-preview:large","max-video-preview":"max-video-preview:-1"},"canonical":"https:\/\/jemnezrozeni.cz\/en\/produkt\/pupecnikova-snurka-7\/","og_locale":"en_US","og_type":"article","og_title":"Pupe\u010dn\u00edkov\u00e1 \u0161\u0148\u016frka - aut\u00ed\u010dko - Jemn\u00e9 Zrozen\u00ed","og_description":"Jedine\u010dn\u00e9 ru\u010dn\u011b d\u011blan\u00e9 pupe\u010dn\u00edkov\u00e9 \u0161\u0148\u016frky. Zapome\u0148te na velk\u00e9 nemocni\u010dn\u00ed svorky na pupe\u010dn\u00edk a dop\u0159ejte sv\u00e9mu miminku kr\u00e1snou, jemnou a hlavn\u011b m\u011bkkou \u0161\u0148\u016frku, kter\u00e1 nikde netla\u010d\u00ed a nep\u0159ek\u00e1\u017e\u00ed. pou\u017eit\u00ed je bezpe\u010dn\u00e9 100% bavlna instrukce p\u0159ilo\u017eeny Vyberte si svou vlastn\u00ed jedine\u010dnou pupe\u010dn\u00ed \u0161\u0148\u016frku.","og_url":"https:\/\/jemnezrozeni.cz\/en\/produkt\/pupecnikova-snurka-7\/","og_site_name":"Jemn\u00e9 Zrozen\u00ed","article_modified_time":"2021-04-03T07:57:38+00:00","og_image":[{"width":900,"height":900,"url":"https:\/\/jemnezrozeni.cz\/wp-content\/uploads\/2017\/09\/snurka_auto.jpg","type":"image\/jpeg"}],"twitter_card":"summary_large_image","schema":{"@context":"https:\/\/schema.org","@graph":[{"@type":"WebPage","@id":"https:\/\/jemnezrozeni.cz\/en\/produkt\/pupecnikova-snurka-7\/","url":"https:\/\/jemnezrozeni.cz\/en\/produkt\/pupecnikova-snurka-7\/","name":"Pupe\u010dn\u00edkov\u00e1 \u0161\u0148\u016frka - aut\u00ed\u010dko - Jemn\u00e9 Zrozen\u00ed","isPartOf":{"@id":"https:\/\/jemnezrozeni.cz\/#website"},"primaryImageOfPage":{"@id":"https:\/\/jemnezrozeni.cz\/en\/produkt\/pupecnikova-snurka-7\/#primaryimage"},"image":{"@id":"https:\/\/jemnezrozeni.cz\/en\/produkt\/pupecnikova-snurka-7\/#primaryimage"},"thumbnailUrl":"https:\/\/jemnezrozeni.cz\/wp-content\/uploads\/2017\/09\/snurka_auto.jpg","datePublished":"2017-09-27T21:16:16+00:00","dateModified":"2021-04-03T07:57:38+00:00","breadcrumb":{"@id":"https:\/\/jemnezrozeni.cz\/en\/produkt\/pupecnikova-snurka-7\/#breadcrumb"},"inLanguage":"en-US","potentialAction":[{"@type":"ReadAction","target":["https:\/\/jemnezrozeni.cz\/en\/produkt\/pupecnikova-snurka-7\/"]}]},{"@type":"ImageObject","inLanguage":"en-US","@id":"https:\/\/jemnezrozeni.cz\/en\/produkt\/pupecnikova-snurka-7\/#primaryimage","url":"https:\/\/jemnezrozeni.cz\/wp-content\/uploads\/2017\/09\/snurka_auto.jpg","contentUrl":"https:\/\/jemnezrozeni.cz\/wp-content\/uploads\/2017\/09\/snurka_auto.jpg","width":900,"height":900},{"@type":"BreadcrumbList","@id":"https:\/\/jemnezrozeni.cz\/en\/produkt\/pupecnikova-snurka-7\/#breadcrumb","itemListElement":[{"@type":"ListItem","position":1,"name":"Dom\u016f","item":"https:\/\/jemnezrozeni.cz\/en\/"},{"@type":"ListItem","position":2,"name":"Obchod","item":"https:\/\/jemnezrozeni.cz\/obchod\/"},{"@type":"ListItem","position":3,"name":"Pupe\u010dn\u00edkov\u00e1 \u0161\u0148\u016frka &#8211; aut\u00ed\u010dko"}]},{"@type":"WebSite","@id":"https:\/\/jemnezrozeni.cz\/#website","url":"https:\/\/jemnezrozeni.cz\/","name":"Jemn\u00e9 Zrozen\u00ed","description":"Kompletn\u00ed p\u0159edporodn\u00ed p\u0159\u00edprava s Hypnoporodem","publisher":{"@id":"https:\/\/jemnezrozeni.cz\/#organization"},"potentialAction":[{"@type":"SearchAction","target":{"@type":"EntryPoint","urlTemplate":"https:\/\/jemnezrozeni.cz\/?s={search_term_string}"},"query-input":{"@type":"PropertyValueSpecification","valueRequired":true,"valueName":"search_term_string"}}],"inLanguage":"en-US"},{"@type":"Organization","@id":"https:\/\/jemnezrozeni.cz\/#organization","name":"Jemn\u00e9 Zrozen\u00ed","url":"https:\/\/jemnezrozeni.cz\/","logo":{"@type":"ImageObject","inLanguage":"en-US","@id":"https:\/\/jemnezrozeni.cz\/#\/schema\/logo\/image\/","url":"https:\/\/jemnezrozeni.cz\/wp-content\/uploads\/2017\/07\/5105fe_e925fe50f82f46d4993b5ed5c97281a9-mv2.jpg","contentUrl":"https:\/\/jemnezrozeni.cz\/wp-content\/uploads\/2017\/07\/5105fe_e925fe50f82f46d4993b5ed5c97281a9-mv2.jpg","width":350,"height":250,"caption":"Jemn\u00e9 Zrozen\u00ed"},"image":{"@id":"https:\/\/jemnezrozeni.cz\/#\/schema\/logo\/image\/"}}]}},"_links":{"self":[{"href":"https:\/\/jemnezrozeni.cz\/en\/wp-json\/wp\/v2\/product\/335","targetHints":{"allow":["GET"]}}],"collection":[{"href":"https:\/\/jemnezrozeni.cz\/en\/wp-json\/wp\/v2\/product"}],"about":[{"href":"https:\/\/jemnezrozeni.cz\/en\/wp-json\/wp\/v2\/types\/product"}],"replies":[{"embeddable":true,"href":"https:\/\/jemnezrozeni.cz\/en\/wp-json\/wp\/v2\/comments?post=335"}],"wp:featuredmedia":[{"embeddable":true,"href":"https:\/\/jemnezrozeni.cz\/en\/wp-json\/wp\/v2\/media\/336"}],"wp:attachment":[{"href":"https:\/\/jemnezrozeni.cz\/en\/wp-json\/wp\/v2\/media?parent=335"}],"wp:term":[{"taxonomy":"product_brand","embeddable":true,"href":"https:\/\/jemnezrozeni.cz\/en\/wp-json\/wp\/v2\/product_brand?post=335"},{"taxonomy":"product_cat","embeddable":true,"href":"https:\/\/jemnezrozeni.cz\/en\/wp-json\/wp\/v2\/product_cat?post=335"},{"taxonomy":"product_tag","embeddable":true,"href":"https:\/\/jemnezrozeni.cz\/en\/wp-json\/wp\/v2\/product_tag?post=335"}],"curies":[{"name":"wp","href":"https:\/\/api.w.org\/{rel}","templated":true}]}}