{"id":18593,"date":"2021-11-23T17:11:18","date_gmt":"2021-11-23T16:11:18","guid":{"rendered":"https:\/\/jemnezrozeni.cz\/?post_type=product&#038;p=18593"},"modified":"2023-01-22T09:50:32","modified_gmt":"2023-01-22T08:50:32","slug":"relaxacni-hudba-pro-sestinedelky-frekvence-528hz","status":"publish","type":"product","link":"https:\/\/jemnezrozeni.cz\/en\/produkt\/relaxacni-hudba-pro-sestinedelky-frekvence-528hz\/","title":{"rendered":"Relaxa\u010dn\u00ed hudba pro \u0161estined\u011blky &#8211; frekvence 528hz"},"content":{"rendered":"<p>Nechaly jsme pro v\u00e1s vytvo\u0159it speci\u00e1ln\u00ed poporodn\u00ed nahr\u00e1vku obsahuj\u00edc\u00ed zn\u00e1m\u00e9 l\u00e9\u010div\u00e9 t\u00f3ny. 528 hertz\u016f je zn\u00e1m\u00e1 jako frekvence l\u00e1sky, 528 hertz\u016f je jednou z nejzn\u00e1m\u011bj\u0161\u00edch a nejobl\u00edben\u011bj\u0161\u00edch frekvenc\u00ed Solfeggio. Tento hudebn\u00ed t\u00f3n byl v domorod\u00fdch populac\u00edch pou\u017e\u00edv\u00e1n jako zvuk spojen\u00fd s po\u017eehn\u00e1n\u00edm ji\u017e z doby p\u0159ed p\u00edsemnou histori\u00ed.<\/p>\n<p>Tato frekvence pom\u00e1h\u00e1:<\/p>\n<p>Vy\u010distit negativn\u00ed energie.<br \/>\nStabilizovat l\u00e1sku v sob\u011b.<br \/>\nAktivovat duchovn\u00ed a l\u00e9\u010div\u00e9 s\u00edly.<br \/>\nPodporovat pozitivn\u00ed bun\u011b\u010dn\u00e9 zdrav\u00ed.<br \/>\nNavodit okam\u017eit\u00fd, hlubok\u00fd stav relaxace.<br \/>\nZlep\u0161ovat du\u0161evn\u00ed jasnost a fungov\u00e1n\u00ed mozku.<br \/>\nZvy\u0161ovat \u00farove\u0148 fyzick\u00e9 energie a du\u0161evn\u00ed koncentrace.<br \/>\nUv\u00e1d\u011bt nervov\u00fd syst\u00e9m do rovnov\u00e1hy.<\/p>\n<p>Probouz\u00ed a aktivuje tvo\u0159ivost a lidsk\u00e9 t\u011blo se dost\u00e1v\u00e1 do pocitu hlubok\u00e9ho vnit\u0159n\u00edho klidu a m\u00edru, radosti a pocitu bezpodm\u00edne\u010dn\u00e9 l\u00e1sky.<\/p>\n<p>MP3 nahr\u00e1vka &#8211; d\u00e9lka 35 min<\/p>\n","protected":false},"excerpt":{"rendered":"<p>Nechaly jsme pro v\u00e1s vytvo\u0159it speci\u00e1ln\u00ed poporodn\u00ed nahr\u00e1vku obsahuj\u00edc\u00ed zn\u00e1m\u00e9 l\u00e9\u010div\u00e9 t\u00f3ny. 528 hertz\u016f je zn\u00e1m\u00e1 jako frekvence l\u00e1sky, 528 hertz\u016f je jednou z nejzn\u00e1m\u011bj\u0161\u00edch a nejobl\u00edben\u011bj\u0161\u00edch frekvenc\u00ed Solfeggio. Tento hudebn\u00ed t\u00f3n byl v domorod\u00fdch populac\u00edch pou\u017e\u00edv\u00e1n jako zvuk spojen\u00fd s po\u017eehn\u00e1n\u00edm ji\u017e z doby p\u0159ed p\u00edsemnou histori\u00ed. Tato frekvence pom\u00e1h\u00e1: Vy\u010distit negativn\u00ed energie. Stabilizovat [&hellip;]<\/p>\n","protected":false},"featured_media":17839,"comment_status":"open","ping_status":"closed","template":"","meta":{"_acf_changed":false},"product_brand":[],"product_cat":[40],"product_tag":[],"class_list":{"0":"post-18593","1":"product","2":"type-product","3":"status-publish","4":"has-post-thumbnail","6":"product_cat-mp3-nahravky","8":"first","9":"instock","10":"downloadable","11":"virtual","12":"taxable","13":"purchasable","14":"product-type-simple"},"acf":[],"yoast_head":"<!-- This site is optimized with the Yoast SEO plugin v27.3 - https:\/\/yoast.com\/product\/yoast-seo-wordpress\/ -->\n<title>Relaxa\u010dn\u00ed hudba pro \u0161estined\u011blky - frekvence 528hz - Jemn\u00e9 Zrozen\u00ed<\/title>\n<meta name=\"robots\" content=\"index, follow, max-snippet:-1, max-image-preview:large, max-video-preview:-1\" \/>\n<link rel=\"canonical\" href=\"https:\/\/jemnezrozeni.cz\/produkt\/relaxacni-hudba-pro-sestinedelky-frekvence-528hz\/\" \/>\n<meta property=\"og:locale\" content=\"en_US\" \/>\n<meta property=\"og:type\" content=\"article\" \/>\n<meta property=\"og:title\" content=\"Relaxa\u010dn\u00ed hudba pro \u0161estined\u011blky - frekvence 528hz - Jemn\u00e9 Zrozen\u00ed\" \/>\n<meta property=\"og:description\" content=\"Nechaly jsme pro v\u00e1s vytvo\u0159it speci\u00e1ln\u00ed poporodn\u00ed nahr\u00e1vku obsahuj\u00edc\u00ed zn\u00e1m\u00e9 l\u00e9\u010div\u00e9 t\u00f3ny. 528 hertz\u016f je zn\u00e1m\u00e1 jako frekvence l\u00e1sky, 528 hertz\u016f je jednou z nejzn\u00e1m\u011bj\u0161\u00edch a nejobl\u00edben\u011bj\u0161\u00edch frekvenc\u00ed Solfeggio. Tento hudebn\u00ed t\u00f3n byl v domorod\u00fdch populac\u00edch pou\u017e\u00edv\u00e1n jako zvuk spojen\u00fd s po\u017eehn\u00e1n\u00edm ji\u017e z doby p\u0159ed p\u00edsemnou histori\u00ed. Tato frekvence pom\u00e1h\u00e1: Vy\u010distit negativn\u00ed energie. Stabilizovat [&hellip;]\" \/>\n<meta property=\"og:url\" content=\"https:\/\/jemnezrozeni.cz\/produkt\/relaxacni-hudba-pro-sestinedelky-frekvence-528hz\/\" \/>\n<meta property=\"og:site_name\" content=\"Jemn\u00e9 Zrozen\u00ed\" \/>\n<meta property=\"article:modified_time\" content=\"2023-01-22T08:50:32+00:00\" \/>\n<meta property=\"og:image\" content=\"https:\/\/jemnezrozeni.cz\/wp-content\/uploads\/2021\/05\/adobestock_213466913.jpeg\" \/>\n\t<meta property=\"og:image:width\" content=\"1920\" \/>\n\t<meta property=\"og:image:height\" content=\"1280\" \/>\n\t<meta property=\"og:image:type\" content=\"image\/jpeg\" \/>\n<meta name=\"twitter:card\" content=\"summary_large_image\" \/>\n<meta name=\"twitter:label1\" content=\"Est. reading time\" \/>\n\t<meta name=\"twitter:data1\" content=\"1 minute\" \/>\n<script type=\"application\/ld+json\" class=\"yoast-schema-graph\">{\"@context\":\"https:\\\/\\\/schema.org\",\"@graph\":[{\"@type\":\"WebPage\",\"@id\":\"https:\\\/\\\/jemnezrozeni.cz\\\/produkt\\\/relaxacni-hudba-pro-sestinedelky-frekvence-528hz\\\/\",\"url\":\"https:\\\/\\\/jemnezrozeni.cz\\\/produkt\\\/relaxacni-hudba-pro-sestinedelky-frekvence-528hz\\\/\",\"name\":\"Relaxa\u010dn\u00ed hudba pro \u0161estined\u011blky - frekvence 528hz - Jemn\u00e9 Zrozen\u00ed\",\"isPartOf\":{\"@id\":\"https:\\\/\\\/jemnezrozeni.cz\\\/#website\"},\"primaryImageOfPage\":{\"@id\":\"https:\\\/\\\/jemnezrozeni.cz\\\/produkt\\\/relaxacni-hudba-pro-sestinedelky-frekvence-528hz\\\/#primaryimage\"},\"image\":{\"@id\":\"https:\\\/\\\/jemnezrozeni.cz\\\/produkt\\\/relaxacni-hudba-pro-sestinedelky-frekvence-528hz\\\/#primaryimage\"},\"thumbnailUrl\":\"https:\\\/\\\/jemnezrozeni.cz\\\/wp-content\\\/uploads\\\/2021\\\/05\\\/adobestock_213466913.jpeg\",\"datePublished\":\"2021-11-23T16:11:18+00:00\",\"dateModified\":\"2023-01-22T08:50:32+00:00\",\"breadcrumb\":{\"@id\":\"https:\\\/\\\/jemnezrozeni.cz\\\/produkt\\\/relaxacni-hudba-pro-sestinedelky-frekvence-528hz\\\/#breadcrumb\"},\"inLanguage\":\"en-US\",\"potentialAction\":[{\"@type\":\"ReadAction\",\"target\":[\"https:\\\/\\\/jemnezrozeni.cz\\\/produkt\\\/relaxacni-hudba-pro-sestinedelky-frekvence-528hz\\\/\"]}]},{\"@type\":\"ImageObject\",\"inLanguage\":\"en-US\",\"@id\":\"https:\\\/\\\/jemnezrozeni.cz\\\/produkt\\\/relaxacni-hudba-pro-sestinedelky-frekvence-528hz\\\/#primaryimage\",\"url\":\"https:\\\/\\\/jemnezrozeni.cz\\\/wp-content\\\/uploads\\\/2021\\\/05\\\/adobestock_213466913.jpeg\",\"contentUrl\":\"https:\\\/\\\/jemnezrozeni.cz\\\/wp-content\\\/uploads\\\/2021\\\/05\\\/adobestock_213466913.jpeg\",\"width\":1920,\"height\":1280},{\"@type\":\"BreadcrumbList\",\"@id\":\"https:\\\/\\\/jemnezrozeni.cz\\\/produkt\\\/relaxacni-hudba-pro-sestinedelky-frekvence-528hz\\\/#breadcrumb\",\"itemListElement\":[{\"@type\":\"ListItem\",\"position\":1,\"name\":\"Dom\u016f\",\"item\":\"https:\\\/\\\/jemnezrozeni.cz\\\/en\\\/\"},{\"@type\":\"ListItem\",\"position\":2,\"name\":\"Obchod\",\"item\":\"https:\\\/\\\/jemnezrozeni.cz\\\/obchod\\\/\"},{\"@type\":\"ListItem\",\"position\":3,\"name\":\"Relaxa\u010dn\u00ed hudba pro \u0161estined\u011blky &#8211; frekvence 528hz\"}]},{\"@type\":\"WebSite\",\"@id\":\"https:\\\/\\\/jemnezrozeni.cz\\\/#website\",\"url\":\"https:\\\/\\\/jemnezrozeni.cz\\\/\",\"name\":\"Jemn\u00e9 Zrozen\u00ed\",\"description\":\"Kompletn\u00ed p\u0159edporodn\u00ed p\u0159\u00edprava s Hypnoporodem\",\"publisher\":{\"@id\":\"https:\\\/\\\/jemnezrozeni.cz\\\/#organization\"},\"potentialAction\":[{\"@type\":\"SearchAction\",\"target\":{\"@type\":\"EntryPoint\",\"urlTemplate\":\"https:\\\/\\\/jemnezrozeni.cz\\\/?s={search_term_string}\"},\"query-input\":{\"@type\":\"PropertyValueSpecification\",\"valueRequired\":true,\"valueName\":\"search_term_string\"}}],\"inLanguage\":\"en-US\"},{\"@type\":\"Organization\",\"@id\":\"https:\\\/\\\/jemnezrozeni.cz\\\/#organization\",\"name\":\"Jemn\u00e9 Zrozen\u00ed\",\"url\":\"https:\\\/\\\/jemnezrozeni.cz\\\/\",\"logo\":{\"@type\":\"ImageObject\",\"inLanguage\":\"en-US\",\"@id\":\"https:\\\/\\\/jemnezrozeni.cz\\\/#\\\/schema\\\/logo\\\/image\\\/\",\"url\":\"https:\\\/\\\/jemnezrozeni.cz\\\/wp-content\\\/uploads\\\/2017\\\/07\\\/5105fe_e925fe50f82f46d4993b5ed5c97281a9-mv2.jpg\",\"contentUrl\":\"https:\\\/\\\/jemnezrozeni.cz\\\/wp-content\\\/uploads\\\/2017\\\/07\\\/5105fe_e925fe50f82f46d4993b5ed5c97281a9-mv2.jpg\",\"width\":350,\"height\":250,\"caption\":\"Jemn\u00e9 Zrozen\u00ed\"},\"image\":{\"@id\":\"https:\\\/\\\/jemnezrozeni.cz\\\/#\\\/schema\\\/logo\\\/image\\\/\"}}]}<\/script>\n<!-- \/ Yoast SEO plugin. -->","yoast_head_json":{"title":"Relaxa\u010dn\u00ed hudba pro \u0161estined\u011blky - frekvence 528hz - Jemn\u00e9 Zrozen\u00ed","robots":{"index":"index","follow":"follow","max-snippet":"max-snippet:-1","max-image-preview":"max-image-preview:large","max-video-preview":"max-video-preview:-1"},"canonical":"https:\/\/jemnezrozeni.cz\/produkt\/relaxacni-hudba-pro-sestinedelky-frekvence-528hz\/","og_locale":"en_US","og_type":"article","og_title":"Relaxa\u010dn\u00ed hudba pro \u0161estined\u011blky - frekvence 528hz - Jemn\u00e9 Zrozen\u00ed","og_description":"Nechaly jsme pro v\u00e1s vytvo\u0159it speci\u00e1ln\u00ed poporodn\u00ed nahr\u00e1vku obsahuj\u00edc\u00ed zn\u00e1m\u00e9 l\u00e9\u010div\u00e9 t\u00f3ny. 528 hertz\u016f je zn\u00e1m\u00e1 jako frekvence l\u00e1sky, 528 hertz\u016f je jednou z nejzn\u00e1m\u011bj\u0161\u00edch a nejobl\u00edben\u011bj\u0161\u00edch frekvenc\u00ed Solfeggio. Tento hudebn\u00ed t\u00f3n byl v domorod\u00fdch populac\u00edch pou\u017e\u00edv\u00e1n jako zvuk spojen\u00fd s po\u017eehn\u00e1n\u00edm ji\u017e z doby p\u0159ed p\u00edsemnou histori\u00ed. Tato frekvence pom\u00e1h\u00e1: Vy\u010distit negativn\u00ed energie. Stabilizovat [&hellip;]","og_url":"https:\/\/jemnezrozeni.cz\/produkt\/relaxacni-hudba-pro-sestinedelky-frekvence-528hz\/","og_site_name":"Jemn\u00e9 Zrozen\u00ed","article_modified_time":"2023-01-22T08:50:32+00:00","og_image":[{"width":1920,"height":1280,"url":"https:\/\/jemnezrozeni.cz\/wp-content\/uploads\/2021\/05\/adobestock_213466913.jpeg","type":"image\/jpeg"}],"twitter_card":"summary_large_image","twitter_misc":{"Est. reading time":"1 minute"},"schema":{"@context":"https:\/\/schema.org","@graph":[{"@type":"WebPage","@id":"https:\/\/jemnezrozeni.cz\/produkt\/relaxacni-hudba-pro-sestinedelky-frekvence-528hz\/","url":"https:\/\/jemnezrozeni.cz\/produkt\/relaxacni-hudba-pro-sestinedelky-frekvence-528hz\/","name":"Relaxa\u010dn\u00ed hudba pro \u0161estined\u011blky - frekvence 528hz - Jemn\u00e9 Zrozen\u00ed","isPartOf":{"@id":"https:\/\/jemnezrozeni.cz\/#website"},"primaryImageOfPage":{"@id":"https:\/\/jemnezrozeni.cz\/produkt\/relaxacni-hudba-pro-sestinedelky-frekvence-528hz\/#primaryimage"},"image":{"@id":"https:\/\/jemnezrozeni.cz\/produkt\/relaxacni-hudba-pro-sestinedelky-frekvence-528hz\/#primaryimage"},"thumbnailUrl":"https:\/\/jemnezrozeni.cz\/wp-content\/uploads\/2021\/05\/adobestock_213466913.jpeg","datePublished":"2021-11-23T16:11:18+00:00","dateModified":"2023-01-22T08:50:32+00:00","breadcrumb":{"@id":"https:\/\/jemnezrozeni.cz\/produkt\/relaxacni-hudba-pro-sestinedelky-frekvence-528hz\/#breadcrumb"},"inLanguage":"en-US","potentialAction":[{"@type":"ReadAction","target":["https:\/\/jemnezrozeni.cz\/produkt\/relaxacni-hudba-pro-sestinedelky-frekvence-528hz\/"]}]},{"@type":"ImageObject","inLanguage":"en-US","@id":"https:\/\/jemnezrozeni.cz\/produkt\/relaxacni-hudba-pro-sestinedelky-frekvence-528hz\/#primaryimage","url":"https:\/\/jemnezrozeni.cz\/wp-content\/uploads\/2021\/05\/adobestock_213466913.jpeg","contentUrl":"https:\/\/jemnezrozeni.cz\/wp-content\/uploads\/2021\/05\/adobestock_213466913.jpeg","width":1920,"height":1280},{"@type":"BreadcrumbList","@id":"https:\/\/jemnezrozeni.cz\/produkt\/relaxacni-hudba-pro-sestinedelky-frekvence-528hz\/#breadcrumb","itemListElement":[{"@type":"ListItem","position":1,"name":"Dom\u016f","item":"https:\/\/jemnezrozeni.cz\/en\/"},{"@type":"ListItem","position":2,"name":"Obchod","item":"https:\/\/jemnezrozeni.cz\/obchod\/"},{"@type":"ListItem","position":3,"name":"Relaxa\u010dn\u00ed hudba pro \u0161estined\u011blky &#8211; frekvence 528hz"}]},{"@type":"WebSite","@id":"https:\/\/jemnezrozeni.cz\/#website","url":"https:\/\/jemnezrozeni.cz\/","name":"Jemn\u00e9 Zrozen\u00ed","description":"Kompletn\u00ed p\u0159edporodn\u00ed p\u0159\u00edprava s Hypnoporodem","publisher":{"@id":"https:\/\/jemnezrozeni.cz\/#organization"},"potentialAction":[{"@type":"SearchAction","target":{"@type":"EntryPoint","urlTemplate":"https:\/\/jemnezrozeni.cz\/?s={search_term_string}"},"query-input":{"@type":"PropertyValueSpecification","valueRequired":true,"valueName":"search_term_string"}}],"inLanguage":"en-US"},{"@type":"Organization","@id":"https:\/\/jemnezrozeni.cz\/#organization","name":"Jemn\u00e9 Zrozen\u00ed","url":"https:\/\/jemnezrozeni.cz\/","logo":{"@type":"ImageObject","inLanguage":"en-US","@id":"https:\/\/jemnezrozeni.cz\/#\/schema\/logo\/image\/","url":"https:\/\/jemnezrozeni.cz\/wp-content\/uploads\/2017\/07\/5105fe_e925fe50f82f46d4993b5ed5c97281a9-mv2.jpg","contentUrl":"https:\/\/jemnezrozeni.cz\/wp-content\/uploads\/2017\/07\/5105fe_e925fe50f82f46d4993b5ed5c97281a9-mv2.jpg","width":350,"height":250,"caption":"Jemn\u00e9 Zrozen\u00ed"},"image":{"@id":"https:\/\/jemnezrozeni.cz\/#\/schema\/logo\/image\/"}}]}},"_links":{"self":[{"href":"https:\/\/jemnezrozeni.cz\/en\/wp-json\/wp\/v2\/product\/18593","targetHints":{"allow":["GET"]}}],"collection":[{"href":"https:\/\/jemnezrozeni.cz\/en\/wp-json\/wp\/v2\/product"}],"about":[{"href":"https:\/\/jemnezrozeni.cz\/en\/wp-json\/wp\/v2\/types\/product"}],"replies":[{"embeddable":true,"href":"https:\/\/jemnezrozeni.cz\/en\/wp-json\/wp\/v2\/comments?post=18593"}],"wp:featuredmedia":[{"embeddable":true,"href":"https:\/\/jemnezrozeni.cz\/en\/wp-json\/wp\/v2\/media\/17839"}],"wp:attachment":[{"href":"https:\/\/jemnezrozeni.cz\/en\/wp-json\/wp\/v2\/media?parent=18593"}],"wp:term":[{"taxonomy":"product_brand","embeddable":true,"href":"https:\/\/jemnezrozeni.cz\/en\/wp-json\/wp\/v2\/product_brand?post=18593"},{"taxonomy":"product_cat","embeddable":true,"href":"https:\/\/jemnezrozeni.cz\/en\/wp-json\/wp\/v2\/product_cat?post=18593"},{"taxonomy":"product_tag","embeddable":true,"href":"https:\/\/jemnezrozeni.cz\/en\/wp-json\/wp\/v2\/product_tag?post=18593"}],"curies":[{"name":"wp","href":"https:\/\/api.w.org\/{rel}","templated":true}]}}