{"id":1653,"date":"2018-02-05T14:14:41","date_gmt":"2018-02-05T13:14:41","guid":{"rendered":"http:\/\/jemnezrozeni.cz\/?post_type=product&#038;p=1653"},"modified":"2021-04-16T15:12:19","modified_gmt":"2021-04-16T13:12:19","slug":"afirmacni-karty-sada-12-ks","status":"publish","type":"product","link":"https:\/\/jemnezrozeni.cz\/en\/produkt\/afirmacni-karty-sada-12-ks\/","title":{"rendered":"Afirma\u010dn\u00ed karty &#8211; sada 12 ks"},"content":{"rendered":"<p>Pracovn\u00ed afirma\u010dn\u00ed karty pro klidn\u00e9 t\u011bhotenstv\u00ed a p\u0159\u00edpravu na porod. Vyberte si 12 karet, kter\u00e9 se V\u00e1m l\u00edb\u00ed\u00a0a p\u0159ipravte se na porod t\u00edm nejlep\u0161\u00edm mo\u017en\u00fdm zp\u016fsobem. Karty si um\u00edst\u011bte na lednici nebo si vytvo\u0159te vlastn\u00ed porodn\u00ed n\u00e1st\u011bnku. <strong>P\u0159i n\u00e1kupu sady 12 ks &#8211; zv\u00fdhodn\u011bn\u00e1 cena.<\/strong><\/p>\n","protected":false},"excerpt":{"rendered":"<p>Pracovn\u00ed afirma\u010dn\u00ed karty pro klidn\u00e9 t\u011bhotenstv\u00ed a p\u0159\u00edpravu na porod. Vyberte si 12 karet, kter\u00e9 se V\u00e1m l\u00edb\u00ed\u00a0a p\u0159ipravte se na porod t\u00edm nejlep\u0161\u00edm mo\u017en\u00fdm zp\u016fsobem. Karty si um\u00edst\u011bte na lednici nebo si vytvo\u0159te vlastn\u00ed porodn\u00ed n\u00e1st\u011bnku. P\u0159i n\u00e1kupu sady 12 ks &#8211; zv\u00fdhodn\u011bn\u00e1 cena.<\/p>\n","protected":false},"featured_media":619,"comment_status":"open","ping_status":"closed","template":"","meta":{"_acf_changed":false},"product_brand":[],"product_cat":[51],"product_tag":[],"class_list":{"0":"post-1653","1":"product","2":"type-product","3":"status-publish","4":"has-post-thumbnail","6":"product_cat-afirmacnikarty","8":"first","9":"instock","10":"taxable","11":"shipping-taxable","12":"purchasable","13":"product-type-simple"},"acf":[],"yoast_head":"<!-- This site is optimized with the Yoast SEO plugin v27.3 - https:\/\/yoast.com\/product\/yoast-seo-wordpress\/ -->\n<title>Afirma\u010dn\u00ed karty - sada 12 ks - Jemn\u00e9 Zrozen\u00ed<\/title>\n<meta name=\"robots\" content=\"index, follow, max-snippet:-1, max-image-preview:large, max-video-preview:-1\" \/>\n<link rel=\"canonical\" href=\"https:\/\/jemnezrozeni.cz\/produkt\/afirmacni-karty-sada-12-ks\/\" \/>\n<meta property=\"og:locale\" content=\"en_US\" \/>\n<meta property=\"og:type\" content=\"article\" \/>\n<meta property=\"og:title\" content=\"Afirma\u010dn\u00ed karty - sada 12 ks - Jemn\u00e9 Zrozen\u00ed\" \/>\n<meta property=\"og:description\" content=\"Pracovn\u00ed afirma\u010dn\u00ed karty pro klidn\u00e9 t\u011bhotenstv\u00ed a p\u0159\u00edpravu na porod. Vyberte si 12 karet, kter\u00e9 se V\u00e1m l\u00edb\u00ed\u00a0a p\u0159ipravte se na porod t\u00edm nejlep\u0161\u00edm mo\u017en\u00fdm zp\u016fsobem. Karty si um\u00edst\u011bte na lednici nebo si vytvo\u0159te vlastn\u00ed porodn\u00ed n\u00e1st\u011bnku. P\u0159i n\u00e1kupu sady 12 ks &#8211; zv\u00fdhodn\u011bn\u00e1 cena.\" \/>\n<meta property=\"og:url\" content=\"https:\/\/jemnezrozeni.cz\/produkt\/afirmacni-karty-sada-12-ks\/\" \/>\n<meta property=\"og:site_name\" content=\"Jemn\u00e9 Zrozen\u00ed\" \/>\n<meta property=\"article:modified_time\" content=\"2021-04-16T13:12:19+00:00\" \/>\n<meta property=\"og:image\" content=\"https:\/\/jemnezrozeni.cz\/wp-content\/uploads\/2017\/10\/img_7740-1.jpg\" \/>\n\t<meta property=\"og:image:width\" content=\"2048\" \/>\n\t<meta property=\"og:image:height\" content=\"1365\" \/>\n\t<meta property=\"og:image:type\" content=\"image\/jpeg\" \/>\n<meta name=\"twitter:card\" content=\"summary_large_image\" \/>\n<script type=\"application\/ld+json\" class=\"yoast-schema-graph\">{\"@context\":\"https:\\\/\\\/schema.org\",\"@graph\":[{\"@type\":\"WebPage\",\"@id\":\"https:\\\/\\\/jemnezrozeni.cz\\\/produkt\\\/afirmacni-karty-sada-12-ks\\\/\",\"url\":\"https:\\\/\\\/jemnezrozeni.cz\\\/produkt\\\/afirmacni-karty-sada-12-ks\\\/\",\"name\":\"Afirma\u010dn\u00ed karty - sada 12 ks - Jemn\u00e9 Zrozen\u00ed\",\"isPartOf\":{\"@id\":\"https:\\\/\\\/jemnezrozeni.cz\\\/#website\"},\"primaryImageOfPage\":{\"@id\":\"https:\\\/\\\/jemnezrozeni.cz\\\/produkt\\\/afirmacni-karty-sada-12-ks\\\/#primaryimage\"},\"image\":{\"@id\":\"https:\\\/\\\/jemnezrozeni.cz\\\/produkt\\\/afirmacni-karty-sada-12-ks\\\/#primaryimage\"},\"thumbnailUrl\":\"https:\\\/\\\/jemnezrozeni.cz\\\/wp-content\\\/uploads\\\/2017\\\/10\\\/img_7740-1.jpg\",\"datePublished\":\"2018-02-05T13:14:41+00:00\",\"dateModified\":\"2021-04-16T13:12:19+00:00\",\"breadcrumb\":{\"@id\":\"https:\\\/\\\/jemnezrozeni.cz\\\/produkt\\\/afirmacni-karty-sada-12-ks\\\/#breadcrumb\"},\"inLanguage\":\"en-US\",\"potentialAction\":[{\"@type\":\"ReadAction\",\"target\":[\"https:\\\/\\\/jemnezrozeni.cz\\\/produkt\\\/afirmacni-karty-sada-12-ks\\\/\"]}]},{\"@type\":\"ImageObject\",\"inLanguage\":\"en-US\",\"@id\":\"https:\\\/\\\/jemnezrozeni.cz\\\/produkt\\\/afirmacni-karty-sada-12-ks\\\/#primaryimage\",\"url\":\"https:\\\/\\\/jemnezrozeni.cz\\\/wp-content\\\/uploads\\\/2017\\\/10\\\/img_7740-1.jpg\",\"contentUrl\":\"https:\\\/\\\/jemnezrozeni.cz\\\/wp-content\\\/uploads\\\/2017\\\/10\\\/img_7740-1.jpg\",\"width\":2048,\"height\":1365},{\"@type\":\"BreadcrumbList\",\"@id\":\"https:\\\/\\\/jemnezrozeni.cz\\\/produkt\\\/afirmacni-karty-sada-12-ks\\\/#breadcrumb\",\"itemListElement\":[{\"@type\":\"ListItem\",\"position\":1,\"name\":\"Dom\u016f\",\"item\":\"https:\\\/\\\/jemnezrozeni.cz\\\/en\\\/\"},{\"@type\":\"ListItem\",\"position\":2,\"name\":\"Obchod\",\"item\":\"https:\\\/\\\/jemnezrozeni.cz\\\/obchod\\\/\"},{\"@type\":\"ListItem\",\"position\":3,\"name\":\"Afirma\u010dn\u00ed karty &#8211; sada 12 ks\"}]},{\"@type\":\"WebSite\",\"@id\":\"https:\\\/\\\/jemnezrozeni.cz\\\/#website\",\"url\":\"https:\\\/\\\/jemnezrozeni.cz\\\/\",\"name\":\"Jemn\u00e9 Zrozen\u00ed\",\"description\":\"Kompletn\u00ed p\u0159edporodn\u00ed p\u0159\u00edprava s Hypnoporodem\",\"publisher\":{\"@id\":\"https:\\\/\\\/jemnezrozeni.cz\\\/#organization\"},\"potentialAction\":[{\"@type\":\"SearchAction\",\"target\":{\"@type\":\"EntryPoint\",\"urlTemplate\":\"https:\\\/\\\/jemnezrozeni.cz\\\/?s={search_term_string}\"},\"query-input\":{\"@type\":\"PropertyValueSpecification\",\"valueRequired\":true,\"valueName\":\"search_term_string\"}}],\"inLanguage\":\"en-US\"},{\"@type\":\"Organization\",\"@id\":\"https:\\\/\\\/jemnezrozeni.cz\\\/#organization\",\"name\":\"Jemn\u00e9 Zrozen\u00ed\",\"url\":\"https:\\\/\\\/jemnezrozeni.cz\\\/\",\"logo\":{\"@type\":\"ImageObject\",\"inLanguage\":\"en-US\",\"@id\":\"https:\\\/\\\/jemnezrozeni.cz\\\/#\\\/schema\\\/logo\\\/image\\\/\",\"url\":\"https:\\\/\\\/jemnezrozeni.cz\\\/wp-content\\\/uploads\\\/2017\\\/07\\\/5105fe_e925fe50f82f46d4993b5ed5c97281a9-mv2.jpg\",\"contentUrl\":\"https:\\\/\\\/jemnezrozeni.cz\\\/wp-content\\\/uploads\\\/2017\\\/07\\\/5105fe_e925fe50f82f46d4993b5ed5c97281a9-mv2.jpg\",\"width\":350,\"height\":250,\"caption\":\"Jemn\u00e9 Zrozen\u00ed\"},\"image\":{\"@id\":\"https:\\\/\\\/jemnezrozeni.cz\\\/#\\\/schema\\\/logo\\\/image\\\/\"}}]}<\/script>\n<!-- \/ Yoast SEO plugin. -->","yoast_head_json":{"title":"Afirma\u010dn\u00ed karty - sada 12 ks - Jemn\u00e9 Zrozen\u00ed","robots":{"index":"index","follow":"follow","max-snippet":"max-snippet:-1","max-image-preview":"max-image-preview:large","max-video-preview":"max-video-preview:-1"},"canonical":"https:\/\/jemnezrozeni.cz\/produkt\/afirmacni-karty-sada-12-ks\/","og_locale":"en_US","og_type":"article","og_title":"Afirma\u010dn\u00ed karty - sada 12 ks - Jemn\u00e9 Zrozen\u00ed","og_description":"Pracovn\u00ed afirma\u010dn\u00ed karty pro klidn\u00e9 t\u011bhotenstv\u00ed a p\u0159\u00edpravu na porod. Vyberte si 12 karet, kter\u00e9 se V\u00e1m l\u00edb\u00ed\u00a0a p\u0159ipravte se na porod t\u00edm nejlep\u0161\u00edm mo\u017en\u00fdm zp\u016fsobem. Karty si um\u00edst\u011bte na lednici nebo si vytvo\u0159te vlastn\u00ed porodn\u00ed n\u00e1st\u011bnku. P\u0159i n\u00e1kupu sady 12 ks &#8211; zv\u00fdhodn\u011bn\u00e1 cena.","og_url":"https:\/\/jemnezrozeni.cz\/produkt\/afirmacni-karty-sada-12-ks\/","og_site_name":"Jemn\u00e9 Zrozen\u00ed","article_modified_time":"2021-04-16T13:12:19+00:00","og_image":[{"width":2048,"height":1365,"url":"https:\/\/jemnezrozeni.cz\/wp-content\/uploads\/2017\/10\/img_7740-1.jpg","type":"image\/jpeg"}],"twitter_card":"summary_large_image","schema":{"@context":"https:\/\/schema.org","@graph":[{"@type":"WebPage","@id":"https:\/\/jemnezrozeni.cz\/produkt\/afirmacni-karty-sada-12-ks\/","url":"https:\/\/jemnezrozeni.cz\/produkt\/afirmacni-karty-sada-12-ks\/","name":"Afirma\u010dn\u00ed karty - sada 12 ks - Jemn\u00e9 Zrozen\u00ed","isPartOf":{"@id":"https:\/\/jemnezrozeni.cz\/#website"},"primaryImageOfPage":{"@id":"https:\/\/jemnezrozeni.cz\/produkt\/afirmacni-karty-sada-12-ks\/#primaryimage"},"image":{"@id":"https:\/\/jemnezrozeni.cz\/produkt\/afirmacni-karty-sada-12-ks\/#primaryimage"},"thumbnailUrl":"https:\/\/jemnezrozeni.cz\/wp-content\/uploads\/2017\/10\/img_7740-1.jpg","datePublished":"2018-02-05T13:14:41+00:00","dateModified":"2021-04-16T13:12:19+00:00","breadcrumb":{"@id":"https:\/\/jemnezrozeni.cz\/produkt\/afirmacni-karty-sada-12-ks\/#breadcrumb"},"inLanguage":"en-US","potentialAction":[{"@type":"ReadAction","target":["https:\/\/jemnezrozeni.cz\/produkt\/afirmacni-karty-sada-12-ks\/"]}]},{"@type":"ImageObject","inLanguage":"en-US","@id":"https:\/\/jemnezrozeni.cz\/produkt\/afirmacni-karty-sada-12-ks\/#primaryimage","url":"https:\/\/jemnezrozeni.cz\/wp-content\/uploads\/2017\/10\/img_7740-1.jpg","contentUrl":"https:\/\/jemnezrozeni.cz\/wp-content\/uploads\/2017\/10\/img_7740-1.jpg","width":2048,"height":1365},{"@type":"BreadcrumbList","@id":"https:\/\/jemnezrozeni.cz\/produkt\/afirmacni-karty-sada-12-ks\/#breadcrumb","itemListElement":[{"@type":"ListItem","position":1,"name":"Dom\u016f","item":"https:\/\/jemnezrozeni.cz\/en\/"},{"@type":"ListItem","position":2,"name":"Obchod","item":"https:\/\/jemnezrozeni.cz\/obchod\/"},{"@type":"ListItem","position":3,"name":"Afirma\u010dn\u00ed karty &#8211; sada 12 ks"}]},{"@type":"WebSite","@id":"https:\/\/jemnezrozeni.cz\/#website","url":"https:\/\/jemnezrozeni.cz\/","name":"Jemn\u00e9 Zrozen\u00ed","description":"Kompletn\u00ed p\u0159edporodn\u00ed p\u0159\u00edprava s Hypnoporodem","publisher":{"@id":"https:\/\/jemnezrozeni.cz\/#organization"},"potentialAction":[{"@type":"SearchAction","target":{"@type":"EntryPoint","urlTemplate":"https:\/\/jemnezrozeni.cz\/?s={search_term_string}"},"query-input":{"@type":"PropertyValueSpecification","valueRequired":true,"valueName":"search_term_string"}}],"inLanguage":"en-US"},{"@type":"Organization","@id":"https:\/\/jemnezrozeni.cz\/#organization","name":"Jemn\u00e9 Zrozen\u00ed","url":"https:\/\/jemnezrozeni.cz\/","logo":{"@type":"ImageObject","inLanguage":"en-US","@id":"https:\/\/jemnezrozeni.cz\/#\/schema\/logo\/image\/","url":"https:\/\/jemnezrozeni.cz\/wp-content\/uploads\/2017\/07\/5105fe_e925fe50f82f46d4993b5ed5c97281a9-mv2.jpg","contentUrl":"https:\/\/jemnezrozeni.cz\/wp-content\/uploads\/2017\/07\/5105fe_e925fe50f82f46d4993b5ed5c97281a9-mv2.jpg","width":350,"height":250,"caption":"Jemn\u00e9 Zrozen\u00ed"},"image":{"@id":"https:\/\/jemnezrozeni.cz\/#\/schema\/logo\/image\/"}}]}},"_links":{"self":[{"href":"https:\/\/jemnezrozeni.cz\/en\/wp-json\/wp\/v2\/product\/1653","targetHints":{"allow":["GET"]}}],"collection":[{"href":"https:\/\/jemnezrozeni.cz\/en\/wp-json\/wp\/v2\/product"}],"about":[{"href":"https:\/\/jemnezrozeni.cz\/en\/wp-json\/wp\/v2\/types\/product"}],"replies":[{"embeddable":true,"href":"https:\/\/jemnezrozeni.cz\/en\/wp-json\/wp\/v2\/comments?post=1653"}],"wp:featuredmedia":[{"embeddable":true,"href":"https:\/\/jemnezrozeni.cz\/en\/wp-json\/wp\/v2\/media\/619"}],"wp:attachment":[{"href":"https:\/\/jemnezrozeni.cz\/en\/wp-json\/wp\/v2\/media?parent=1653"}],"wp:term":[{"taxonomy":"product_brand","embeddable":true,"href":"https:\/\/jemnezrozeni.cz\/en\/wp-json\/wp\/v2\/product_brand?post=1653"},{"taxonomy":"product_cat","embeddable":true,"href":"https:\/\/jemnezrozeni.cz\/en\/wp-json\/wp\/v2\/product_cat?post=1653"},{"taxonomy":"product_tag","embeddable":true,"href":"https:\/\/jemnezrozeni.cz\/en\/wp-json\/wp\/v2\/product_tag?post=1653"}],"curies":[{"name":"wp","href":"https:\/\/api.w.org\/{rel}","templated":true}]}}