{"id":1138,"date":"2017-12-06T00:19:56","date_gmt":"2017-12-05T23:19:56","guid":{"rendered":"http:\/\/jemnezrozeni.cz\/?post_type=product&#038;p=1138"},"modified":"2023-04-06T12:39:33","modified_gmt":"2023-04-06T10:39:33","slug":"relaxace-hlubokeho-uvolneni","status":"publish","type":"product","link":"https:\/\/jemnezrozeni.cz\/en\/produkt\/relaxace-hlubokeho-uvolneni\/","title":{"rendered":"Relaxace hlubok\u00e9ho uvoln\u011bn\u00ed"},"content":{"rendered":"<p>Tato n\u00e1dhern\u00e1 relaxace je pro obdob\u00ed t\u011bhotenstv\u00ed, ale m\u016f\u017ee b\u00fdt pou\u017eita tak\u00e9 u porodu. Je to z\u00e1kladn\u00ed relaxace, kter\u00e1 navozuje hlubok\u00e9 uvoln\u011bn\u00ed. Pokud jste nikdy p\u0159edt\u00edm relaxaci neprov\u00e1d\u011bla, doporu\u010dujeme za\u010d\u00edt touto relaxac\u00ed a pokra\u010dovat na zahradu sn\u016f a dal\u0161\u00ed. Relaxaci doporu\u010dujeme poslouchat na klidn\u00e9m, bezpe\u010dn\u00e9m m\u00edst\u011b v pr\u016fb\u011bhu dne nebo i ve\u010der p\u0159ed span\u00edm. Relaxaci neposlouchejte p\u0159i \u0159\u00edzen\u00ed auta nebo stroje. D\u00e9lka nahr\u00e1vky je 18:01 minut.<\/p>\n","protected":false},"excerpt":{"rendered":"<p>Tato n\u00e1dhern\u00e1 relaxace je pro obdob\u00ed t\u011bhotenstv\u00ed, ale m\u016f\u017ee b\u00fdt pou\u017eita tak\u00e9 u porodu. Je to z\u00e1kladn\u00ed relaxace, kter\u00e1 navozuje hlubok\u00e9 uvoln\u011bn\u00ed. Pokud jste nikdy p\u0159edt\u00edm relaxaci neprov\u00e1d\u011bla, doporu\u010dujeme za\u010d\u00edt touto relaxac\u00ed a pokra\u010dovat na zahradu sn\u016f a dal\u0161\u00ed. Relaxaci doporu\u010dujeme poslouchat na klidn\u00e9m, bezpe\u010dn\u00e9m m\u00edst\u011b v pr\u016fb\u011bhu dne nebo i ve\u010der p\u0159ed span\u00edm. Relaxaci [&hellip;]<\/p>\n","protected":false},"featured_media":1141,"comment_status":"open","ping_status":"closed","template":"","meta":{"_acf_changed":false},"product_brand":[],"product_cat":[40],"product_tag":[],"class_list":{"0":"post-1138","1":"product","2":"type-product","3":"status-publish","4":"has-post-thumbnail","6":"product_cat-mp3-nahravky","8":"first","9":"instock","10":"downloadable","11":"virtual","12":"taxable","13":"purchasable","14":"product-type-simple"},"acf":[],"yoast_head":"<!-- This site is optimized with the Yoast SEO plugin v27.2 - https:\/\/yoast.com\/product\/yoast-seo-wordpress\/ -->\n<title>Relaxace hlubok\u00e9ho uvoln\u011bn\u00ed - Jemn\u00e9 Zrozen\u00ed<\/title>\n<meta name=\"robots\" content=\"index, follow, max-snippet:-1, max-image-preview:large, max-video-preview:-1\" \/>\n<link rel=\"canonical\" href=\"https:\/\/jemnezrozeni.cz\/en\/produkt\/relaxace-hlubokeho-uvolneni\/\" \/>\n<meta property=\"og:locale\" content=\"en_US\" \/>\n<meta property=\"og:type\" content=\"article\" \/>\n<meta property=\"og:title\" content=\"Relaxace hlubok\u00e9ho uvoln\u011bn\u00ed - Jemn\u00e9 Zrozen\u00ed\" \/>\n<meta property=\"og:description\" content=\"Tato n\u00e1dhern\u00e1 relaxace je pro obdob\u00ed t\u011bhotenstv\u00ed, ale m\u016f\u017ee b\u00fdt pou\u017eita tak\u00e9 u porodu. Je to z\u00e1kladn\u00ed relaxace, kter\u00e1 navozuje hlubok\u00e9 uvoln\u011bn\u00ed. Pokud jste nikdy p\u0159edt\u00edm relaxaci neprov\u00e1d\u011bla, doporu\u010dujeme za\u010d\u00edt touto relaxac\u00ed a pokra\u010dovat na zahradu sn\u016f a dal\u0161\u00ed. Relaxaci doporu\u010dujeme poslouchat na klidn\u00e9m, bezpe\u010dn\u00e9m m\u00edst\u011b v pr\u016fb\u011bhu dne nebo i ve\u010der p\u0159ed span\u00edm. Relaxaci [&hellip;]\" \/>\n<meta property=\"og:url\" content=\"https:\/\/jemnezrozeni.cz\/en\/produkt\/relaxace-hlubokeho-uvolneni\/\" \/>\n<meta property=\"og:site_name\" content=\"Jemn\u00e9 Zrozen\u00ed\" \/>\n<meta property=\"article:modified_time\" content=\"2023-04-06T10:39:33+00:00\" \/>\n<meta property=\"og:image\" content=\"https:\/\/jemnezrozeni.cz\/wp-content\/uploads\/2017\/12\/istock_83590551_large.jpg\" \/>\n\t<meta property=\"og:image:width\" content=\"2048\" \/>\n\t<meta property=\"og:image:height\" content=\"1213\" \/>\n\t<meta property=\"og:image:type\" content=\"image\/jpeg\" \/>\n<meta name=\"twitter:card\" content=\"summary_large_image\" \/>\n<script type=\"application\/ld+json\" class=\"yoast-schema-graph\">{\"@context\":\"https:\/\/schema.org\",\"@graph\":[{\"@type\":\"WebPage\",\"@id\":\"https:\/\/jemnezrozeni.cz\/en\/produkt\/relaxace-hlubokeho-uvolneni\/\",\"url\":\"https:\/\/jemnezrozeni.cz\/en\/produkt\/relaxace-hlubokeho-uvolneni\/\",\"name\":\"Relaxace hlubok\u00e9ho uvoln\u011bn\u00ed - Jemn\u00e9 Zrozen\u00ed\",\"isPartOf\":{\"@id\":\"https:\/\/jemnezrozeni.cz\/#website\"},\"primaryImageOfPage\":{\"@id\":\"https:\/\/jemnezrozeni.cz\/en\/produkt\/relaxace-hlubokeho-uvolneni\/#primaryimage\"},\"image\":{\"@id\":\"https:\/\/jemnezrozeni.cz\/en\/produkt\/relaxace-hlubokeho-uvolneni\/#primaryimage\"},\"thumbnailUrl\":\"https:\/\/jemnezrozeni.cz\/wp-content\/uploads\/2017\/12\/istock_83590551_large.jpg\",\"datePublished\":\"2017-12-05T23:19:56+00:00\",\"dateModified\":\"2023-04-06T10:39:33+00:00\",\"breadcrumb\":{\"@id\":\"https:\/\/jemnezrozeni.cz\/en\/produkt\/relaxace-hlubokeho-uvolneni\/#breadcrumb\"},\"inLanguage\":\"en-US\",\"potentialAction\":[{\"@type\":\"ReadAction\",\"target\":[\"https:\/\/jemnezrozeni.cz\/en\/produkt\/relaxace-hlubokeho-uvolneni\/\"]}]},{\"@type\":\"ImageObject\",\"inLanguage\":\"en-US\",\"@id\":\"https:\/\/jemnezrozeni.cz\/en\/produkt\/relaxace-hlubokeho-uvolneni\/#primaryimage\",\"url\":\"https:\/\/jemnezrozeni.cz\/wp-content\/uploads\/2017\/12\/istock_83590551_large.jpg\",\"contentUrl\":\"https:\/\/jemnezrozeni.cz\/wp-content\/uploads\/2017\/12\/istock_83590551_large.jpg\",\"width\":2048,\"height\":1213},{\"@type\":\"BreadcrumbList\",\"@id\":\"https:\/\/jemnezrozeni.cz\/en\/produkt\/relaxace-hlubokeho-uvolneni\/#breadcrumb\",\"itemListElement\":[{\"@type\":\"ListItem\",\"position\":1,\"name\":\"Dom\u016f\",\"item\":\"https:\/\/jemnezrozeni.cz\/en\/\"},{\"@type\":\"ListItem\",\"position\":2,\"name\":\"Obchod\",\"item\":\"https:\/\/jemnezrozeni.cz\/obchod\/\"},{\"@type\":\"ListItem\",\"position\":3,\"name\":\"Relaxace hlubok\u00e9ho uvoln\u011bn\u00ed\"}]},{\"@type\":\"WebSite\",\"@id\":\"https:\/\/jemnezrozeni.cz\/#website\",\"url\":\"https:\/\/jemnezrozeni.cz\/\",\"name\":\"Jemn\u00e9 Zrozen\u00ed\",\"description\":\"Kompletn\u00ed p\u0159edporodn\u00ed p\u0159\u00edprava s Hypnoporodem\",\"publisher\":{\"@id\":\"https:\/\/jemnezrozeni.cz\/#organization\"},\"potentialAction\":[{\"@type\":\"SearchAction\",\"target\":{\"@type\":\"EntryPoint\",\"urlTemplate\":\"https:\/\/jemnezrozeni.cz\/?s={search_term_string}\"},\"query-input\":{\"@type\":\"PropertyValueSpecification\",\"valueRequired\":true,\"valueName\":\"search_term_string\"}}],\"inLanguage\":\"en-US\"},{\"@type\":\"Organization\",\"@id\":\"https:\/\/jemnezrozeni.cz\/#organization\",\"name\":\"Jemn\u00e9 Zrozen\u00ed\",\"url\":\"https:\/\/jemnezrozeni.cz\/\",\"logo\":{\"@type\":\"ImageObject\",\"inLanguage\":\"en-US\",\"@id\":\"https:\/\/jemnezrozeni.cz\/#\/schema\/logo\/image\/\",\"url\":\"https:\/\/jemnezrozeni.cz\/wp-content\/uploads\/2017\/07\/5105fe_e925fe50f82f46d4993b5ed5c97281a9-mv2.jpg\",\"contentUrl\":\"https:\/\/jemnezrozeni.cz\/wp-content\/uploads\/2017\/07\/5105fe_e925fe50f82f46d4993b5ed5c97281a9-mv2.jpg\",\"width\":350,\"height\":250,\"caption\":\"Jemn\u00e9 Zrozen\u00ed\"},\"image\":{\"@id\":\"https:\/\/jemnezrozeni.cz\/#\/schema\/logo\/image\/\"}}]}<\/script>\n<!-- \/ Yoast SEO plugin. -->","yoast_head_json":{"title":"Relaxace hlubok\u00e9ho uvoln\u011bn\u00ed - Jemn\u00e9 Zrozen\u00ed","robots":{"index":"index","follow":"follow","max-snippet":"max-snippet:-1","max-image-preview":"max-image-preview:large","max-video-preview":"max-video-preview:-1"},"canonical":"https:\/\/jemnezrozeni.cz\/en\/produkt\/relaxace-hlubokeho-uvolneni\/","og_locale":"en_US","og_type":"article","og_title":"Relaxace hlubok\u00e9ho uvoln\u011bn\u00ed - Jemn\u00e9 Zrozen\u00ed","og_description":"Tato n\u00e1dhern\u00e1 relaxace je pro obdob\u00ed t\u011bhotenstv\u00ed, ale m\u016f\u017ee b\u00fdt pou\u017eita tak\u00e9 u porodu. Je to z\u00e1kladn\u00ed relaxace, kter\u00e1 navozuje hlubok\u00e9 uvoln\u011bn\u00ed. Pokud jste nikdy p\u0159edt\u00edm relaxaci neprov\u00e1d\u011bla, doporu\u010dujeme za\u010d\u00edt touto relaxac\u00ed a pokra\u010dovat na zahradu sn\u016f a dal\u0161\u00ed. Relaxaci doporu\u010dujeme poslouchat na klidn\u00e9m, bezpe\u010dn\u00e9m m\u00edst\u011b v pr\u016fb\u011bhu dne nebo i ve\u010der p\u0159ed span\u00edm. Relaxaci [&hellip;]","og_url":"https:\/\/jemnezrozeni.cz\/en\/produkt\/relaxace-hlubokeho-uvolneni\/","og_site_name":"Jemn\u00e9 Zrozen\u00ed","article_modified_time":"2023-04-06T10:39:33+00:00","og_image":[{"width":2048,"height":1213,"url":"https:\/\/jemnezrozeni.cz\/wp-content\/uploads\/2017\/12\/istock_83590551_large.jpg","type":"image\/jpeg"}],"twitter_card":"summary_large_image","schema":{"@context":"https:\/\/schema.org","@graph":[{"@type":"WebPage","@id":"https:\/\/jemnezrozeni.cz\/en\/produkt\/relaxace-hlubokeho-uvolneni\/","url":"https:\/\/jemnezrozeni.cz\/en\/produkt\/relaxace-hlubokeho-uvolneni\/","name":"Relaxace hlubok\u00e9ho uvoln\u011bn\u00ed - Jemn\u00e9 Zrozen\u00ed","isPartOf":{"@id":"https:\/\/jemnezrozeni.cz\/#website"},"primaryImageOfPage":{"@id":"https:\/\/jemnezrozeni.cz\/en\/produkt\/relaxace-hlubokeho-uvolneni\/#primaryimage"},"image":{"@id":"https:\/\/jemnezrozeni.cz\/en\/produkt\/relaxace-hlubokeho-uvolneni\/#primaryimage"},"thumbnailUrl":"https:\/\/jemnezrozeni.cz\/wp-content\/uploads\/2017\/12\/istock_83590551_large.jpg","datePublished":"2017-12-05T23:19:56+00:00","dateModified":"2023-04-06T10:39:33+00:00","breadcrumb":{"@id":"https:\/\/jemnezrozeni.cz\/en\/produkt\/relaxace-hlubokeho-uvolneni\/#breadcrumb"},"inLanguage":"en-US","potentialAction":[{"@type":"ReadAction","target":["https:\/\/jemnezrozeni.cz\/en\/produkt\/relaxace-hlubokeho-uvolneni\/"]}]},{"@type":"ImageObject","inLanguage":"en-US","@id":"https:\/\/jemnezrozeni.cz\/en\/produkt\/relaxace-hlubokeho-uvolneni\/#primaryimage","url":"https:\/\/jemnezrozeni.cz\/wp-content\/uploads\/2017\/12\/istock_83590551_large.jpg","contentUrl":"https:\/\/jemnezrozeni.cz\/wp-content\/uploads\/2017\/12\/istock_83590551_large.jpg","width":2048,"height":1213},{"@type":"BreadcrumbList","@id":"https:\/\/jemnezrozeni.cz\/en\/produkt\/relaxace-hlubokeho-uvolneni\/#breadcrumb","itemListElement":[{"@type":"ListItem","position":1,"name":"Dom\u016f","item":"https:\/\/jemnezrozeni.cz\/en\/"},{"@type":"ListItem","position":2,"name":"Obchod","item":"https:\/\/jemnezrozeni.cz\/obchod\/"},{"@type":"ListItem","position":3,"name":"Relaxace hlubok\u00e9ho uvoln\u011bn\u00ed"}]},{"@type":"WebSite","@id":"https:\/\/jemnezrozeni.cz\/#website","url":"https:\/\/jemnezrozeni.cz\/","name":"Jemn\u00e9 Zrozen\u00ed","description":"Kompletn\u00ed p\u0159edporodn\u00ed p\u0159\u00edprava s Hypnoporodem","publisher":{"@id":"https:\/\/jemnezrozeni.cz\/#organization"},"potentialAction":[{"@type":"SearchAction","target":{"@type":"EntryPoint","urlTemplate":"https:\/\/jemnezrozeni.cz\/?s={search_term_string}"},"query-input":{"@type":"PropertyValueSpecification","valueRequired":true,"valueName":"search_term_string"}}],"inLanguage":"en-US"},{"@type":"Organization","@id":"https:\/\/jemnezrozeni.cz\/#organization","name":"Jemn\u00e9 Zrozen\u00ed","url":"https:\/\/jemnezrozeni.cz\/","logo":{"@type":"ImageObject","inLanguage":"en-US","@id":"https:\/\/jemnezrozeni.cz\/#\/schema\/logo\/image\/","url":"https:\/\/jemnezrozeni.cz\/wp-content\/uploads\/2017\/07\/5105fe_e925fe50f82f46d4993b5ed5c97281a9-mv2.jpg","contentUrl":"https:\/\/jemnezrozeni.cz\/wp-content\/uploads\/2017\/07\/5105fe_e925fe50f82f46d4993b5ed5c97281a9-mv2.jpg","width":350,"height":250,"caption":"Jemn\u00e9 Zrozen\u00ed"},"image":{"@id":"https:\/\/jemnezrozeni.cz\/#\/schema\/logo\/image\/"}}]}},"_links":{"self":[{"href":"https:\/\/jemnezrozeni.cz\/en\/wp-json\/wp\/v2\/product\/1138","targetHints":{"allow":["GET"]}}],"collection":[{"href":"https:\/\/jemnezrozeni.cz\/en\/wp-json\/wp\/v2\/product"}],"about":[{"href":"https:\/\/jemnezrozeni.cz\/en\/wp-json\/wp\/v2\/types\/product"}],"replies":[{"embeddable":true,"href":"https:\/\/jemnezrozeni.cz\/en\/wp-json\/wp\/v2\/comments?post=1138"}],"wp:featuredmedia":[{"embeddable":true,"href":"https:\/\/jemnezrozeni.cz\/en\/wp-json\/wp\/v2\/media\/1141"}],"wp:attachment":[{"href":"https:\/\/jemnezrozeni.cz\/en\/wp-json\/wp\/v2\/media?parent=1138"}],"wp:term":[{"taxonomy":"product_brand","embeddable":true,"href":"https:\/\/jemnezrozeni.cz\/en\/wp-json\/wp\/v2\/product_brand?post=1138"},{"taxonomy":"product_cat","embeddable":true,"href":"https:\/\/jemnezrozeni.cz\/en\/wp-json\/wp\/v2\/product_cat?post=1138"},{"taxonomy":"product_tag","embeddable":true,"href":"https:\/\/jemnezrozeni.cz\/en\/wp-json\/wp\/v2\/product_tag?post=1138"}],"curies":[{"name":"wp","href":"https:\/\/api.w.org\/{rel}","templated":true}]}}