{"id":1127,"date":"2017-12-05T20:33:42","date_gmt":"2017-12-05T19:33:42","guid":{"rendered":"http:\/\/jemnezrozeni.cz\/?post_type=product&#038;p=1127"},"modified":"2024-08-22T22:46:20","modified_gmt":"2024-08-22T20:46:20","slug":"relaxacni-hudba-60-minut","status":"publish","type":"product","link":"https:\/\/jemnezrozeni.cz\/en\/produkt\/relaxacni-hudba-60-minut\/","title":{"rendered":"Relaxa\u010dn\u00ed hudba &#8211; 60 minut"},"content":{"rendered":"<p>Kr\u00e1sn\u00e1 relaxa\u010dn\u00ed hudba speci\u00e1ln\u011b p\u0159ipraven\u00e1 pro t\u011bhotenstv\u00ed a porod. Tato hudba je jako podklad u v\u0161ech na\u0161ich relaxac\u00ed a vy se ji m\u016f\u017eete u\u017e\u00edt v pr\u016fb\u011bhu t\u011bhotenstv\u00ed nebo u porodu. M\u016f\u017eete ji hr\u00e1t v pozad\u00ed v pr\u016fb\u011bhu sv\u00e9ho dne a u\u017e\u00edvat si pocit uvoln\u011bn\u00ed, kter\u00fd c\u00edt\u00edte, kdy\u017e poslouch\u00e1te na\u0161e relaxace. D\u00e9lka nahr\u00e1vky je 60 minut.<\/p>\n","protected":false},"excerpt":{"rendered":"<p>Kr\u00e1sn\u00e1 relaxa\u010dn\u00ed hudba speci\u00e1ln\u011b p\u0159ipraven\u00e1 pro t\u011bhotenstv\u00ed a porod. Tato hudba je jako podklad u v\u0161ech na\u0161ich relaxac\u00ed a vy se ji m\u016f\u017eete u\u017e\u00edt v pr\u016fb\u011bhu t\u011bhotenstv\u00ed nebo u porodu. M\u016f\u017eete ji hr\u00e1t v pozad\u00ed v pr\u016fb\u011bhu sv\u00e9ho dne a u\u017e\u00edvat si pocit uvoln\u011bn\u00ed, kter\u00fd c\u00edt\u00edte, kdy\u017e poslouch\u00e1te na\u0161e relaxace. D\u00e9lka nahr\u00e1vky je 60 minut.<\/p>\n","protected":false},"featured_media":970,"comment_status":"open","ping_status":"closed","template":"","meta":{"_acf_changed":false},"product_brand":[],"product_cat":[40],"product_tag":[],"class_list":{"0":"post-1127","1":"product","2":"type-product","3":"status-publish","4":"has-post-thumbnail","6":"product_cat-mp3-nahravky","8":"first","9":"instock","10":"downloadable","11":"virtual","12":"taxable","13":"purchasable","14":"product-type-simple"},"acf":[],"yoast_head":"<!-- This site is optimized with the Yoast SEO plugin v27.3 - https:\/\/yoast.com\/product\/yoast-seo-wordpress\/ -->\n<title>Relaxa\u010dn\u00ed hudba - 60 minut - Jemn\u00e9 Zrozen\u00ed<\/title>\n<meta name=\"robots\" content=\"index, follow, max-snippet:-1, max-image-preview:large, max-video-preview:-1\" \/>\n<link rel=\"canonical\" href=\"https:\/\/jemnezrozeni.cz\/produkt\/relaxacni-hudba-60-minut\/\" \/>\n<meta property=\"og:locale\" content=\"en_US\" \/>\n<meta property=\"og:type\" content=\"article\" \/>\n<meta property=\"og:title\" content=\"Relaxa\u010dn\u00ed hudba - 60 minut - Jemn\u00e9 Zrozen\u00ed\" \/>\n<meta property=\"og:description\" content=\"Kr\u00e1sn\u00e1 relaxa\u010dn\u00ed hudba speci\u00e1ln\u011b p\u0159ipraven\u00e1 pro t\u011bhotenstv\u00ed a porod. Tato hudba je jako podklad u v\u0161ech na\u0161ich relaxac\u00ed a vy se ji m\u016f\u017eete u\u017e\u00edt v pr\u016fb\u011bhu t\u011bhotenstv\u00ed nebo u porodu. M\u016f\u017eete ji hr\u00e1t v pozad\u00ed v pr\u016fb\u011bhu sv\u00e9ho dne a u\u017e\u00edvat si pocit uvoln\u011bn\u00ed, kter\u00fd c\u00edt\u00edte, kdy\u017e poslouch\u00e1te na\u0161e relaxace. D\u00e9lka nahr\u00e1vky je 60 minut.\" \/>\n<meta property=\"og:url\" content=\"https:\/\/jemnezrozeni.cz\/produkt\/relaxacni-hudba-60-minut\/\" \/>\n<meta property=\"og:site_name\" content=\"Jemn\u00e9 Zrozen\u00ed\" \/>\n<meta property=\"article:modified_time\" content=\"2024-08-22T20:46:20+00:00\" \/>\n<meta property=\"og:image\" content=\"https:\/\/jemnezrozeni.cz\/wp-content\/uploads\/2017\/10\/beach-2879929_1920.jpg\" \/>\n\t<meta property=\"og:image:width\" content=\"1920\" \/>\n\t<meta property=\"og:image:height\" content=\"1281\" \/>\n\t<meta property=\"og:image:type\" content=\"image\/jpeg\" \/>\n<meta name=\"twitter:card\" content=\"summary_large_image\" \/>\n<script type=\"application\/ld+json\" class=\"yoast-schema-graph\">{\"@context\":\"https:\\\/\\\/schema.org\",\"@graph\":[{\"@type\":\"WebPage\",\"@id\":\"https:\\\/\\\/jemnezrozeni.cz\\\/produkt\\\/relaxacni-hudba-60-minut\\\/\",\"url\":\"https:\\\/\\\/jemnezrozeni.cz\\\/produkt\\\/relaxacni-hudba-60-minut\\\/\",\"name\":\"Relaxa\u010dn\u00ed hudba - 60 minut - Jemn\u00e9 Zrozen\u00ed\",\"isPartOf\":{\"@id\":\"https:\\\/\\\/jemnezrozeni.cz\\\/#website\"},\"primaryImageOfPage\":{\"@id\":\"https:\\\/\\\/jemnezrozeni.cz\\\/produkt\\\/relaxacni-hudba-60-minut\\\/#primaryimage\"},\"image\":{\"@id\":\"https:\\\/\\\/jemnezrozeni.cz\\\/produkt\\\/relaxacni-hudba-60-minut\\\/#primaryimage\"},\"thumbnailUrl\":\"https:\\\/\\\/jemnezrozeni.cz\\\/wp-content\\\/uploads\\\/2017\\\/10\\\/beach-2879929_1920.jpg\",\"datePublished\":\"2017-12-05T19:33:42+00:00\",\"dateModified\":\"2024-08-22T20:46:20+00:00\",\"breadcrumb\":{\"@id\":\"https:\\\/\\\/jemnezrozeni.cz\\\/produkt\\\/relaxacni-hudba-60-minut\\\/#breadcrumb\"},\"inLanguage\":\"en-US\",\"potentialAction\":[{\"@type\":\"ReadAction\",\"target\":[\"https:\\\/\\\/jemnezrozeni.cz\\\/produkt\\\/relaxacni-hudba-60-minut\\\/\"]}]},{\"@type\":\"ImageObject\",\"inLanguage\":\"en-US\",\"@id\":\"https:\\\/\\\/jemnezrozeni.cz\\\/produkt\\\/relaxacni-hudba-60-minut\\\/#primaryimage\",\"url\":\"https:\\\/\\\/jemnezrozeni.cz\\\/wp-content\\\/uploads\\\/2017\\\/10\\\/beach-2879929_1920.jpg\",\"contentUrl\":\"https:\\\/\\\/jemnezrozeni.cz\\\/wp-content\\\/uploads\\\/2017\\\/10\\\/beach-2879929_1920.jpg\",\"width\":1920,\"height\":1281},{\"@type\":\"BreadcrumbList\",\"@id\":\"https:\\\/\\\/jemnezrozeni.cz\\\/produkt\\\/relaxacni-hudba-60-minut\\\/#breadcrumb\",\"itemListElement\":[{\"@type\":\"ListItem\",\"position\":1,\"name\":\"Dom\u016f\",\"item\":\"https:\\\/\\\/jemnezrozeni.cz\\\/en\\\/\"},{\"@type\":\"ListItem\",\"position\":2,\"name\":\"Obchod\",\"item\":\"https:\\\/\\\/jemnezrozeni.cz\\\/obchod\\\/\"},{\"@type\":\"ListItem\",\"position\":3,\"name\":\"Relaxa\u010dn\u00ed hudba &#8211; 60 minut\"}]},{\"@type\":\"WebSite\",\"@id\":\"https:\\\/\\\/jemnezrozeni.cz\\\/#website\",\"url\":\"https:\\\/\\\/jemnezrozeni.cz\\\/\",\"name\":\"Jemn\u00e9 Zrozen\u00ed\",\"description\":\"Kompletn\u00ed p\u0159edporodn\u00ed p\u0159\u00edprava s Hypnoporodem\",\"publisher\":{\"@id\":\"https:\\\/\\\/jemnezrozeni.cz\\\/#organization\"},\"potentialAction\":[{\"@type\":\"SearchAction\",\"target\":{\"@type\":\"EntryPoint\",\"urlTemplate\":\"https:\\\/\\\/jemnezrozeni.cz\\\/?s={search_term_string}\"},\"query-input\":{\"@type\":\"PropertyValueSpecification\",\"valueRequired\":true,\"valueName\":\"search_term_string\"}}],\"inLanguage\":\"en-US\"},{\"@type\":\"Organization\",\"@id\":\"https:\\\/\\\/jemnezrozeni.cz\\\/#organization\",\"name\":\"Jemn\u00e9 Zrozen\u00ed\",\"url\":\"https:\\\/\\\/jemnezrozeni.cz\\\/\",\"logo\":{\"@type\":\"ImageObject\",\"inLanguage\":\"en-US\",\"@id\":\"https:\\\/\\\/jemnezrozeni.cz\\\/#\\\/schema\\\/logo\\\/image\\\/\",\"url\":\"https:\\\/\\\/jemnezrozeni.cz\\\/wp-content\\\/uploads\\\/2017\\\/07\\\/5105fe_e925fe50f82f46d4993b5ed5c97281a9-mv2.jpg\",\"contentUrl\":\"https:\\\/\\\/jemnezrozeni.cz\\\/wp-content\\\/uploads\\\/2017\\\/07\\\/5105fe_e925fe50f82f46d4993b5ed5c97281a9-mv2.jpg\",\"width\":350,\"height\":250,\"caption\":\"Jemn\u00e9 Zrozen\u00ed\"},\"image\":{\"@id\":\"https:\\\/\\\/jemnezrozeni.cz\\\/#\\\/schema\\\/logo\\\/image\\\/\"}}]}<\/script>\n<!-- \/ Yoast SEO plugin. -->","yoast_head_json":{"title":"Relaxa\u010dn\u00ed hudba - 60 minut - Jemn\u00e9 Zrozen\u00ed","robots":{"index":"index","follow":"follow","max-snippet":"max-snippet:-1","max-image-preview":"max-image-preview:large","max-video-preview":"max-video-preview:-1"},"canonical":"https:\/\/jemnezrozeni.cz\/produkt\/relaxacni-hudba-60-minut\/","og_locale":"en_US","og_type":"article","og_title":"Relaxa\u010dn\u00ed hudba - 60 minut - Jemn\u00e9 Zrozen\u00ed","og_description":"Kr\u00e1sn\u00e1 relaxa\u010dn\u00ed hudba speci\u00e1ln\u011b p\u0159ipraven\u00e1 pro t\u011bhotenstv\u00ed a porod. Tato hudba je jako podklad u v\u0161ech na\u0161ich relaxac\u00ed a vy se ji m\u016f\u017eete u\u017e\u00edt v pr\u016fb\u011bhu t\u011bhotenstv\u00ed nebo u porodu. M\u016f\u017eete ji hr\u00e1t v pozad\u00ed v pr\u016fb\u011bhu sv\u00e9ho dne a u\u017e\u00edvat si pocit uvoln\u011bn\u00ed, kter\u00fd c\u00edt\u00edte, kdy\u017e poslouch\u00e1te na\u0161e relaxace. D\u00e9lka nahr\u00e1vky je 60 minut.","og_url":"https:\/\/jemnezrozeni.cz\/produkt\/relaxacni-hudba-60-minut\/","og_site_name":"Jemn\u00e9 Zrozen\u00ed","article_modified_time":"2024-08-22T20:46:20+00:00","og_image":[{"width":1920,"height":1281,"url":"https:\/\/jemnezrozeni.cz\/wp-content\/uploads\/2017\/10\/beach-2879929_1920.jpg","type":"image\/jpeg"}],"twitter_card":"summary_large_image","schema":{"@context":"https:\/\/schema.org","@graph":[{"@type":"WebPage","@id":"https:\/\/jemnezrozeni.cz\/produkt\/relaxacni-hudba-60-minut\/","url":"https:\/\/jemnezrozeni.cz\/produkt\/relaxacni-hudba-60-minut\/","name":"Relaxa\u010dn\u00ed hudba - 60 minut - Jemn\u00e9 Zrozen\u00ed","isPartOf":{"@id":"https:\/\/jemnezrozeni.cz\/#website"},"primaryImageOfPage":{"@id":"https:\/\/jemnezrozeni.cz\/produkt\/relaxacni-hudba-60-minut\/#primaryimage"},"image":{"@id":"https:\/\/jemnezrozeni.cz\/produkt\/relaxacni-hudba-60-minut\/#primaryimage"},"thumbnailUrl":"https:\/\/jemnezrozeni.cz\/wp-content\/uploads\/2017\/10\/beach-2879929_1920.jpg","datePublished":"2017-12-05T19:33:42+00:00","dateModified":"2024-08-22T20:46:20+00:00","breadcrumb":{"@id":"https:\/\/jemnezrozeni.cz\/produkt\/relaxacni-hudba-60-minut\/#breadcrumb"},"inLanguage":"en-US","potentialAction":[{"@type":"ReadAction","target":["https:\/\/jemnezrozeni.cz\/produkt\/relaxacni-hudba-60-minut\/"]}]},{"@type":"ImageObject","inLanguage":"en-US","@id":"https:\/\/jemnezrozeni.cz\/produkt\/relaxacni-hudba-60-minut\/#primaryimage","url":"https:\/\/jemnezrozeni.cz\/wp-content\/uploads\/2017\/10\/beach-2879929_1920.jpg","contentUrl":"https:\/\/jemnezrozeni.cz\/wp-content\/uploads\/2017\/10\/beach-2879929_1920.jpg","width":1920,"height":1281},{"@type":"BreadcrumbList","@id":"https:\/\/jemnezrozeni.cz\/produkt\/relaxacni-hudba-60-minut\/#breadcrumb","itemListElement":[{"@type":"ListItem","position":1,"name":"Dom\u016f","item":"https:\/\/jemnezrozeni.cz\/en\/"},{"@type":"ListItem","position":2,"name":"Obchod","item":"https:\/\/jemnezrozeni.cz\/obchod\/"},{"@type":"ListItem","position":3,"name":"Relaxa\u010dn\u00ed hudba &#8211; 60 minut"}]},{"@type":"WebSite","@id":"https:\/\/jemnezrozeni.cz\/#website","url":"https:\/\/jemnezrozeni.cz\/","name":"Jemn\u00e9 Zrozen\u00ed","description":"Kompletn\u00ed p\u0159edporodn\u00ed p\u0159\u00edprava s Hypnoporodem","publisher":{"@id":"https:\/\/jemnezrozeni.cz\/#organization"},"potentialAction":[{"@type":"SearchAction","target":{"@type":"EntryPoint","urlTemplate":"https:\/\/jemnezrozeni.cz\/?s={search_term_string}"},"query-input":{"@type":"PropertyValueSpecification","valueRequired":true,"valueName":"search_term_string"}}],"inLanguage":"en-US"},{"@type":"Organization","@id":"https:\/\/jemnezrozeni.cz\/#organization","name":"Jemn\u00e9 Zrozen\u00ed","url":"https:\/\/jemnezrozeni.cz\/","logo":{"@type":"ImageObject","inLanguage":"en-US","@id":"https:\/\/jemnezrozeni.cz\/#\/schema\/logo\/image\/","url":"https:\/\/jemnezrozeni.cz\/wp-content\/uploads\/2017\/07\/5105fe_e925fe50f82f46d4993b5ed5c97281a9-mv2.jpg","contentUrl":"https:\/\/jemnezrozeni.cz\/wp-content\/uploads\/2017\/07\/5105fe_e925fe50f82f46d4993b5ed5c97281a9-mv2.jpg","width":350,"height":250,"caption":"Jemn\u00e9 Zrozen\u00ed"},"image":{"@id":"https:\/\/jemnezrozeni.cz\/#\/schema\/logo\/image\/"}}]}},"_links":{"self":[{"href":"https:\/\/jemnezrozeni.cz\/en\/wp-json\/wp\/v2\/product\/1127","targetHints":{"allow":["GET"]}}],"collection":[{"href":"https:\/\/jemnezrozeni.cz\/en\/wp-json\/wp\/v2\/product"}],"about":[{"href":"https:\/\/jemnezrozeni.cz\/en\/wp-json\/wp\/v2\/types\/product"}],"replies":[{"embeddable":true,"href":"https:\/\/jemnezrozeni.cz\/en\/wp-json\/wp\/v2\/comments?post=1127"}],"wp:featuredmedia":[{"embeddable":true,"href":"https:\/\/jemnezrozeni.cz\/en\/wp-json\/wp\/v2\/media\/970"}],"wp:attachment":[{"href":"https:\/\/jemnezrozeni.cz\/en\/wp-json\/wp\/v2\/media?parent=1127"}],"wp:term":[{"taxonomy":"product_brand","embeddable":true,"href":"https:\/\/jemnezrozeni.cz\/en\/wp-json\/wp\/v2\/product_brand?post=1127"},{"taxonomy":"product_cat","embeddable":true,"href":"https:\/\/jemnezrozeni.cz\/en\/wp-json\/wp\/v2\/product_cat?post=1127"},{"taxonomy":"product_tag","embeddable":true,"href":"https:\/\/jemnezrozeni.cz\/en\/wp-json\/wp\/v2\/product_tag?post=1127"}],"curies":[{"name":"wp","href":"https:\/\/api.w.org\/{rel}","templated":true}]}}